{"id":117,"date":"2016-09-23T16:15:47","date_gmt":"2016-09-23T14:15:47","guid":{"rendered":"https:\/\/arbeitskleidung.de\/shop\/?page_id=117"},"modified":"2020-06-21T22:12:31","modified_gmt":"2020-06-21T20:12:31","slug":"anfahrt","status":"publish","type":"page","link":"https:\/\/arbeitskleidung.de\/shop\/anfahrt","title":{"rendered":"Anfahrt"},"content":{"rendered":"<h1>Anfahrt<\/h1>\n<h4>Sie wollen wissen wie Sie zu uns gelangen?<\/h4>\n<p>Klicken Sie auf das unterhalb aufgef\u00fchrte Routenplaner Symbol oder rufen Sie zun\u00e4chst die gr\u00f6\u00dfere Karte auf, geben Ihren Standort ein und starten danach die Suche um eine detaillierte Wegbeschreibung zu erhalten.<\/p>\n<p><iframe loading=\"lazy\" style=\"border: 0;\" src=\"https:\/\/www.google.com\/maps\/embed?pb=!1m18!1m12!1m3!1d2619.960735652595!2d9.1967713158592!3d48.95423350190713!2m3!1f0!2f0!3f0!3m2!1i1024!2i768!4f13.1!3m3!1m2!1s0x4799d2571ea4df79%3A0xab093aab09dadeb7!2sArbeitskleidung+-+Michael+Waldenmaier!5e0!3m2!1sde!2sde!4v1474639992800\" width=\"100%\" height=\"450\" frameborder=\"0\" allowfullscreen=\"allowfullscreen\"><\/iframe><\/p>\n","protected":false},"excerpt":{"rendered":"<p>Anfahrt Sie wollen wissen wie Sie zu uns gelangen? Klicken Sie auf das unterhalb aufgef\u00fchrte Routenplaner Symbol oder rufen Sie zun\u00e4chst die gr\u00f6\u00dfere Karte auf, geben Ihren Standort ein und starten danach die Suche um eine detaillierte Wegbeschreibung zu erhalten.<\/p>\n","protected":false},"author":1,"featured_media":0,"parent":0,"menu_order":0,"comment_status":"closed","ping_status":"closed","template":"","meta":{"footnotes":""},"class_list":["post-117","page","type-page","status-publish","hentry"],"_links":{"self":[{"href":"https:\/\/arbeitskleidung.de\/shop\/wp-json\/wp\/v2\/pages\/117"}],"collection":[{"href":"https:\/\/arbeitskleidung.de\/shop\/wp-json\/wp\/v2\/pages"}],"about":[{"href":"https:\/\/arbeitskleidung.de\/shop\/wp-json\/wp\/v2\/types\/page"}],"author":[{"embeddable":true,"href":"https:\/\/arbeitskleidung.de\/shop\/wp-json\/wp\/v2\/users\/1"}],"replies":[{"embeddable":true,"href":"https:\/\/arbeitskleidung.de\/shop\/wp-json\/wp\/v2\/comments?post=117"}],"version-history":[{"count":0,"href":"https:\/\/arbeitskleidung.de\/shop\/wp-json\/wp\/v2\/pages\/117\/revisions"}],"wp:attachment":[{"href":"https:\/\/arbeitskleidung.de\/shop\/wp-json\/wp\/v2\/media?parent=117"}],"curies":[{"name":"wp","href":"https:\/\/api.w.org\/{rel}","templated":true}]}}