{"id":12,"date":"2016-09-17T15:23:53","date_gmt":"2016-09-17T15:23:53","guid":{"rendered":"https:\/\/arbeitskleidung.de\/shop\/?page_id=12"},"modified":"2023-01-26T16:48:41","modified_gmt":"2023-01-26T14:48:41","slug":"agb","status":"publish","type":"page","link":"https:\/\/arbeitskleidung.de\/shop\/agb","title":{"rendered":"AGB"},"content":{"rendered":"<h1>Allgemeine Gesch\u00e4ftsbedingungen<\/h1>\n<div style=\"padding: 10px; padding-top: 1px; padding-bottom: 1px; margin 10px 0;border: solid 1px #666; background-color: #eee;\">\n<h3>W\u00e4hlen Sie das Thema, zu dem Sie mehr erfahren m\u00f6chten:<\/h3>\n<h4><a href=\"#Vertragspartner\">Vertragspartner<\/a><\/h4>\n<h4><a href=\"#Vertragsgegenstand\">Vertragsgegenstand<\/a><\/h4>\n<h4><a href=\"#Vertragsschluss\">Vertragsschluss<\/a><\/h4>\n<h4><a href=\"#Eigentumsvorbehalt\">Eigentumsvorbehalt<\/a><\/h4>\n<h4><a href=\"#Preise\">Preise, Versandkosten, R\u00fccksendekosten<\/a><\/h4>\n<h4><a href=\"#Zahlungsbedingungen\">Zahlungsbedingungen<\/a><\/h4>\n<h4><a href=\"#Lieferbedingungen\">Lieferbedingungen<\/a><\/h4>\n<h4><a href=\"#Gewaehrleistung\">Gew\u00e4hrleistung und M\u00e4ngelrecht<\/a><\/h4>\n<h4><a href=\"#Vertragsgestaltung\">Vertragsgestaltung<\/a><\/h4>\n<h4><a href=\"#Widerrufsrecht\">Widerrufsrecht f\u00fcr Verbraucher<\/a><\/h4>\n<h4><a href=\"#Haftungsausschluss\">Haftungsausschluss<\/a><\/h4>\n<h4><a href=\"#Abtretung\">Abtretungs- und Verpf\u00e4ndungsverbot<\/a><\/h4>\n<h4><a href=\"#Vertragssprache\">Vertragssprache, Gerichtsstand und anzuwendendes Recht<\/a><\/h4>\n<h4><a href=\"#Streitbeilegung\">Alternative Streitbeilegung<\/a><\/h4>\n<\/div>\n<h3 id=\"Vertragspartner\">Vertragspartner<\/h3>\n<p>Auf Grundlage dieser Allgemeinen Gesch\u00e4ftsbedingungen (AGB) kommt zwischen dem Kunden und<\/p>\n<p>Waldenmaier Arbeitskleidung<br \/>\nVertreten durch Michael Waldenmaier<br \/>\nAdresse: Robert-Bosch-Str 16, 74385 Pleidelsheim<br \/>\nTel: +49 (0)7144 260 060<br \/>\nFax: +49 (0)7144 208 667<br \/>\nE-Mail-Adresse: info@arbeitskleidung.de<br \/>\nUmsatzsteuer-Identifikationsnummer: DE262859690<\/p>\n<p>, nachfolgend Anbieter genannt, der Vertrag zustande.<\/p>\n<h3 id=\"Vertragsgegenstand\">Vertragsgegenstand<\/h3>\n<p>Durch diesen Vertrag wird der Verkauf von neue Waren aus dem Bereich\/den Bereichen Arbeitskleidung \u00fcber den Online-Shop des Anbieters geregelt. Wegen der Details des jeweiligen Angebotes wird auf die Produktbeschreibung der Angebotsseite verwiesen.<\/p>\n<h3 id=\"Vertragsschluss\">Vertragsschluss<\/h3>\n<p>Der Vertrag kommt im elektronischen Gesch\u00e4ftsverkehr \u00fcber das Shop-System oder \u00fcber andere Fernkommunikationsmittel wie Telefon und E-Mail zustande. Dabei stellen die dargestellten Angebote eine unverbindliche Aufforderung zur Abgabe eines Anbgebots durch die Kundenbestellung dar, das der Anbieter dann annehmen kann.<\/p>\n<p>Der Bestellvorgang zum Vertragsschluss umfasst im Shop-System folgende Schritte:<\/p>\n<ul>\n<li>Auswahl des Angebots in der gew\u00fcnschten Spezifikation (Gr\u00f6\u00dfe, Farbe, Anzahl)<\/li>\n<li>Einlegen des Angebots mit <strong>In den Warenkorb<\/strong><\/li>\n<li>Bet\u00e4tigen des Buttons <strong>Zum Warenkorb<\/strong><\/li>\n<li>Bet\u00e4tigen des Buttons <strong>Weiter zur Kasse<\/strong><\/li>\n<li>Eingabe der Rechnungs- und Lieferadresse<\/li>\n<li>Auswahl der Bezahlmethode<\/li>\n<li>\u00dcberpr\u00fcfung und Bearbeitung der Bestellung und aller Eingaben<\/li>\n<li>Bet\u00e4tigen des Buttons\u00a0<strong>Jetzt kaufen<\/strong><\/li>\n<li>Best\u00e4tigungsmail, dass Bestellung eingegangen ist<\/li>\n<\/ul>\n<p>Bestellungen k\u00f6nnen neben dem Shop-System auch \u00fcber Fernkommunikationsmittel (Telefon\/E-Mail) aufgegeben werden, wodurch der Bestellvorgang zum Vertragsschluss folgende Schritte umfasst:<\/p>\n<ul>\n<li>Anruf bei der Bestellhotline \/ \u00dcbersendung der Bestellmail<\/li>\n<li>Best\u00e4tigungsmail, dass Bestellung eingegangen ist<\/li>\n<\/ul>\n<p>Mit der Zusendung der Bestellbest\u00e4tigung kommt der Vertrag zustande.<\/p>\n<h3 id=\"Eigentumsvorbehalt\">Eigentumsvorbehalt<\/h3>\n<p>Bis zur vollst\u00e4ndigen Bezahlung bleibt die gelieferte Ware im Eigentum des Anbieters.<\/p>\n<h3 id=\"Preise\">Preise, Versandkosten, R\u00fccksendekosten<\/h3>\n<p>Alle Preise sind Endpreise und enthalten die gesetzliche Umsatzsteuer. Pro Bestellung fallen einmalig folgende Versandkostenpauschalen an: Deutschland: 6,50 \u20ac, EU: 18,50 \u20ac, International: 31,00 \u20ac. Bei Teillieferungen f\u00e4llt die Pauschale jeweils nur einmal an. F\u00fcr den Versand fallen keine weiteren Kosten an. Ab einem Bestellwert von 150,00 \u20ac liefern wir innerhalb Deutschlands verandkostenfrei. Besteht ein Widerrufsrecht und wird von diesem Gebrauch gemacht, tragen wir die Kosten der R\u00fccksendung der Waren (gilt nur innerhalb Deutschlands, f\u00fcr Verbraucher und ab 40,00 \u20ac Bestellwert).<\/p>\n<p><strong>R\u00fccksendekosten f\u00fcr Selbstst\u00e4ndige \/ Betriebe \/ Unternehmen \/ Beh\u00f6rden \/ Institute<br \/>\n<\/strong>R\u00fccksendekosten sind laut Gesetzgeber vom Auftraggeber zu tragen. Geben Sie bei R\u00fcckgaben Ihre Umsatzsteuer Identifikationsnummer an.<\/p>\n<p>Machen Sie die R\u00fccksendungen immer frei, unfreie R\u00fccksendungen werden nicht angenommen.<\/p>\n<h3 id=\"Zahlungsbedingungen\">Zahlungsbedingungen<\/h3>\n<p>Der Kunde hat ausschlie\u00dflich folgende M\u00f6glichkeiten zur Zahlung: Vorab\u00fcberweisung, Rechnung bei Lieferung (bei Bestandskunden), Zahlungsdienstleister (PayPal). Weitere Zahlungsarten werden nicht angeboten und werden zur\u00fcckgewiesen.<br \/>\nDer Rechnungsbetrag ist nach Zugang der Rechnung, die alle Angaben f\u00fcr die \u00dcberweisung enth\u00e4lt und mit E-Mail verschickt wird, auf das dort angegebene Konto vorab zu \u00fcberweisen. Der Rechnungsbetrag ist nach Zugang der Rechnung, die alle Angaben f\u00fcr die \u00dcberweisung enth\u00e4lt und mit der Lieferung verschickt wird, auf das dort angegebene Konto vorab zu \u00fcberweisen. Bei Verwendung eines Treuhandservice\/ Zahlungsdienstleisters erm\u00f6glicht es dieser dem Anbieter und Kunden, die Zahlung untereinander abzuwickeln. Dabei leitet der Treuhandservice\/ Zahlungsdienstleister die Zahlung des Kunden an den Anbieter weiter. Weitere Informationen erhalten Sie auf der Internetseite des jeweiligen Treuhandservices\/ Zahlungsdienstleisters. Der Kunde ist verpflichtet innerhalb von 5 Tagen nach Erhalt der Rechnung den ausgewiesenen Betrag auf das auf der Rechnung angegebene Konto einzuzahlen oder zu \u00fcberweisen. Die Zahlung ist ab Rechnungsdatum ohne Abzug f\u00e4llig. Nach Ablauf der Zahlungsfrist, die somit kalenderm\u00e4\u00dfig bestimmt ist, kommt der Kunde auch ohne Mahnung in Verzug. Ein Zur\u00fcckbehaltungsrecht des Kunden, welches nicht auf demselben Vertragsverh\u00e4ltnis beruht, wird ausgeschlossen. Die Aufrechnung mit Forderungen des Kunden ist ausgeschlossen, es sei denn diese sind unbestritten oder rechtskr\u00e4ftig festgestellt.<\/p>\n<h3 id=\"Lieferbedingungen\">Lieferbedingungen<\/h3>\n<p>Die Ware wird umgehend nach Eingang der Bestellung versandt. Der Versand erfolgt durchschnittlich sp\u00e4testens nach 2 Tagen. Der Unternehmer verpflichtet sich zur Lieferung am 10. Tag nach Bestelleingang. Die Regellieferzeit betr\u00e4gt 3 Tage, wenn in der Artikelbeschreibung nichts anderes angegeben ist. Der Anbieter versendet die Bestellung aus eigenem Lager, sobald die gesamte Bestellung dort vorr\u00e4tig ist. Der Kunde wird \u00fcber Verz\u00f6gerungen umgehend informiert. Hat der Anbieter ein dauerhaftes Lieferhindernis, insbesondere h\u00f6here Gewalt oder Nichtbelieferung durch eigenen Lieferanten, obwohl rechtzeitig ein entsprechendes Deckungsgesch\u00e4ft get\u00e4tigt wurde, nicht zu vertreten, so hat der Anbieter das Recht, insoweit von einem Vertrag mit dem Kunden zur\u00fcckzutreten. Der Kunde wird dar\u00fcber unverz\u00fcglich informiert und empfangene Leistungen, insbesondere Zahlungen, zur\u00fcckerstattet.<\/p>\n<h3 id=\"Gewaehrleistung\">Gew\u00e4hrleistung und M\u00e4ngelrecht<\/h3>\n<p>Verbrauchern steht f\u00fcr die angebotenen Leistungen ein gesetzliches M\u00e4ngelhaftungsrecht nach den einschl\u00e4gigen Vorschriften des B\u00fcrgerlichen Gesetzbuches (BGB) zu. Sofern hiervon abgewichen wird, richtet sich die Gew\u00e4hrleistung nach den hierzu verfassten Regelungen in den Allgemeinen Gesch\u00e4ftsbedingungen (AGB). Ist der Kunde Unternehmer, wird f\u00fcr Neuwaren die Gew\u00e4hrleistungsfrist auf ein Jahr beschr\u00e4nkt. Dem Anbieter wird zuerkannt, dass er bei einer Nacherf\u00fcllung selbst zwischen Reparatur oder Neulieferung w\u00e4hlen kann, wenn es sich bei der Ware um Neuware handelt und der Kunde Unternehmer ist. Dies gilt nicht f\u00fcr Schadensersatzanspr\u00fcche des Kunden wegen Verletzung des Lebens, des K\u00f6rpers, der Gesundheit oder wesentlicher Vertragspflichten, welche zur Erreichung des Vertragszieles notwendigerweise erf\u00fcllt werden m\u00fcssen. Ebenso gilt dies nicht f\u00fcr Schadensersatzanspr\u00fcche nach grob fahrl\u00e4ssiger oder vors\u00e4tzlicher Pflichtverletzung des Anbieters oder seines gesetzlichen Vertreters oder Erf\u00fcllungsgehilfen. Im \u00dcbrigen gelten die gesetzlichen Regelungen.<\/p>\n<h3 id=\"Vertragsgestaltung\">Vertragsgestaltung<\/h3>\n<p>Ist der Kunde Unternehmer, so geht die Gefahr des zuf\u00e4lligen Untergangs und\/ oder der zuf\u00e4lligen Verschlechterung der Ware mit der \u00dcbergabe, bei Versendung mit der Auslieferung der Ware an den ausgew\u00e4hlten Dienstleister hierf\u00fcr auf den Kunden \u00fcber. Der Kunde hat keine M\u00f6glichkeit selbst direkt auf den gespeicherten Vertragstext zuzugreifen. Der Kunde kann Fehler in der Eingabe w\u00e4hrend des Bestellvorganges korrigieren. Hierzu kann er folgenderma\u00dfen vorgehen:<\/p>\n<ul>\n<li>\u00dcber den <strong>Zur\u00fcck-Button<\/strong> des Browsers gelangen Sie zum Warenkorb zur\u00fcck und k\u00f6nnen dort \u00c4nderungen vornehmen.<\/li>\n<li>Mit einem Klick auf das <strong>Shop Logo<\/strong> gelangen Sie zum Shop zur\u00fcck.<\/li>\n<\/ul>\n<h3 id=\"Widerrufsrecht\"><strong>Widerrufsrecht f\u00fcr Verbraucher<br \/>\n<\/strong><\/h3>\n<p>Verbrauchern steht ein Widerrufsrecht nach folgender Ma\u00dfgabe zu, wobei Verbraucher jede nat\u00fcrliche Person ist, die ein Rechtsgesch\u00e4ft zu Zwecken abschlie\u00dft, die \u00fcberwiegend weder ihrer gewerblichen noch ihrer selbst\u00e4ndigen beruflichen T\u00e4tigkeit zugerechnet werden k\u00f6nnen.<\/p>\n<div style=\"padding: 10px; padding-top: 1px; padding-bottom: 1px; margin 10px 0;border: solid 1px #666; background-color: #eee;\">\n<p><strong>Widerrufsbelehrung <\/strong><\/p>\n<p><strong>Widerrufsrecht<\/strong><\/p>\n<p>Sie haben das Recht, binnen vierzehn Tagen ohne Angabe von Gr\u00fcnden diesen Vertrag zu widerrufen.<\/p>\n<p>Die Widerrufsfrist betr\u00e4gt vierzehn Tage ab dem Tag,<\/p>\n<ul>\n<li style=\"list-style-type: none;\">\n<ul>\n<li>Im Falle eines Kaufvertrags: an dem Sie oder ein von Ihnen benannter Dritter, der nicht der Bef\u00f6rderer ist, die letzte Ware in Besitz genommen haben bzw. hat.<\/li>\n<li>Im Falle einer Vertrags \u00fcber mehrere Waren, die der Verbraucher im Rahmen einer einheitlichen Bestellung bestellt hat und die getrennt geliefert werden: an dem Sie oder ein von Ihnen benannter Dritter, der nicht Bef\u00f6rderer ist, die letzte Ware in Besitz genommen haben bzw. hat.<\/li>\n<li>Im Falle eines Vertrags \u00fcber die Lieferung einer Ware in mehreren Teilsendungen oder St\u00fccken: an dem Sie oder ein von Ihnen benannter Dritter, der nicht Bef\u00f6rderer ist, die letzte Teilsendung oder das letzte St\u00fcck in Besitz genommen haben bzw. hat.<\/li>\n<li>Im Falle eines Vertrages zur regelm\u00e4\u00dfigen Lieferung von Waren \u00fcber einen festgelegten Zeitraum hinweg: an dem Sie oder ein von Ihnen benannter Dritter, der nicht Bef\u00f6rderer ist, die erste Ware in Besitz genommen haben bzw. hat.<\/li>\n<\/ul>\n<\/li>\n<\/ul>\n<p>Beim Zusammentreffen mehrerer Alternativen ist der jeweils letzte Zeitpunkt ma\u00dfgeblich.<\/p>\n<p>Um Ihr Widerrufsrecht auszu\u00fcben, m\u00fcssen Sie uns (Waldenmaier Arbeitskleidung, Michael Waldenmaier, Robert-Bosch-Str. 16, 74385 Pleidelsheim, Tel.: +49 (0)7144 260 060, E-Mail: info@arbeitskleidung.de) mittels einer eindeutigen Erkl\u00e4rung (z.B. ein mit der Post versandter Brief, Telefax, oder E-Mail) \u00fcber Ihren Entschluss, diesen Vertrag zu widerrufen, informieren. Sie k\u00f6nnen daf\u00fcr das beigef\u00fcgte <a href=\"https:\/\/arbeitskleidung.de\/shop\/wp-content\/uploads\/pdf\/Widerrufsformular.pdf\" target=\"_blank\" rel=\"noopener\">Muster-Widerrufsformular<\/a> verwenden, das jedoch nicht vorgeschrieben ist.<\/p>\n<p>Zur Wahrung der Widerrufsfrist reicht es aus, dass Sie die Mitteilung \u00fcber die Aus\u00fcbung des Widerrufsrechts vor Ablauf der Widerrufsfrist absenden.<\/p>\n<p><strong>Folgen des Widerrufs<\/strong><\/p>\n<p>Wenn Sie diesen Vertag widerrufen, haben wir Ihnen alle Zahlungen, die wir von Ihnen erhalten haben, einschlie\u00dflich der Lieferkosten (mit Ausnahmen der zus\u00e4tzlichen Kosten, die sich daraus ergeben, dass Sie einer andere Art der Lieferung als die von uns angebotene, g\u00fcnstige Standardlieferung gew\u00e4hlt haben), unverz\u00fcglich und sp\u00e4testens binnen vierzehn Tagen ab dem Tag zur\u00fcckzuzahlen, an dem die Mitteilung \u00fcber Ihren Widerruf dieses Vertrags bei uns eingegangen ist. F\u00fcr diese R\u00fcckzahlung verwenden wir dasselbe Zahlungsmittel, das Sie bei der urspr\u00fcnglichen Transaktion eingesetzt haben, es sei denn, mit Ihnen wurde ausdr\u00fccklich etwas anderes vereinbart; in keinem Fall werden Ihnen wegen dieser R\u00fcckzahlung Entgelte berechnet. Wir k\u00f6nnen die R\u00fcckzahlung verweigern, bis wir die Waren wieder zur\u00fcckerhalten haben oder bis Sie den Nachweis erbracht haben, dass Sie die Waren zur\u00fcckgesandt haben, je nachdem, welches der fr\u00fchere Zeitpunkt ist.<\/p>\n<p>Sie haben die Waren unverz\u00fcglich und in jedem Fall sp\u00e4testens binnen vierzehn Tagen ab dem Tag, an dem Sie uns \u00fcber den Widerruf dieses Vertrags unterrichten, an (Waldenmaier Arbeitskleidung, Michael Waldenmaier, Robert-Bosch-Str 16, 74385 Pleidelsheim) uns zur\u00fcckzusenden oder zu \u00fcbergeben. Die Frist ist gewahrt, wenn Sie die Waren vor Ablauf der Frist von vierzehn Tagen absenden.<\/p>\n<p>Wir tragen die Kosten der R\u00fccksendung der Waren (gilt nur innerhalb Deutschlands, f\u00fcr Verbraucher und ab 40,00 \u20ac Bestellwert).<br \/>\nBei einer Komplettr\u00fcckgabe erstatten wir den Warenwert.<br \/>\nSie m\u00fcssen f\u00fcr einen etwaigen Wertverlust der Waren nur aufkommen, wenn dieser Wertverlust auf einen zur Pr\u00fcfung der Beschaffenheit, Eigenschaften und Funktionsweise der Waren nicht notwendigen Umgang mit ihnen zur\u00fcckzuf\u00fchren ist.<\/p>\n<p><strong>Kosten R\u00fccksendung f\u00fcr Selbstst\u00e4ndige \/ Betriebe \/ Unternehmen \/ Beh\u00f6rden \/ Institute<br \/>\n<\/strong>R\u00fccksendekosten sind laut Gesetzgeber vom Auftraggeber zu tragen. Geben Sie bei R\u00fcckgaben Ihre Umsatzsteuer Identifikationsnummer an.<\/p>\n<p>Machen Sie die R\u00fccksendungen immer frei, unfreie R\u00fccksendungen werden nicht angenommen.<\/p>\n<p><strong>&#8211; Ende der Widerrufsbelehrung &#8211;<br \/>\n<\/strong><\/p>\n<\/div>\n<p><strong><a class=\"button\" href=\"https:\/\/arbeitskleidung.de\/shop\/wp-content\/uploads\/pdf\/Widerrufsformular.pdf\" target=\"_blank\" rel=\"noopener\">Widerrufsformular als PDF<\/a>\u00a0<a class=\"button\" href=\"https:\/\/arbeitskleidung.de\/shop\/widerrufsformular\">Elektronisches Widerrufsformular<\/a><\/strong><\/p>\n<h3 id=\"Haftungsausschluss\">Haftungsausschluss<\/h3>\n<p>Schadensersatzanspr\u00fcche des Kunden sind ausgeschlossen, soweit sich aus den nachfolgenden Gr\u00fcnden nicht etwas anderes ergibt. Dies gilt auch f\u00fcr den Vertreter und Erf\u00fcllungsgehilfen des Anbieters, falls der Kunde gegen diese Anspr\u00fcche auf Schadensersatz erhebt. Ausgenommen sind Schadensersatzanspr\u00fcche des Kunden wegen Verletzung des Lebens, des K\u00f6rpers, der Gesundheit oder wesentlicher Vertragspflichten, welche zur Erreichung des Vertragszieles notwendigerweise erf\u00fcllt werden m\u00fcssen. Ebenso gilt dies nicht f\u00fcr Schadensersatzanspr\u00fcche nach grob fahrl\u00e4ssiger oder vors\u00e4tzlicher Pflichtverletzung des Anbieters oder seines gesetzlichen Vertreters oder Erf\u00fcllungsgehilfen.<\/p>\n<h3 id=\"Abtretung\">Abtretungs- und Verpf\u00e4ndungsverbot<\/h3>\n<p>Anspr\u00fcche oder Rechte des Kunden gegen den Anbieter d\u00fcrfen ohne dessen Zustimmung nicht abgetreten oder verpf\u00e4ndet werden, es sei denn der Kunde hat ein berechtigtes Interesse an der Abtretung oder Verpf\u00e4ndung nachgewiesen.<\/p>\n<h3 id=\"Vertragssprache\">Vertragssprache, Gerichtsstand und anzuwendendes Recht<\/h3>\n<p>Der Vertrag wird in Deutsch abgefasst. Die weitere Durchf\u00fchrung der Vertragsbeziehung erfolgt in Deutsch. Es findet ausschlie\u00dflich das Recht der Bundesrepublik Deutschland Anwendung. F\u00fcr Verbraucher gilt dies nur insoweit, als dadurch keine gesetzlichen Bestimmungen des Staates eingeschr\u00e4nkt werden, in dem der Kunde seinen Wohnsitz oder gew\u00f6hnlichen Aufenthalt hat. Gerichtsstand ist bei Streitigkeiten mit Kunden, die kein Verbraucher, juristische Person des \u00f6ffentlichen Rechts oder \u00f6ffentlich-rechtliches Sonderverm\u00f6gen sind, Sitz des Anbieters.<br \/>\n<a id=\"Streitbeilegung\"><\/a><br \/>\n<div class=\"woocommerce woocommerce-gzd woocommerce-gzd-complaints-shortcode\">\n\t\t\t<h3>Alternative Streitbeilegung gem\u00e4\u00df Art. 14 Abs. 1 ODR-VO und \u00a7 36 VSBG:<\/h3>\n\t\n<p>Die Europ\u00e4ische Kommission stellt eine Plattform zur Online-Streitbeilegung (OS) bereit, die Sie unter <a href=\"https:\/\/ec.europa.eu\/consumers\/odr\" target=\"_blank\">https:\/\/ec.europa.eu\/consumers\/odr<\/a> finden. Zur Teilnahme an einem Streitbeilegungsverfahren vor einer Verbraucherschlichtungsstelle sind wir nicht verpflichtet und nicht bereit.<\/p>\n<\/div><\/p>\n<p>AGB teilweise erstellt \u00fcber den <a href=\"http:\/\/www.deutsche-anwaltshotline.de\/recht-auf-ihrer-website\/agb-generator\" target=\"_blank\" rel=\"nofollow noopener\">Generator<\/a> der Deutschen Anwaltshotline AG.<\/p>\n","protected":false},"excerpt":{"rendered":"<p>Allgemeine Gesch\u00e4ftsbedingungen W\u00e4hlen Sie das Thema, zu dem Sie mehr erfahren m\u00f6chten: Vertragspartner Vertragsgegenstand Vertragsschluss Eigentumsvorbehalt Preise, Versandkosten, R\u00fccksendekosten Zahlungsbedingungen Lieferbedingungen Gew\u00e4hrleistung und M\u00e4ngelrecht Vertragsgestaltung Widerrufsrecht f\u00fcr Verbraucher Haftungsausschluss Abtretungs- und Verpf\u00e4ndungsverbot Vertragssprache, Gerichtsstand und anzuwendendes Recht Alternative Streitbeilegung Vertragspartner Auf Grundlage dieser Allgemeinen Gesch\u00e4ftsbedingungen (AGB) kommt zwischen dem Kunden und Waldenmaier Arbeitskleidung Vertreten durch [&hellip;]<\/p>\n","protected":false},"author":1,"featured_media":0,"parent":0,"menu_order":0,"comment_status":"closed","ping_status":"closed","template":"page-no-sidebar.php","meta":{"footnotes":""},"class_list":["post-12","page","type-page","status-publish","hentry"],"_links":{"self":[{"href":"https:\/\/arbeitskleidung.de\/shop\/wp-json\/wp\/v2\/pages\/12"}],"collection":[{"href":"https:\/\/arbeitskleidung.de\/shop\/wp-json\/wp\/v2\/pages"}],"about":[{"href":"https:\/\/arbeitskleidung.de\/shop\/wp-json\/wp\/v2\/types\/page"}],"author":[{"embeddable":true,"href":"https:\/\/arbeitskleidung.de\/shop\/wp-json\/wp\/v2\/users\/1"}],"replies":[{"embeddable":true,"href":"https:\/\/arbeitskleidung.de\/shop\/wp-json\/wp\/v2\/comments?post=12"}],"version-history":[{"count":0,"href":"https:\/\/arbeitskleidung.de\/shop\/wp-json\/wp\/v2\/pages\/12\/revisions"}],"wp:attachment":[{"href":"https:\/\/arbeitskleidung.de\/shop\/wp-json\/wp\/v2\/media?parent=12"}],"curies":[{"name":"wp","href":"https:\/\/api.w.org\/{rel}","templated":true}]}}