{"id":13,"date":"2016-09-17T15:23:53","date_gmt":"2016-09-17T15:23:53","guid":{"rendered":"https:\/\/arbeitskleidung.de\/shop\/?page_id=13"},"modified":"2023-01-26T16:34:07","modified_gmt":"2023-01-26T14:34:07","slug":"widerrufsbelehrung","status":"publish","type":"page","link":"https:\/\/arbeitskleidung.de\/shop\/widerrufsbelehrung","title":{"rendered":"Widerrufsbelehrung"},"content":{"rendered":"<h1>Widerrufsbelehrung<\/h1>\n<p>Verbraucher ist jede nat\u00fcrliche Person, die ein Rechtsgesch\u00e4ft zu Zwecken abschlie\u00dft, die \u00fcberwiegend weder ihrer gewerblichen noch ihrer selbst\u00e4ndigen beruflichen T\u00e4tigkeit zugerechnet werden k\u00f6nnen.<\/p>\n<h3>Widerrufsbelehrung \/ Widerrufsrecht<\/h3>\n<p>Sie haben das Recht, binnen vierzehn Tagen ohne Angabe von Gr\u00fcnden diesen Vertrag zu widerrufen. Die Widerrufsfrist betr\u00e4gt vierzehn Tage ab dem Tag,<\/p>\n<ul>\n<li>an dem Sie oder ein von Ihnen benannter Dritter, der nicht der Bef\u00f6rderer ist, die Waren in Besitz genommen haben bzw. hat, sofern Sie eine oder mehrere Waren im Rahmen einer einheitlichen Bestellung bestellt haben und diese einheitlich geliefert wird bzw. werden;<\/li>\n<li>an dem Sie oder ein von Ihnen benannter Dritter, der nicht der Bef\u00f6rderer ist, die letzte Ware in Besitz genommen haben bzw. hat, sofern Sie mehrere Waren im Rahmen einer einheitlichen Bestellung bestellt haben und diese getrennt geliefert werden;<\/li>\n<li>an dem Sie oder ein von Ihnen benannter Dritter, der nicht der Bef\u00f6rderer ist, die letzte Teilsendung oder das letzte St\u00fcck in Besitz genommen haben bzw. hat, sofern Sie eine Ware bestellt haben, die in mehreren Teilsendungen oder St\u00fccken geliefert wird;<\/li>\n<\/ul>\n<p>Um Ihr Widerrufsrecht auszu\u00fcben, m\u00fcssen Sie uns<\/p>\n<p style=\"padding-left: 30px;\">Waldenmaier Arbeitskleidung<br \/>\nAbt. Retouren<br \/>\nRobert-Bosch-Str. 16<br \/>\nD-74385 Pleidelsheim<\/p>\n<p style=\"padding-left: 30px;\"><i class=\"fa fa-phone\"><\/i> Tel.: +49 (0)7144 260 060<br \/>\n<i class=\"fa fa-print\"><\/i> Fax: +49 (0)7144 208 667<br \/>\n<i class=\"fa fa-envelope-o\"><\/i> Mail: info@arbeitskleidung.de<\/p>\n<p>mittels einer eindeutigen Erkl\u00e4rung (z.B. ein mit der Post versandter Brief oder E-Mail) \u00fcber Ihren Entschluss, diesen Vertrag zu widerrufen, informieren. Sie k\u00f6nnen daf\u00fcr das beigef\u00fcgte Muster &#8211; Widerrufsformular:<\/p>\n<p><strong><a class=\"button\" href=\"https:\/\/arbeitskleidung.de\/shop\/wp-content\/uploads\/pdf\/Widerrufsformular.pdf\" target=\"_blank\" rel=\"noopener\">Widerrufsformular als PDF<\/a>\u00a0<\/strong><sup>*1,*2<\/sup><\/p>\n<p>verwenden, das jedoch nicht vorgeschrieben ist.<\/p>\n<p>Sie k\u00f6nnen das Muster-Widerrufsformular auf unserer Webseite<\/p>\n<p><strong><a class=\"button\" href=\"https:\/\/arbeitskleidung.de\/shop\/widerrufsformular\">Elektronisches Widerrufsformular<\/a><\/strong><\/p>\n<p>elektronisch ausf\u00fcllen und \u00fcbermitteln. Machen Sie von dieser M\u00f6glichkeit Gebrauch, so werden wir Ihnen unverz\u00fcglich (an die von Ihnen hinterlassene\/eingetragene E -Mail) eine Best\u00e4tigung \u00fcber den Eingang eines solchen Widerrufs \u00fcbermitteln. Zur Wahrung der Widerrufsfrist reicht es aus, dass Sie die Mitteilung \u00fcber die Aus\u00fcbung des Widerrufsrechts vor Ablauf der Widerrufsfrist absenden.<\/p>\n<p><strong>Folgen des Widerrufs<\/strong><\/p>\n<p>Wenn Sie diesen Vertrag widerrufen, haben wir Ihnen alle Zahlungen mit Ausnahme der Versandkosten, die wir von Ihnen erhalten haben unverz\u00fcglich und sp\u00e4testens binnen vierzehn Tagen ab dem Tag zur\u00fcckzuzahlen, an dem die Mitteilung \u00fcber Ihren Widerruf dieses Vertrags bei uns eingegangen ist. F\u00fcr diese R\u00fcckzahlung verwenden wir dasselbe Zahlungsmittel, das Sie bei der urspr\u00fcnglichen Transaktion eingesetzt haben, es sei denn, mit Ihnen wurde ausdr\u00fccklich etwas anderes vereinbart; in keinem Fall werden Ihnen wegen dieser R\u00fcckzahlung Entgelte berechnet.<\/p>\n<p>Wir k\u00f6nnen die R\u00fcckzahlung verweigern, bis wir die Waren wieder zur\u00fcckerhalten haben oder bis Sie den Nachweis erbracht haben, dass Sie die Waren zur\u00fcckgesandt haben, je nachdem, welches der fr\u00fchere Zeitpunkt ist. Sie haben die Waren unverz\u00fcglich und in jedem Fall sp\u00e4testens binnen vierzehn Tagen ab dem Tag, an dem Sie uns \u00fcber den Widerruf dieses Vertrages unterrichten, an uns zur\u00fcckzusenden oder zu \u00fcbergeben. Die Frist ist gewahrt, wenn Sie die Waren vor Ablauf der Frist von vierzehn Tagen absenden.<\/p>\n<p><strong>Wir tragen die unmittelbaren Kosten der R\u00fccksendung der Waren (gilt nur innerhalb Deutschlands, f\u00fcr Verbraucher und ab 40,00 \u20ac Warenwert).<\/strong><br \/>\nBei einer Komplettr\u00fcckgabe erstatten wir den Warenwert. Sie m\u00fcssen f\u00fcr einen etwaigen Wertverlust der Waren nur aufkommen, wenn dieser Wertverlust auf einen zur Pr\u00fcfung der Beschaffenheit, Eigenschaften und Funktionsweise der Waren nicht notwendigen Umgang mit ihnen zur\u00fcckzuf\u00fchren ist.<\/p>\n<p><strong>Kosten der R\u00fccksendung f\u00fcr Selbstst\u00e4ndige \/ Betriebe \/ Unternehmen \/ Beh\u00f6rden \/ Institute<br \/>\n<\/strong>R\u00fccksendekosten sind laut Gesetzgeber vom Auftraggeber zu tragen. Geben Sie bei R\u00fcckgaben Ihre Umsatzsteuer Identifikationsnummer an.<\/p>\n<p>Machen Sie die R\u00fccksendungen immer frei, unfreie R\u00fccksendungen werden nicht angenommen.<\/p>\n<p><strong>-Ende der Widerrufsbelehrung-<\/strong><\/p>\n<p>&nbsp;<\/p>\n<h3>Ausschluss des Widerrufsrechtes<\/h3>\n<p><strong>In den folgenden Fa\u0308llen ko\u0308nnen Sie Ihre Vertragserkla\u0308rung nicht widerrufen:<\/strong><\/p>\n<p>Das Widerrufsrecht besteht, soweit die Parteien nichts anderes vereinbart haben, nicht bei folgenden Vertra\u0308gen:<\/p>\n<ol>\n<li>Vertra\u0308ge zur Lieferung von Waren, die nicht vorgefertigt sind und fu\u0308r deren Herstellung eine individuelle Auswahl oder Bestimmung durch den Verbraucher ma\u00dfgeblich ist oder die eindeutig auf die perso\u0308nlichen Bedu\u0308rfnisse des Verbrauchers zugeschnitten sind.<\/li>\n<li>Vertra\u0308ge zur Lieferung von Waren, die schnell verderben ko\u0308nnen oder deren Verfallsdatum schnell u\u0308berschritten wu\u0308rde.<\/li>\n<li>Vertra\u0308ge zur Lieferung versiegelter Waren, die aus Gru\u0308nden des Gesundheitsschutzes oder der Hygiene nicht zur Ru\u0308ckgabe geeignet sind, wenn ihre Versiegelung nach der Lieferung entfernt wurde.<\/li>\n<li>Vertra\u0308ge zur Lieferung von Waren, wenn diese nach der Lieferung auf Grund ihrer Beschaffenheit untrennbar mit anderen Gu\u0308tern vermischt wurden.<\/li>\n<\/ol>\n<div class=\"woocommerce woocommerce-gzd woocommerce-gzd-complaints-shortcode\">\n\t\t\t<h3>Alternative Streitbeilegung gem\u00e4\u00df Art. 14 Abs. 1 ODR-VO und \u00a7 36 VSBG:<\/h3>\n\t\n<p>Die Europ\u00e4ische Kommission stellt eine Plattform zur Online-Streitbeilegung (OS) bereit, die Sie unter <a href=\"https:\/\/ec.europa.eu\/consumers\/odr\" target=\"_blank\">https:\/\/ec.europa.eu\/consumers\/odr<\/a> finden. Zur Teilnahme an einem Streitbeilegungsverfahren vor einer Verbraucherschlichtungsstelle sind wir nicht verpflichtet und nicht bereit.<\/p>\n<\/div>\n<hr \/>\n<p><sup>*1<\/sup> Das Formular m\u00fcssen Sie downloaden, ausdrucken, vollst\u00e4ndig ausf\u00fcllen und unterschreiben. Diesen schicken Sie uns dann bitte auf dem Postweg oder eingescannt per Mail zu.<\/p>\n<p><sup>*2<\/sup> Bei dem von uns erstellten Formular handelt es sich um eine PDF-Datei. Um diese \u00f6ffnen zu k\u00f6nnen ben\u00f6tigen Sie Adobe Reader &#8211; diesen k\u00f6nnen Sie <a href=\"https:\/\/get.adobe.com\/de\/reader\/\" target=\"_blank\" rel=\"noopener\">hier<\/a> kostenfrei herunterladen und installieren.<\/p>\n<p>&nbsp;<\/p>\n<p>&nbsp;<\/p>\n<div id=\"s3gt_translate_tooltip_mini\" class=\"s3gt_translate_tooltip_mini_box\" style=\"background: initial !important; border: initial !important; border-spacing: initial !important; border-collapse: initial !important; direction: ltr !important; font-weight: initial !important; height: initial !important; letter-spacing: initial !important; min-width: initial !important; max-width: initial !important; min-height: initial !important; max-height: initial !important; margin: auto !important; padding: initial !important; text-align: initial !important; width: initial !important; color: inherit !important; font-size: 13px !important; font-family: X-LocaleSpecific, sans-serif, Tahoma, Helvetica !important; line-height: 13px !important; vertical-align: top !important;\">\n<div id=\"s3gt_translate_tooltip_mini_logo\" class=\"s3gt_translate_tooltip_mini\" title=\"Markierten Text \u00fcbersetzen\"><\/div>\n<div id=\"s3gt_translate_tooltip_mini_sound\" class=\"s3gt_translate_tooltip_mini\" title=\"Abspielen\"><\/div>\n<div id=\"s3gt_translate_tooltip_mini_copy\" class=\"s3gt_translate_tooltip_mini\" title=\"In Zwischenablage kopieren\"><\/div>\n<\/div>\n","protected":false},"excerpt":{"rendered":"<p>Widerrufsbelehrung Verbraucher ist jede nat\u00fcrliche Person, die ein Rechtsgesch\u00e4ft zu Zwecken abschlie\u00dft, die \u00fcberwiegend weder ihrer gewerblichen noch ihrer selbst\u00e4ndigen beruflichen T\u00e4tigkeit zugerechnet werden k\u00f6nnen. Widerrufsbelehrung \/ Widerrufsrecht Sie haben das Recht, binnen vierzehn Tagen ohne Angabe von Gr\u00fcnden diesen Vertrag zu widerrufen. Die Widerrufsfrist betr\u00e4gt vierzehn Tage ab dem Tag, an dem Sie oder [&hellip;]<\/p>\n","protected":false},"author":1,"featured_media":0,"parent":0,"menu_order":0,"comment_status":"closed","ping_status":"closed","template":"page-no-sidebar.php","meta":{"footnotes":""},"class_list":["post-13","page","type-page","status-publish","hentry"],"_links":{"self":[{"href":"https:\/\/arbeitskleidung.de\/shop\/wp-json\/wp\/v2\/pages\/13"}],"collection":[{"href":"https:\/\/arbeitskleidung.de\/shop\/wp-json\/wp\/v2\/pages"}],"about":[{"href":"https:\/\/arbeitskleidung.de\/shop\/wp-json\/wp\/v2\/types\/page"}],"author":[{"embeddable":true,"href":"https:\/\/arbeitskleidung.de\/shop\/wp-json\/wp\/v2\/users\/1"}],"replies":[{"embeddable":true,"href":"https:\/\/arbeitskleidung.de\/shop\/wp-json\/wp\/v2\/comments?post=13"}],"version-history":[{"count":0,"href":"https:\/\/arbeitskleidung.de\/shop\/wp-json\/wp\/v2\/pages\/13\/revisions"}],"wp:attachment":[{"href":"https:\/\/arbeitskleidung.de\/shop\/wp-json\/wp\/v2\/media?parent=13"}],"curies":[{"name":"wp","href":"https:\/\/api.w.org\/{rel}","templated":true}]}}