{"id":67198,"date":"2016-11-03T14:18:36","date_gmt":"2016-11-03T12:18:36","guid":{"rendered":"https:\/\/arbeitskleidung.de\/shop\/?page_id=67198"},"modified":"2021-03-07T15:44:06","modified_gmt":"2021-03-07T13:44:06","slug":"kundenreferenzliste","status":"publish","type":"page","link":"https:\/\/arbeitskleidung.de\/shop\/kundenreferenzliste","title":{"rendered":"Kundenreferenzliste"},"content":{"rendered":"<h1>Kundenreferenzliste<\/h1>\n<p>Sie sind Kunde bei uns und m\u00f6chten in unsere Referenzliste aufgenommen werden? Kein Problem. \u00dcbermitteln Sie uns Ihre Daten \u00fcber unser <a href=\"https:\/\/arbeitskleidung.de\/shop\/kontakt\">Kontaktformular<\/a> und wir werden Sie nach einer \u00dcberpr\u00fcfung in unsere Liste aufnehmen. Bitte beachten Sie das eine Aufnahme nur m\u00f6glich ist, wenn Sie uns Ihr Logo zur Verf\u00fcgung stellen.<\/p>\n<hr \/>\n<h3>Unsere Top-Kunden<\/h3>\n\n\t\t<style type=\"text\/css\">\n\t\t\t#gallery-1 {\n\t\t\t\tmargin: auto;\n\t\t\t}\n\t\t\t#gallery-1 .gallery-item {\n\t\t\t\tfloat: left;\n\t\t\t\tmargin-top: 10px;\n\t\t\t\ttext-align: center;\n\t\t\t\twidth: 20%;\n\t\t\t}\n\t\t\t#gallery-1 img {\n\t\t\t\tborder: 2px solid #cfcfcf;\n\t\t\t}\n\t\t\t#gallery-1 .gallery-caption {\n\t\t\t\tmargin-left: 0;\n\t\t\t}\n\t\t\t\/* see gallery_shortcode() in wp-includes\/media.php *\/\n\t\t<\/style>\n\t\t<div id='gallery-1' class='gallery galleryid-67198 gallery-columns-5 gallery-size-thumbnail'><dl class='gallery-item'>\n\t\t\t<dt class='gallery-icon landscape'>\n\t\t\t\t<img loading=\"lazy\" decoding=\"async\" width=\"129\" height=\"60\" src=\"https:\/\/arbeitskleidung.de\/shop\/wp-content\/uploads\/allianz.jpg\" class=\"attachment-thumbnail size-thumbnail\" alt=\"\" aria-describedby=\"gallery-1-67165\" \/>\n\t\t\t<\/dt>\n\t\t\t\t<dd class='wp-caption-text gallery-caption' id='gallery-1-67165'>\n\t\t\t\t Allianz Deutschland AG,  60596 Frankfurt\n\t\t\t\t<\/dd><\/dl><dl class='gallery-item'>\n\t\t\t<dt class='gallery-icon landscape'>\n\t\t\t\t<img loading=\"lazy\" decoding=\"async\" width=\"150\" height=\"43\" src=\"https:\/\/arbeitskleidung.de\/shop\/wp-content\/uploads\/3pagen-150x43.jpg\" class=\"attachment-thumbnail size-thumbnail\" alt=\"\" aria-describedby=\"gallery-1-67163\" \/>\n\t\t\t<\/dt>\n\t\t\t\t<dd class='wp-caption-text gallery-caption' id='gallery-1-67163'>\n\t\t\t\t 3Pagen GmbH,  52477 Alsdorf\n\t\t\t\t<\/dd><\/dl><dl class='gallery-item'>\n\t\t\t<dt class='gallery-icon landscape'>\n\t\t\t\t<img loading=\"lazy\" decoding=\"async\" width=\"79\" height=\"70\" src=\"https:\/\/arbeitskleidung.de\/shop\/wp-content\/uploads\/bmw.jpg\" class=\"attachment-thumbnail size-thumbnail\" alt=\"\" aria-describedby=\"gallery-1-67240\" \/>\n\t\t\t<\/dt>\n\t\t\t\t<dd class='wp-caption-text gallery-caption' id='gallery-1-67240'>\n\t\t\t\tBMW AG, 80788 M\u00fcnchen\n\t\t\t\t<\/dd><\/dl><dl class='gallery-item'>\n\t\t\t<dt class='gallery-icon landscape'>\n\t\t\t\t<img loading=\"lazy\" decoding=\"async\" width=\"125\" height=\"70\" src=\"https:\/\/arbeitskleidung.de\/shop\/wp-content\/uploads\/asb.jpg\" class=\"attachment-thumbnail size-thumbnail\" alt=\"\" aria-describedby=\"gallery-1-67168\" \/>\n\t\t\t<\/dt>\n\t\t\t\t<dd class='wp-caption-text gallery-caption' id='gallery-1-67168'>\n\t\t\t\t Arbeiter-Samariter-Bund KV Neu-Ulm e.V.,  89257 Illertissen\n\t\t\t\t<\/dd><\/dl><dl class='gallery-item'>\n\t\t\t<dt class='gallery-icon portrait'>\n\t\t\t\t<img loading=\"lazy\" decoding=\"async\" width=\"80\" height=\"84\" src=\"https:\/\/arbeitskleidung.de\/shop\/wp-content\/uploads\/baywa.jpg\" class=\"attachment-thumbnail size-thumbnail\" alt=\"\" aria-describedby=\"gallery-1-67227\" \/>\n\t\t\t<\/dt>\n\t\t\t\t<dd class='wp-caption-text gallery-caption' id='gallery-1-67227'>\n\t\t\t\tBayWa AG, 89415 Lauingen\n\t\t\t\t<\/dd><\/dl><br style=\"clear: both\" \/><dl class='gallery-item'>\n\t\t\t<dt class='gallery-icon landscape'>\n\t\t\t\t<img loading=\"lazy\" decoding=\"async\" width=\"77\" height=\"70\" src=\"https:\/\/arbeitskleidung.de\/shop\/wp-content\/uploads\/polizei-wittmund.jpg\" class=\"attachment-thumbnail size-thumbnail\" alt=\"\" aria-describedby=\"gallery-1-94974\" \/>\n\t\t\t<\/dt>\n\t\t\t\t<dd class='wp-caption-text gallery-caption' id='gallery-1-94974'>\n\t\t\t\tPolizeiinspektion Wittmund, 26400 Wittmund\n\t\t\t\t<\/dd><\/dl><dl class='gallery-item'>\n\t\t\t<dt class='gallery-icon landscape'>\n\t\t\t\t<img loading=\"lazy\" decoding=\"async\" width=\"90\" height=\"77\" src=\"https:\/\/arbeitskleidung.de\/shop\/wp-content\/uploads\/daimler.jpg\" class=\"attachment-thumbnail size-thumbnail\" alt=\"\" aria-describedby=\"gallery-1-94730\" \/>\n\t\t\t<\/dt>\n\t\t\t\t<dd class='wp-caption-text gallery-caption' id='gallery-1-94730'>\n\t\t\t\tDaimler AG, 70546 Stuttgart\n\t\t\t\t<\/dd><\/dl><dl class='gallery-item'>\n\t\t\t<dt class='gallery-icon landscape'>\n\t\t\t\t<img loading=\"lazy\" decoding=\"async\" width=\"150\" height=\"54\" src=\"https:\/\/arbeitskleidung.de\/shop\/wp-content\/uploads\/ikea-150x54.jpg\" class=\"attachment-thumbnail size-thumbnail\" alt=\"\" aria-describedby=\"gallery-1-94834\" srcset=\"https:\/\/arbeitskleidung.de\/shop\/wp-content\/uploads\/ikea-150x54.jpg 150w, https:\/\/arbeitskleidung.de\/shop\/wp-content\/uploads\/ikea.jpg 280w\" sizes=\"(max-width: 150px) 100vw, 150px\" \/>\n\t\t\t<\/dt>\n\t\t\t\t<dd class='wp-caption-text gallery-caption' id='gallery-1-94834'>\n\t\t\t\tIKEA Deutschland GmbH &#038; Co. KG, 85386 Eching\n\t\t\t\t<\/dd><\/dl><dl class='gallery-item'>\n\t\t\t<dt class='gallery-icon landscape'>\n\t\t\t\t<img loading=\"lazy\" decoding=\"async\" width=\"100\" height=\"33\" src=\"https:\/\/arbeitskleidung.de\/shop\/wp-content\/uploads\/obi.jpg\" class=\"attachment-thumbnail size-thumbnail\" alt=\"\" aria-describedby=\"gallery-1-94939\" \/>\n\t\t\t<\/dt>\n\t\t\t\t<dd class='wp-caption-text gallery-caption' id='gallery-1-94939'>\n\t\t\t\tOBI, 74074 Heilbronn\n\t\t\t\t<\/dd><\/dl><dl class='gallery-item'>\n\t\t\t<dt class='gallery-icon landscape'>\n\t\t\t\t<img loading=\"lazy\" decoding=\"async\" width=\"84\" height=\"23\" src=\"https:\/\/arbeitskleidung.de\/shop\/wp-content\/uploads\/pfaff.jpg\" class=\"attachment-thumbnail size-thumbnail\" alt=\"\" aria-describedby=\"gallery-1-94954\" \/>\n\t\t\t<\/dt>\n\t\t\t\t<dd class='wp-caption-text gallery-caption' id='gallery-1-94954'>\n\t\t\t\tPFAFF Industrie Maschinen AG, 67653 Kaiserslautern\n\t\t\t\t<\/dd><\/dl><br style=\"clear: both\" \/><dl class='gallery-item'>\n\t\t\t<dt class='gallery-icon landscape'>\n\t\t\t\t<img loading=\"lazy\" decoding=\"async\" width=\"90\" height=\"52\" src=\"https:\/\/arbeitskleidung.de\/shop\/wp-content\/uploads\/porsche.jpg\" class=\"attachment-thumbnail size-thumbnail\" alt=\"\" aria-describedby=\"gallery-1-94966\" \/>\n\t\t\t<\/dt>\n\t\t\t\t<dd class='wp-caption-text gallery-caption' id='gallery-1-94966'>\n\t\t\t\tPorsche AG, 70432 Stuttgart\n\t\t\t\t<\/dd><\/dl><dl class='gallery-item'>\n\t\t\t<dt class='gallery-icon landscape'>\n\t\t\t\t<img loading=\"lazy\" decoding=\"async\" width=\"150\" height=\"36\" src=\"https:\/\/arbeitskleidung.de\/shop\/wp-content\/uploads\/vaillant.jpg\" class=\"attachment-thumbnail size-thumbnail\" alt=\"\" aria-describedby=\"gallery-1-95122\" \/>\n\t\t\t<\/dt>\n\t\t\t\t<dd class='wp-caption-text gallery-caption' id='gallery-1-95122'>\n\t\t\t\tVaillant Deutschland GmbH &#038; Co. KG, 42859 Remscheid\n\t\t\t\t<\/dd><\/dl><dl class='gallery-item'>\n\t\t\t<dt class='gallery-icon landscape'>\n\t\t\t\t<img loading=\"lazy\" decoding=\"async\" width=\"74\" height=\"55\" src=\"https:\/\/arbeitskleidung.de\/shop\/wp-content\/uploads\/zollamt-krefeld.jpg\" class=\"attachment-thumbnail size-thumbnail\" alt=\"\" aria-describedby=\"gallery-1-95158\" \/>\n\t\t\t<\/dt>\n\t\t\t\t<dd class='wp-caption-text gallery-caption' id='gallery-1-95158'>\n\t\t\t\tZollamt Krefeld, 47799 Krefeld\n\t\t\t\t<\/dd><\/dl>\n\t\t\t<br style='clear: both' \/>\n\t\t<\/div>\n\n<hr \/>\n<h3>Unsere Topseller<\/h3>\n<div class=\"woocommerce columns-4 \"><ul class=\"products columns-4\">\n<li class=\"product type-product post-86492 status-publish first instock product_cat-kuechenkleidung-servicekleidung product_cat-latzschuerzen product_cat-gastronomie-klinik product_tag-kuechenkleidung product_tag-latzschuerze product_tag-m-s has-post-thumbnail taxable shipping-taxable purchasable product-type-variable has-default-attributes\">\n\t\n\n\n\n\t<p class=\"wc-gzd-additional-info wc-gzd-additional-info-loop tax-info\">inkl. MwSt.<\/p>\n\n\t<p class=\"wc-gzd-additional-info wc-gzd-additional-info-loop shipping-costs-info\">zzgl. <a href=\"https:\/\/arbeitskleidung.de\/shop\/versandinformationen\" target=\"_blank\">Versandkosten<\/a><\/p>\n\n\t<p class=\"wc-gzd-additional-info delivery-time-info wc-gzd-additional-info-loop i-classfa-fa-trucki-1-5-tage\"><i class=\"fa fa-truck\"><\/i> Lieferzeit: 1-5 Tage<\/p>\n<\/li>\n<li class=\"product type-product post-96757 status-publish instock product_cat-zunftbekleidung product_cat-verschleissteile-fhb product_tag-fhb product_tag-zunfthose has-post-thumbnail taxable shipping-taxable purchasable product-type-variable has-default-attributes\">\n\t\n\n\n\n\t<p class=\"wc-gzd-additional-info wc-gzd-additional-info-loop tax-info\">inkl. MwSt.<\/p>\n\n\t<p class=\"wc-gzd-additional-info wc-gzd-additional-info-loop shipping-costs-info\">zzgl. <a href=\"https:\/\/arbeitskleidung.de\/shop\/versandinformationen\" target=\"_blank\">Versandkosten<\/a><\/p>\n\n\t<p class=\"wc-gzd-additional-info delivery-time-info wc-gzd-additional-info-loop i-classfa-fa-trucki-1-5-tage\"><i class=\"fa fa-truck\"><\/i> Lieferzeit: 1-5 Tage<\/p>\n<\/li>\n<li class=\"product type-product post-84859 status-publish instock product_cat-zunftbekleidung product_cat-zunftaccessoires product_tag-fhb has-post-thumbnail taxable shipping-taxable purchasable product-type-variable has-default-attributes\">\n\t\n\n\n\n\t<p class=\"wc-gzd-additional-info wc-gzd-additional-info-loop tax-info\">inkl. MwSt.<\/p>\n\n\t<p class=\"wc-gzd-additional-info wc-gzd-additional-info-loop shipping-costs-info\">zzgl. <a href=\"https:\/\/arbeitskleidung.de\/shop\/versandinformationen\" target=\"_blank\">Versandkosten<\/a><\/p>\n\n\t<p class=\"wc-gzd-additional-info delivery-time-info wc-gzd-additional-info-loop i-classfa-fa-trucki-1-5-tage\"><i class=\"fa fa-truck\"><\/i> Lieferzeit: 1-5 Tage<\/p>\n<\/li>\n<li class=\"product type-product post-86581 status-publish last instock product_cat-kuechenkleidung-servicekleidung product_cat-vorbinder-bistroschuerzen product_cat-gastronomie-klinik product_tag-m-s product_tag-kuechenkleidung product_tag-vorbinder has-post-thumbnail taxable shipping-taxable purchasable product-type-variable has-default-attributes\">\n\t\n\n\n\n\t<p class=\"wc-gzd-additional-info wc-gzd-additional-info-loop tax-info\">inkl. MwSt.<\/p>\n\n\t<p class=\"wc-gzd-additional-info wc-gzd-additional-info-loop shipping-costs-info\">zzgl. <a href=\"https:\/\/arbeitskleidung.de\/shop\/versandinformationen\" target=\"_blank\">Versandkosten<\/a><\/p>\n\n\t<p class=\"wc-gzd-additional-info delivery-time-info wc-gzd-additional-info-loop i-classfa-fa-trucki-1-5-tage\"><i class=\"fa fa-truck\"><\/i> Lieferzeit: 1-5 Tage<\/p>\n<\/li>\n<li class=\"product type-product post-82117 status-publish first instock product_cat-oberbekleidung product_cat-polos-pullover product_cat-industrie-handwerk product_cat-t-shirt-unterwaesche product_cat-damen-sweatshirt-polos product_cat-damenberufskleidung product_tag-m-s product_tag-polo has-post-thumbnail taxable shipping-taxable purchasable product-type-variable has-default-attributes\">\n\t\n\n\n\n\t<p class=\"wc-gzd-additional-info wc-gzd-additional-info-loop tax-info\">inkl. MwSt.<\/p>\n\n\t<p class=\"wc-gzd-additional-info wc-gzd-additional-info-loop shipping-costs-info\">zzgl. <a href=\"https:\/\/arbeitskleidung.de\/shop\/versandinformationen\" target=\"_blank\">Versandkosten<\/a><\/p>\n\n\t<p class=\"wc-gzd-additional-info delivery-time-info wc-gzd-additional-info-loop i-classfa-fa-trucki-1-5-tage\"><i class=\"fa fa-truck\"><\/i> Lieferzeit: 1-5 Tage<\/p>\n<\/li>\n<li class=\"product type-product post-81592 status-publish instock product_cat-herren-t-shirt-polos product_cat-oberbekleidung product_cat-polos-pullover product_cat-industrie-handwerk product_cat-t-shirt-unterwaesche product_tag-m-s product_tag-polo has-post-thumbnail taxable shipping-taxable purchasable product-type-variable has-default-attributes\">\n\t\n\n\n\n\t<p class=\"wc-gzd-additional-info wc-gzd-additional-info-loop tax-info\">inkl. MwSt.<\/p>\n\n\t<p class=\"wc-gzd-additional-info wc-gzd-additional-info-loop shipping-costs-info\">zzgl. <a href=\"https:\/\/arbeitskleidung.de\/shop\/versandinformationen\" target=\"_blank\">Versandkosten<\/a><\/p>\n\n\t<p class=\"wc-gzd-additional-info delivery-time-info wc-gzd-additional-info-loop i-classfa-fa-trucki-1-5-tage\"><i class=\"fa fa-truck\"><\/i> Lieferzeit: 1-5 Tage<\/p>\n<\/li>\n<li class=\"product type-product post-81111 status-publish instock product_cat-t-shirt-sweatshirt product_cat-oberbekleidung product_cat-industrie-handwerk product_cat-herren-sweatshirt product_cat-t-shirt-unterwaesche product_tag-m-s product_tag-sweat-shirt product_tag-t-shirt has-post-thumbnail taxable shipping-taxable purchasable product-type-variable has-default-attributes\">\n\t\n\n\n\n\t<p class=\"wc-gzd-additional-info wc-gzd-additional-info-loop tax-info\">inkl. MwSt.<\/p>\n\n\t<p class=\"wc-gzd-additional-info wc-gzd-additional-info-loop shipping-costs-info\">zzgl. <a href=\"https:\/\/arbeitskleidung.de\/shop\/versandinformationen\" target=\"_blank\">Versandkosten<\/a><\/p>\n\n\t<p class=\"wc-gzd-additional-info delivery-time-info wc-gzd-additional-info-loop i-classfa-fa-trucki-1-5-tage\"><i class=\"fa fa-truck\"><\/i> Lieferzeit: 1-5 Tage<\/p>\n<\/li>\n<li class=\"product type-product post-118465 status-publish last instock product_cat-pka-serie-threeline-deluxe-pka-kollektion product_cat-industrie-handwerk product_cat-pka-kollektion product_tag-bundhose product_tag-pka has-post-thumbnail taxable shipping-taxable purchasable product-type-variable has-default-attributes\">\n\t\n\n\n\n\t<p class=\"wc-gzd-additional-info wc-gzd-additional-info-loop tax-info\">inkl. MwSt.<\/p>\n\n\t<p class=\"wc-gzd-additional-info wc-gzd-additional-info-loop shipping-costs-info\">zzgl. <a href=\"https:\/\/arbeitskleidung.de\/shop\/versandinformationen\" target=\"_blank\">Versandkosten<\/a><\/p>\n\n\t<p class=\"wc-gzd-additional-info delivery-time-info wc-gzd-additional-info-loop i-classfa-fa-trucki-1-5-tage\"><i class=\"fa fa-truck\"><\/i> Lieferzeit: 1-5 Tage<\/p>\n<\/li>\n<\/ul>\n<\/div>\n","protected":false},"excerpt":{"rendered":"<p>Kundenreferenzliste Sie sind Kunde bei uns und m\u00f6chten in unsere Referenzliste aufgenommen werden? Kein Problem. \u00dcbermitteln Sie uns Ihre Daten \u00fcber unser Kontaktformular und wir werden Sie nach einer \u00dcberpr\u00fcfung in unsere Liste aufnehmen. Bitte beachten Sie das eine Aufnahme nur m\u00f6glich ist, wenn Sie uns Ihr Logo zur Verf\u00fcgung stellen. Unsere Top-Kunden Unsere Topseller<\/p>\n","protected":false},"author":1,"featured_media":0,"parent":0,"menu_order":1,"comment_status":"closed","ping_status":"closed","template":"","meta":{"footnotes":""},"class_list":["post-67198","page","type-page","status-publish","hentry"],"_links":{"self":[{"href":"https:\/\/arbeitskleidung.de\/shop\/wp-json\/wp\/v2\/pages\/67198"}],"collection":[{"href":"https:\/\/arbeitskleidung.de\/shop\/wp-json\/wp\/v2\/pages"}],"about":[{"href":"https:\/\/arbeitskleidung.de\/shop\/wp-json\/wp\/v2\/types\/page"}],"author":[{"embeddable":true,"href":"https:\/\/arbeitskleidung.de\/shop\/wp-json\/wp\/v2\/users\/1"}],"replies":[{"embeddable":true,"href":"https:\/\/arbeitskleidung.de\/shop\/wp-json\/wp\/v2\/comments?post=67198"}],"version-history":[{"count":0,"href":"https:\/\/arbeitskleidung.de\/shop\/wp-json\/wp\/v2\/pages\/67198\/revisions"}],"wp:attachment":[{"href":"https:\/\/arbeitskleidung.de\/shop\/wp-json\/wp\/v2\/media?parent=67198"}],"curies":[{"name":"wp","href":"https:\/\/api.w.org\/{rel}","templated":true}]}}