{"id":95210,"date":"2017-02-14T16:22:53","date_gmt":"2017-02-14T15:22:53","guid":{"rendered":"https:\/\/arbeitskleidung.de\/shop\/?page_id=95210"},"modified":"2021-03-07T15:45:48","modified_gmt":"2021-03-07T13:45:48","slug":"geschaeftsgebiete","status":"publish","type":"page","link":"https:\/\/arbeitskleidung.de\/shop\/geschaeftsgebiete","title":{"rendered":"Gesch\u00e4ftsgebiete"},"content":{"rendered":"<div id=\"pl-95210\"  class=\"panel-layout\" ><div id=\"pg-95210-0\"  class=\"panel-grid panel-no-style\" ><div id=\"pgc-95210-0-0\"  class=\"panel-grid-cell\" ><div id=\"panel-95210-0-0-0\" class=\"so-panel widget widget_sow-editor panel-first-child panel-last-child\" data-index=\"0\" ><div\n\t\t\t\n\t\t\tclass=\"so-widget-sow-editor so-widget-sow-editor-base\"\n\t\t\t\n\t\t>\n<div class=\"siteorigin-widget-tinymce textwidget\">\n\t<h1>Gesch\u00e4ftsgebiete<\/h1>\n<p>Hier sehen Sie einen Auszug unserer n\u00e4heren Gesch\u00e4fts- und Einzugsgebiete. Weitere Informationen entnehmen Sie bitte unserer <a href=\"https:\/\/arbeitskleidung.de\/shop\/kundenreferenzliste\">Kundenreferenzliste<\/a>.<\/p>\n<\/div>\n<\/div><\/div><\/div><\/div><div id=\"pg-95210-1\"  class=\"panel-grid panel-no-style\" ><div id=\"pgc-95210-1-0\"  class=\"panel-grid-cell\" ><div id=\"panel-95210-1-0-0\" class=\"so-panel widget widget_sow-editor panel-first-child panel-last-child\" data-index=\"1\" ><div\n\t\t\t\n\t\t\tclass=\"so-widget-sow-editor so-widget-sow-editor-base\"\n\t\t\t\n\t\t>\n<div class=\"siteorigin-widget-tinymce textwidget\">\n\t<ul>\n \t<li>Stuttgart<\/li>\n \t<li>Pleidelsheim<\/li>\n \t<li>Ludwigsburg<\/li>\n \t<li>Kornwestheim<\/li>\n \t<li>Bietigheim-Bissingen<\/li>\n \t<li>Esslingen<\/li>\n \t<li>Marbach<\/li>\n \t<li>Freiberg<\/li>\n \t<li>Ingersheim<\/li>\n \t<li>Mundelsheim<\/li>\n<\/ul><\/div>\n<\/div><\/div><\/div><div id=\"pgc-95210-1-1\"  class=\"panel-grid-cell\" ><div id=\"panel-95210-1-1-0\" class=\"so-panel widget widget_sow-editor panel-first-child panel-last-child\" data-index=\"2\" ><div\n\t\t\t\n\t\t\tclass=\"so-widget-sow-editor so-widget-sow-editor-base\"\n\t\t\t\n\t\t>\n<div class=\"siteorigin-widget-tinymce textwidget\">\n\t<ul>\n \t<li>Steinheim an der Murr<\/li>\n \t<li>Asperg<\/li>\n \t<li>Gro\u00dfbottwar<\/li>\n \t<li>Sachsenheim<\/li>\n \t<li>Ditzingen<\/li>\n \t<li>Waiblingen<\/li>\n \t<li>Winnenden<\/li>\n \t<li>Backnang<\/li>\n \t<li>Fellbach<\/li>\n<\/ul><\/div>\n<\/div><\/div><\/div><\/div><div id=\"pg-95210-2\"  class=\"panel-grid panel-no-style\" ><div id=\"pgc-95210-2-0\"  class=\"panel-grid-cell\" ><div id=\"panel-95210-2-0-0\" class=\"so-panel widget widget_sow-editor panel-first-child panel-last-child\" data-index=\"3\" ><div\n\t\t\t\n\t\t\tclass=\"so-widget-sow-editor so-widget-sow-editor-base\"\n\t\t\t\n\t\t>\n<div class=\"siteorigin-widget-tinymce textwidget\">\n\t<hr \/>\n<h3>Unsere Topseller<\/h3>\n<div class=\"woocommerce columns-4 \"><ul class=\"products columns-4\">\n<li class=\"product type-product post-86492 status-publish first instock product_cat-kuechenkleidung-servicekleidung product_cat-latzschuerzen product_cat-gastronomie-klinik product_tag-m-s product_tag-kuechenkleidung product_tag-latzschuerze has-post-thumbnail taxable shipping-taxable purchasable product-type-variable has-default-attributes\">\n\t\n\n\n\n\t<p class=\"wc-gzd-additional-info wc-gzd-additional-info-loop tax-info\">inkl. MwSt.<\/p>\n\n\t<p class=\"wc-gzd-additional-info wc-gzd-additional-info-loop shipping-costs-info\">zzgl. <a href=\"https:\/\/arbeitskleidung.de\/shop\/versandinformationen\" target=\"_blank\">Versandkosten<\/a><\/p>\n\n\t<p class=\"wc-gzd-additional-info delivery-time-info wc-gzd-additional-info-loop i-classfa-fa-trucki-1-5-tage\"><i class=\"fa fa-truck\"><\/i> Lieferzeit: 1-5 Tage<\/p>\n<\/li>\n<li class=\"product type-product post-96757 status-publish instock product_cat-zunftbekleidung product_cat-verschleissteile-fhb product_tag-fhb product_tag-zunfthose has-post-thumbnail taxable shipping-taxable purchasable product-type-variable has-default-attributes\">\n\t\n\n\n\n\t<p class=\"wc-gzd-additional-info wc-gzd-additional-info-loop tax-info\">inkl. MwSt.<\/p>\n\n\t<p class=\"wc-gzd-additional-info wc-gzd-additional-info-loop shipping-costs-info\">zzgl. <a href=\"https:\/\/arbeitskleidung.de\/shop\/versandinformationen\" target=\"_blank\">Versandkosten<\/a><\/p>\n\n\t<p class=\"wc-gzd-additional-info delivery-time-info wc-gzd-additional-info-loop i-classfa-fa-trucki-1-5-tage\"><i class=\"fa fa-truck\"><\/i> Lieferzeit: 1-5 Tage<\/p>\n<\/li>\n<li class=\"product type-product post-84859 status-publish instock product_cat-zunftbekleidung product_cat-zunftaccessoires product_tag-fhb has-post-thumbnail taxable shipping-taxable purchasable product-type-variable has-default-attributes\">\n\t\n\n\n\n\t<p class=\"wc-gzd-additional-info wc-gzd-additional-info-loop tax-info\">inkl. MwSt.<\/p>\n\n\t<p class=\"wc-gzd-additional-info wc-gzd-additional-info-loop shipping-costs-info\">zzgl. <a href=\"https:\/\/arbeitskleidung.de\/shop\/versandinformationen\" target=\"_blank\">Versandkosten<\/a><\/p>\n\n\t<p class=\"wc-gzd-additional-info delivery-time-info wc-gzd-additional-info-loop i-classfa-fa-trucki-1-5-tage\"><i class=\"fa fa-truck\"><\/i> Lieferzeit: 1-5 Tage<\/p>\n<\/li>\n<li class=\"product type-product post-86581 status-publish last instock product_cat-kuechenkleidung-servicekleidung product_cat-gastronomie-klinik product_cat-vorbinder-bistroschuerzen product_tag-m-s product_tag-kuechenkleidung product_tag-vorbinder has-post-thumbnail taxable shipping-taxable purchasable product-type-variable has-default-attributes\">\n\t\n\n\n\n\t<p class=\"wc-gzd-additional-info wc-gzd-additional-info-loop tax-info\">inkl. MwSt.<\/p>\n\n\t<p class=\"wc-gzd-additional-info wc-gzd-additional-info-loop shipping-costs-info\">zzgl. <a href=\"https:\/\/arbeitskleidung.de\/shop\/versandinformationen\" target=\"_blank\">Versandkosten<\/a><\/p>\n\n\t<p class=\"wc-gzd-additional-info delivery-time-info wc-gzd-additional-info-loop i-classfa-fa-trucki-1-5-tage\"><i class=\"fa fa-truck\"><\/i> Lieferzeit: 1-5 Tage<\/p>\n<\/li>\n<li class=\"product type-product post-82117 status-publish first instock product_cat-polos-pullover product_cat-oberbekleidung product_cat-industrie-handwerk product_cat-t-shirt-unterwaesche product_cat-damen-sweatshirt-polos product_cat-damenberufskleidung product_tag-m-s product_tag-polo has-post-thumbnail taxable shipping-taxable purchasable product-type-variable has-default-attributes\">\n\t\n\n\n\n\t<p class=\"wc-gzd-additional-info wc-gzd-additional-info-loop tax-info\">inkl. MwSt.<\/p>\n\n\t<p class=\"wc-gzd-additional-info wc-gzd-additional-info-loop shipping-costs-info\">zzgl. <a href=\"https:\/\/arbeitskleidung.de\/shop\/versandinformationen\" target=\"_blank\">Versandkosten<\/a><\/p>\n\n\t<p class=\"wc-gzd-additional-info delivery-time-info wc-gzd-additional-info-loop i-classfa-fa-trucki-1-5-tage\"><i class=\"fa fa-truck\"><\/i> Lieferzeit: 1-5 Tage<\/p>\n<\/li>\n<li class=\"product type-product post-81592 status-publish instock product_cat-oberbekleidung product_cat-polos-pullover product_cat-herren-t-shirt-polos product_cat-industrie-handwerk product_cat-t-shirt-unterwaesche product_tag-m-s product_tag-polo has-post-thumbnail taxable shipping-taxable purchasable product-type-variable has-default-attributes\">\n\t\n\n\n\n\t<p class=\"wc-gzd-additional-info wc-gzd-additional-info-loop tax-info\">inkl. MwSt.<\/p>\n\n\t<p class=\"wc-gzd-additional-info wc-gzd-additional-info-loop shipping-costs-info\">zzgl. <a href=\"https:\/\/arbeitskleidung.de\/shop\/versandinformationen\" target=\"_blank\">Versandkosten<\/a><\/p>\n\n\t<p class=\"wc-gzd-additional-info delivery-time-info wc-gzd-additional-info-loop i-classfa-fa-trucki-1-5-tage\"><i class=\"fa fa-truck\"><\/i> Lieferzeit: 1-5 Tage<\/p>\n<\/li>\n<li class=\"product type-product post-81111 status-publish instock product_cat-t-shirt-sweatshirt product_cat-oberbekleidung product_cat-industrie-handwerk product_cat-herren-sweatshirt product_cat-t-shirt-unterwaesche product_tag-m-s product_tag-sweat-shirt product_tag-t-shirt has-post-thumbnail taxable shipping-taxable purchasable product-type-variable has-default-attributes\">\n\t\n\n\n\n\t<p class=\"wc-gzd-additional-info wc-gzd-additional-info-loop tax-info\">inkl. MwSt.<\/p>\n\n\t<p class=\"wc-gzd-additional-info wc-gzd-additional-info-loop shipping-costs-info\">zzgl. <a href=\"https:\/\/arbeitskleidung.de\/shop\/versandinformationen\" target=\"_blank\">Versandkosten<\/a><\/p>\n\n\t<p class=\"wc-gzd-additional-info delivery-time-info wc-gzd-additional-info-loop i-classfa-fa-trucki-1-5-tage\"><i class=\"fa fa-truck\"><\/i> Lieferzeit: 1-5 Tage<\/p>\n<\/li>\n<li class=\"product type-product post-118465 status-publish last instock product_cat-pka-serie-threeline-deluxe-pka-kollektion product_cat-industrie-handwerk product_cat-pka-kollektion product_tag-bundhose product_tag-pka has-post-thumbnail taxable shipping-taxable purchasable product-type-variable has-default-attributes\">\n\t\n\n\n\n\t<p class=\"wc-gzd-additional-info wc-gzd-additional-info-loop tax-info\">inkl. MwSt.<\/p>\n\n\t<p class=\"wc-gzd-additional-info wc-gzd-additional-info-loop shipping-costs-info\">zzgl. <a href=\"https:\/\/arbeitskleidung.de\/shop\/versandinformationen\" target=\"_blank\">Versandkosten<\/a><\/p>\n\n\t<p class=\"wc-gzd-additional-info delivery-time-info wc-gzd-additional-info-loop i-classfa-fa-trucki-1-5-tage\"><i class=\"fa fa-truck\"><\/i> Lieferzeit: 1-5 Tage<\/p>\n<\/li>\n<\/ul>\n<\/div>\n<\/div>\n<\/div><\/div><\/div><\/div><\/div>","protected":false},"excerpt":{"rendered":"<p>Gesch\u00e4ftsgebiete Hier sehen Sie einen Auszug unserer n\u00e4heren Gesch\u00e4fts- und Einzugsgebiete. Weitere Informationen entnehmen Sie bitte unserer Kundenreferenzliste. Stuttgart Pleidelsheim Ludwigsburg Kornwestheim Bietigheim-Bissingen Esslingen Marbach Freiberg Ingersheim Mundelsheim Steinheim an der Murr Asperg Gro\u00dfbottwar Sachsenheim Ditzingen Waiblingen Winnenden Backnang Fellbach<\/p>\n","protected":false},"author":1,"featured_media":0,"parent":0,"menu_order":0,"comment_status":"closed","ping_status":"closed","template":"","meta":{"footnotes":""},"class_list":["post-95210","page","type-page","status-publish","hentry"],"_links":{"self":[{"href":"https:\/\/arbeitskleidung.de\/shop\/wp-json\/wp\/v2\/pages\/95210"}],"collection":[{"href":"https:\/\/arbeitskleidung.de\/shop\/wp-json\/wp\/v2\/pages"}],"about":[{"href":"https:\/\/arbeitskleidung.de\/shop\/wp-json\/wp\/v2\/types\/page"}],"author":[{"embeddable":true,"href":"https:\/\/arbeitskleidung.de\/shop\/wp-json\/wp\/v2\/users\/1"}],"replies":[{"embeddable":true,"href":"https:\/\/arbeitskleidung.de\/shop\/wp-json\/wp\/v2\/comments?post=95210"}],"version-history":[{"count":0,"href":"https:\/\/arbeitskleidung.de\/shop\/wp-json\/wp\/v2\/pages\/95210\/revisions"}],"wp:attachment":[{"href":"https:\/\/arbeitskleidung.de\/shop\/wp-json\/wp\/v2\/media?parent=95210"}],"curies":[{"name":"wp","href":"https:\/\/api.w.org\/{rel}","templated":true}]}}