{"id":95391,"date":"2017-04-21T11:16:17","date_gmt":"2017-04-21T10:16:17","guid":{"rendered":"https:\/\/arbeitskleidung.de\/shop\/?page_id=95391"},"modified":"2021-04-04T11:22:47","modified_gmt":"2021-04-04T09:22:47","slug":"hersteller","status":"publish","type":"page","link":"https:\/\/arbeitskleidung.de\/shop\/hersteller","title":{"rendered":"Hersteller"},"content":{"rendered":"<h1>Hersteller und Lieferanten<\/h1>\n<p>Unsere Hersteller und Lieferanten geh\u00f6ren zu den etablierten Marktf\u00fchrern und produzieren f\u00fcr Sie hochwertige und preisorientierte Artikel.<\/p>\n<hr \/>\n<h3>Ein Auszug unserer Hersteller und Lieferanten<\/h3>\n\n\t\t<style type=\"text\/css\">\n\t\t\t#gallery-1 {\n\t\t\t\tmargin: auto;\n\t\t\t}\n\t\t\t#gallery-1 .gallery-item {\n\t\t\t\tfloat: left;\n\t\t\t\tmargin-top: 10px;\n\t\t\t\ttext-align: center;\n\t\t\t\twidth: 20%;\n\t\t\t}\n\t\t\t#gallery-1 img {\n\t\t\t\tborder: 2px solid #cfcfcf;\n\t\t\t}\n\t\t\t#gallery-1 .gallery-caption {\n\t\t\t\tmargin-left: 0;\n\t\t\t}\n\t\t\t\/* see gallery_shortcode() in wp-includes\/media.php *\/\n\t\t<\/style>\n\t\t<div id='gallery-1' class='gallery galleryid-95391 gallery-columns-5 gallery-size-thumbnail'><dl class='gallery-item'>\n\t\t\t<dt class='gallery-icon landscape'>\n\t\t\t\t<img loading=\"lazy\" decoding=\"async\" width=\"150\" height=\"84\" src=\"https:\/\/arbeitskleidung.de\/shop\/wp-content\/uploads\/Bierbaum-Proenen-150x84.jpg\" class=\"attachment-thumbnail size-thumbnail\" alt=\"\" aria-describedby=\"gallery-1-21804\" srcset=\"https:\/\/arbeitskleidung.de\/shop\/wp-content\/uploads\/Bierbaum-Proenen-150x84.jpg 150w, https:\/\/arbeitskleidung.de\/shop\/wp-content\/uploads\/Bierbaum-Proenen-300x168.jpg 300w, https:\/\/arbeitskleidung.de\/shop\/wp-content\/uploads\/Bierbaum-Proenen-600x337.jpg 600w, https:\/\/arbeitskleidung.de\/shop\/wp-content\/uploads\/Bierbaum-Proenen-768x431.jpg 768w, https:\/\/arbeitskleidung.de\/shop\/wp-content\/uploads\/Bierbaum-Proenen.jpg 827w\" sizes=\"(max-width: 150px) 100vw, 150px\" \/>\n\t\t\t<\/dt>\n\t\t\t\t<dd class='wp-caption-text gallery-caption' id='gallery-1-21804'>\n\t\t\t\tBierbaum-Proenen\n\t\t\t\t<\/dd><\/dl><dl class='gallery-item'>\n\t\t\t<dt class='gallery-icon landscape'>\n\t\t\t\t<img loading=\"lazy\" decoding=\"async\" width=\"150\" height=\"53\" src=\"https:\/\/arbeitskleidung.de\/shop\/wp-content\/uploads\/Stuco-150x53.jpg\" class=\"attachment-thumbnail size-thumbnail\" alt=\"\" aria-describedby=\"gallery-1-21818\" srcset=\"https:\/\/arbeitskleidung.de\/shop\/wp-content\/uploads\/Stuco-150x53.jpg 150w, https:\/\/arbeitskleidung.de\/shop\/wp-content\/uploads\/Stuco.jpg 300w\" sizes=\"(max-width: 150px) 100vw, 150px\" \/>\n\t\t\t<\/dt>\n\t\t\t\t<dd class='wp-caption-text gallery-caption' id='gallery-1-21818'>\n\t\t\t\tStuco\n\t\t\t\t<\/dd><\/dl><dl class='gallery-item'>\n\t\t\t<dt class='gallery-icon landscape'>\n\t\t\t\t<img loading=\"lazy\" decoding=\"async\" width=\"150\" height=\"52\" src=\"https:\/\/arbeitskleidung.de\/shop\/wp-content\/uploads\/Skiny-150x52.png\" class=\"attachment-thumbnail size-thumbnail\" alt=\"\" aria-describedby=\"gallery-1-21817\" srcset=\"https:\/\/arbeitskleidung.de\/shop\/wp-content\/uploads\/Skiny-150x52.png 150w, https:\/\/arbeitskleidung.de\/shop\/wp-content\/uploads\/Skiny-300x104.png 300w, https:\/\/arbeitskleidung.de\/shop\/wp-content\/uploads\/Skiny.png 340w\" sizes=\"(max-width: 150px) 100vw, 150px\" \/>\n\t\t\t<\/dt>\n\t\t\t\t<dd class='wp-caption-text gallery-caption' id='gallery-1-21817'>\n\t\t\t\tSkiny\n\t\t\t\t<\/dd><\/dl><dl class='gallery-item'>\n\t\t\t<dt class='gallery-icon landscape'>\n\t\t\t\t<img loading=\"lazy\" decoding=\"async\" width=\"150\" height=\"150\" src=\"https:\/\/arbeitskleidung.de\/shop\/wp-content\/uploads\/Qualitex-150x150.jpg\" class=\"attachment-thumbnail size-thumbnail\" alt=\"\" aria-describedby=\"gallery-1-21816\" srcset=\"https:\/\/arbeitskleidung.de\/shop\/wp-content\/uploads\/Qualitex-150x150.jpg 150w, https:\/\/arbeitskleidung.de\/shop\/wp-content\/uploads\/Qualitex.jpg 170w\" sizes=\"(max-width: 150px) 100vw, 150px\" \/>\n\t\t\t<\/dt>\n\t\t\t\t<dd class='wp-caption-text gallery-caption' id='gallery-1-21816'>\n\t\t\t\tQualitex\n\t\t\t\t<\/dd><\/dl><dl class='gallery-item'>\n\t\t\t<dt class='gallery-icon landscape'>\n\t\t\t\t<img loading=\"lazy\" decoding=\"async\" width=\"150\" height=\"54\" src=\"https:\/\/arbeitskleidung.de\/shop\/wp-content\/uploads\/PKA-150x54.jpg\" class=\"attachment-thumbnail size-thumbnail\" alt=\"\" aria-describedby=\"gallery-1-21815\" srcset=\"https:\/\/arbeitskleidung.de\/shop\/wp-content\/uploads\/PKA-150x54.jpg 150w, https:\/\/arbeitskleidung.de\/shop\/wp-content\/uploads\/PKA.jpg 300w\" sizes=\"(max-width: 150px) 100vw, 150px\" \/>\n\t\t\t<\/dt>\n\t\t\t\t<dd class='wp-caption-text gallery-caption' id='gallery-1-21815'>\n\t\t\t\tPKA\n\t\t\t\t<\/dd><\/dl><br style=\"clear: both\" \/><dl class='gallery-item'>\n\t\t\t<dt class='gallery-icon landscape'>\n\t\t\t\t<img loading=\"lazy\" decoding=\"async\" width=\"150\" height=\"56\" src=\"https:\/\/arbeitskleidung.de\/shop\/wp-content\/uploads\/MS-150x56.jpg\" class=\"attachment-thumbnail size-thumbnail\" alt=\"\" aria-describedby=\"gallery-1-21814\" srcset=\"https:\/\/arbeitskleidung.de\/shop\/wp-content\/uploads\/MS-150x56.jpg 150w, https:\/\/arbeitskleidung.de\/shop\/wp-content\/uploads\/MS-300x112.jpg 300w, https:\/\/arbeitskleidung.de\/shop\/wp-content\/uploads\/MS.jpg 369w\" sizes=\"(max-width: 150px) 100vw, 150px\" \/>\n\t\t\t<\/dt>\n\t\t\t\t<dd class='wp-caption-text gallery-caption' id='gallery-1-21814'>\n\t\t\t\tM + S\n\t\t\t\t<\/dd><\/dl><dl class='gallery-item'>\n\t\t\t<dt class='gallery-icon landscape'>\n\t\t\t\t<img loading=\"lazy\" decoding=\"async\" width=\"150\" height=\"90\" src=\"https:\/\/arbeitskleidung.de\/shop\/wp-content\/uploads\/Kuebler-150x90.jpg\" class=\"attachment-thumbnail size-thumbnail\" alt=\"\" aria-describedby=\"gallery-1-21813\" srcset=\"https:\/\/arbeitskleidung.de\/shop\/wp-content\/uploads\/Kuebler-150x90.jpg 150w, https:\/\/arbeitskleidung.de\/shop\/wp-content\/uploads\/Kuebler.jpg 300w\" sizes=\"(max-width: 150px) 100vw, 150px\" \/>\n\t\t\t<\/dt>\n\t\t\t\t<dd class='wp-caption-text gallery-caption' id='gallery-1-21813'>\n\t\t\t\tK\u00fcbler Workwear\n\t\t\t\t<\/dd><\/dl><dl class='gallery-item'>\n\t\t\t<dt class='gallery-icon landscape'>\n\t\t\t\t<img loading=\"lazy\" decoding=\"async\" width=\"150\" height=\"85\" src=\"https:\/\/arbeitskleidung.de\/shop\/wp-content\/uploads\/HAKRO-Logo-150x85.png\" class=\"attachment-thumbnail size-thumbnail\" alt=\"\" aria-describedby=\"gallery-1-97907\" \/>\n\t\t\t<\/dt>\n\t\t\t\t<dd class='wp-caption-text gallery-caption' id='gallery-1-97907'>\n\t\t\t\tHakro Aktivewear \n\t\t\t\t<\/dd><\/dl><dl class='gallery-item'>\n\t\t\t<dt class='gallery-icon landscape'>\n\t\t\t\t<img loading=\"lazy\" decoding=\"async\" width=\"150\" height=\"85\" src=\"https:\/\/arbeitskleidung.de\/shop\/wp-content\/uploads\/Hiza-150x85.png\" class=\"attachment-thumbnail size-thumbnail\" alt=\"\" aria-describedby=\"gallery-1-21812\" \/>\n\t\t\t<\/dt>\n\t\t\t\t<dd class='wp-caption-text gallery-caption' id='gallery-1-21812'>\n\t\t\t\tHiza\n\t\t\t\t<\/dd><\/dl><dl class='gallery-item'>\n\t\t\t<dt class='gallery-icon landscape'>\n\t\t\t\t<img loading=\"lazy\" decoding=\"async\" width=\"150\" height=\"52\" src=\"https:\/\/arbeitskleidung.de\/shop\/wp-content\/uploads\/Exner-150x52.jpg\" class=\"attachment-thumbnail size-thumbnail\" alt=\"\" aria-describedby=\"gallery-1-21809\" srcset=\"https:\/\/arbeitskleidung.de\/shop\/wp-content\/uploads\/Exner-150x52.jpg 150w, https:\/\/arbeitskleidung.de\/shop\/wp-content\/uploads\/Exner-300x103.jpg 300w, https:\/\/arbeitskleidung.de\/shop\/wp-content\/uploads\/Exner.jpg 364w\" sizes=\"(max-width: 150px) 100vw, 150px\" \/>\n\t\t\t<\/dt>\n\t\t\t\t<dd class='wp-caption-text gallery-caption' id='gallery-1-21809'>\n\t\t\t\tExner\n\t\t\t\t<\/dd><\/dl><br style=\"clear: both\" \/><dl class='gallery-item'>\n\t\t\t<dt class='gallery-icon landscape'>\n\t\t\t\t<img loading=\"lazy\" decoding=\"async\" width=\"150\" height=\"46\" src=\"https:\/\/arbeitskleidung.de\/shop\/wp-content\/uploads\/Elysee-150x46.jpg\" class=\"attachment-thumbnail size-thumbnail\" alt=\"\" aria-describedby=\"gallery-1-21808\" srcset=\"https:\/\/arbeitskleidung.de\/shop\/wp-content\/uploads\/Elysee-150x46.jpg 150w, https:\/\/arbeitskleidung.de\/shop\/wp-content\/uploads\/Elysee-300x92.jpg 300w, https:\/\/arbeitskleidung.de\/shop\/wp-content\/uploads\/Elysee.jpg 520w\" sizes=\"(max-width: 150px) 100vw, 150px\" \/>\n\t\t\t<\/dt>\n\t\t\t\t<dd class='wp-caption-text gallery-caption' id='gallery-1-21808'>\n\t\t\t\tElysee\n\t\t\t\t<\/dd><\/dl><dl class='gallery-item'>\n\t\t\t<dt class='gallery-icon landscape'>\n\t\t\t\t<img loading=\"lazy\" decoding=\"async\" width=\"150\" height=\"75\" src=\"https:\/\/arbeitskleidung.de\/shop\/wp-content\/uploads\/Dassy-150x75.jpg\" class=\"attachment-thumbnail size-thumbnail\" alt=\"\" aria-describedby=\"gallery-1-21806\" srcset=\"https:\/\/arbeitskleidung.de\/shop\/wp-content\/uploads\/Dassy-150x75.jpg 150w, https:\/\/arbeitskleidung.de\/shop\/wp-content\/uploads\/Dassy-300x150.jpg 300w, https:\/\/arbeitskleidung.de\/shop\/wp-content\/uploads\/Dassy-600x301.jpg 600w, https:\/\/arbeitskleidung.de\/shop\/wp-content\/uploads\/Dassy-768x385.jpg 768w, https:\/\/arbeitskleidung.de\/shop\/wp-content\/uploads\/Dassy-1024x513.jpg 1024w, https:\/\/arbeitskleidung.de\/shop\/wp-content\/uploads\/Dassy.jpg 1180w\" sizes=\"(max-width: 150px) 100vw, 150px\" \/>\n\t\t\t<\/dt>\n\t\t\t\t<dd class='wp-caption-text gallery-caption' id='gallery-1-21806'>\n\t\t\t\tDassy\n\t\t\t\t<\/dd><\/dl><dl class='gallery-item'>\n\t\t\t<dt class='gallery-icon landscape'>\n\t\t\t\t<img loading=\"lazy\" decoding=\"async\" width=\"150\" height=\"81\" src=\"https:\/\/arbeitskleidung.de\/shop\/wp-content\/uploads\/Cofra-150x81.jpg\" class=\"attachment-thumbnail size-thumbnail\" alt=\"\" aria-describedby=\"gallery-1-21805\" srcset=\"https:\/\/arbeitskleidung.de\/shop\/wp-content\/uploads\/Cofra-150x81.jpg 150w, https:\/\/arbeitskleidung.de\/shop\/wp-content\/uploads\/Cofra.jpg 300w\" sizes=\"(max-width: 150px) 100vw, 150px\" \/>\n\t\t\t<\/dt>\n\t\t\t\t<dd class='wp-caption-text gallery-caption' id='gallery-1-21805'>\n\t\t\t\tCofra\n\t\t\t\t<\/dd><\/dl><dl class='gallery-item'>\n\t\t\t<dt class='gallery-icon landscape'>\n\t\t\t\t<img loading=\"lazy\" decoding=\"async\" width=\"150\" height=\"84\" src=\"https:\/\/arbeitskleidung.de\/shop\/wp-content\/uploads\/Dickies-150x84.png\" class=\"attachment-thumbnail size-thumbnail\" alt=\"\" aria-describedby=\"gallery-1-21807\" srcset=\"https:\/\/arbeitskleidung.de\/shop\/wp-content\/uploads\/Dickies-150x84.png 150w, https:\/\/arbeitskleidung.de\/shop\/wp-content\/uploads\/Dickies-300x169.png 300w, https:\/\/arbeitskleidung.de\/shop\/wp-content\/uploads\/Dickies.png 533w\" sizes=\"(max-width: 150px) 100vw, 150px\" \/>\n\t\t\t<\/dt>\n\t\t\t\t<dd class='wp-caption-text gallery-caption' id='gallery-1-21807'>\n\t\t\t\tDickies\n\t\t\t\t<\/dd><\/dl><dl class='gallery-item'>\n\t\t\t<dt class='gallery-icon portrait'>\n\t\t\t\t<img loading=\"lazy\" decoding=\"async\" width=\"102\" height=\"150\" src=\"https:\/\/arbeitskleidung.de\/shop\/wp-content\/uploads\/FHB-102x150.jpg\" class=\"attachment-thumbnail size-thumbnail\" alt=\"\" aria-describedby=\"gallery-1-21810\" srcset=\"https:\/\/arbeitskleidung.de\/shop\/wp-content\/uploads\/FHB-102x150.jpg 102w, https:\/\/arbeitskleidung.de\/shop\/wp-content\/uploads\/FHB-205x300.jpg 205w, https:\/\/arbeitskleidung.de\/shop\/wp-content\/uploads\/FHB.jpg 217w\" sizes=\"(max-width: 102px) 100vw, 102px\" \/>\n\t\t\t<\/dt>\n\t\t\t\t<dd class='wp-caption-text gallery-caption' id='gallery-1-21810'>\n\t\t\t\tFHB\n\t\t\t\t<\/dd><\/dl><br style=\"clear: both\" \/>\n\t\t<\/div>\n\n<p>Sie sind selbst Hersteller von Arbeitskleidung, Berufsbekleidung, Sicherheitsbekleidung, Sicherheitsausr\u00fcstung, Sicherheitsschuhen oder \u00c4hnlichem und m\u00f6chten dies \u00fcber uns vertreiben? Kein Problem. \u00dcbermitteln Sie uns Ihre Daten \u00fcber unser <a href=\"https:\/\/arbeitskleidung.de\/shop\/kontakt\">Kontaktformular<\/a> und wir werden und mit Ihnen in Verbindung setzen.<\/p>\n","protected":false},"excerpt":{"rendered":"<p>Hersteller und Lieferanten Unsere Hersteller und Lieferanten geh\u00f6ren zu den etablierten Marktf\u00fchrern und produzieren f\u00fcr Sie hochwertige und preisorientierte Artikel. Ein Auszug unserer Hersteller und Lieferanten Sie sind selbst Hersteller von Arbeitskleidung, Berufsbekleidung, Sicherheitsbekleidung, Sicherheitsausr\u00fcstung, Sicherheitsschuhen oder \u00c4hnlichem und m\u00f6chten dies \u00fcber uns vertreiben? Kein Problem. \u00dcbermitteln Sie uns Ihre Daten \u00fcber unser Kontaktformular und [&hellip;]<\/p>\n","protected":false},"author":1,"featured_media":0,"parent":0,"menu_order":0,"comment_status":"closed","ping_status":"closed","template":"","meta":{"footnotes":""},"class_list":["post-95391","page","type-page","status-publish","hentry"],"_links":{"self":[{"href":"https:\/\/arbeitskleidung.de\/shop\/wp-json\/wp\/v2\/pages\/95391"}],"collection":[{"href":"https:\/\/arbeitskleidung.de\/shop\/wp-json\/wp\/v2\/pages"}],"about":[{"href":"https:\/\/arbeitskleidung.de\/shop\/wp-json\/wp\/v2\/types\/page"}],"author":[{"embeddable":true,"href":"https:\/\/arbeitskleidung.de\/shop\/wp-json\/wp\/v2\/users\/1"}],"replies":[{"embeddable":true,"href":"https:\/\/arbeitskleidung.de\/shop\/wp-json\/wp\/v2\/comments?post=95391"}],"version-history":[{"count":0,"href":"https:\/\/arbeitskleidung.de\/shop\/wp-json\/wp\/v2\/pages\/95391\/revisions"}],"wp:attachment":[{"href":"https:\/\/arbeitskleidung.de\/shop\/wp-json\/wp\/v2\/media?parent=95391"}],"curies":[{"name":"wp","href":"https:\/\/api.w.org\/{rel}","templated":true}]}}