{"id":96623,"date":"2018-05-29T10:48:27","date_gmt":"2018-05-29T09:48:27","guid":{"rendered":"https:\/\/arbeitskleidung.de\/shop\/?page_id=96623"},"modified":"2019-01-03T18:14:17","modified_gmt":"2019-01-03T17:14:17","slug":"widerrufsformular","status":"publish","type":"page","link":"https:\/\/arbeitskleidung.de\/shop\/widerrufsformular","title":{"rendered":"Widerrufsformular"},"content":{"rendered":"<h1>Widerrufsformular<\/h1>\n<p>Wenn Sie den Vertrag widerrufen wollen, dann f\u00fcllen Sie bitte folgendes Formular aus.<\/p>\n\n<div class=\"wpcf7 no-js\" id=\"wpcf7-f97217-o1\" lang=\"de-DE\" dir=\"ltr\" data-wpcf7-id=\"97217\">\n<div class=\"screen-reader-response\"><p role=\"status\" aria-live=\"polite\" aria-atomic=\"true\"><\/p> <ul><\/ul><\/div>\n<form action=\"\/shop\/wp-json\/wp\/v2\/pages\/96623#wpcf7-f97217-o1\" method=\"post\" class=\"wpcf7-form init\" aria-label=\"Kontaktformular\" novalidate=\"novalidate\" data-status=\"init\">\n<div style=\"display: none;\">\n<input type=\"hidden\" name=\"_wpcf7\" value=\"97217\" \/>\n<input type=\"hidden\" name=\"_wpcf7_version\" value=\"6.0.4\" \/>\n<input type=\"hidden\" name=\"_wpcf7_locale\" value=\"de_DE_formal\" \/>\n<input type=\"hidden\" name=\"_wpcf7_unit_tag\" value=\"wpcf7-f97217-o1\" \/>\n<input type=\"hidden\" name=\"_wpcf7_container_post\" value=\"0\" \/>\n<input type=\"hidden\" name=\"_wpcf7_posted_data_hash\" value=\"\" \/>\n<\/div>\n<p><strong>Hiermit widerrufe ich den von mir abgeschlossenen Vertrag \u00fcber den Kauf folgender Waren:<\/strong>\n<\/p>\n<p><label> Waren (Bitte mit Artikelnummer) <abbr class=\"required\" title=\"\">*<\/abbr><br \/>\n<span class=\"wpcf7-form-control-wrap\" data-name=\"waren\"><textarea cols=\"73\" rows=\"5\" maxlength=\"2000\" class=\"wpcf7-form-control wpcf7-textarea wpcf7-validates-as-required\" aria-required=\"true\" aria-invalid=\"false\" placeholder=\"Eingabe erforderlich\" name=\"waren\"><\/textarea><\/span> <\/label>\n<\/p>\n<p><label style=\"float:left; margin-right: 20px;\"> Bestellt am <abbr class=\"required\" title=\"\">*<\/abbr><br \/>\n<span class=\"wpcf7-form-control-wrap\" data-name=\"bestelldatum\"><input size=\"40\" maxlength=\"400\" class=\"wpcf7-form-control wpcf7-text wpcf7-validates-as-required\" aria-required=\"true\" aria-invalid=\"false\" placeholder=\"TT.MM.JJJJ\" value=\"\" type=\"text\" name=\"bestelldatum\" \/><\/span> <\/label>\n<\/p>\n<p><label style=\"float:left\"> Rechnungsnummer <abbr class=\"required\" title=\"\">*<\/abbr><br \/>\n<span class=\"wpcf7-form-control-wrap\" data-name=\"rechnungsnummer\"><input size=\"40\" maxlength=\"400\" class=\"wpcf7-form-control wpcf7-text wpcf7-validates-as-required\" aria-required=\"true\" aria-invalid=\"false\" placeholder=\"Eingabe erforderlich\" value=\"\" type=\"text\" name=\"rechnungsnummer\" \/><\/span> <\/label>\n<\/p>\n<p><br style=\"clear:both;\" \/>\n<\/p>\n<p><strong>Bestellt als Verbraucher, mit folgenden Daten:<\/strong>\n<\/p>\n<p><label style=\"float:left; margin-right: 20px;\"> Vorname <abbr class=\"required\" title=\"\">*<\/abbr><br \/>\n<span class=\"wpcf7-form-control-wrap\" data-name=\"your-name\"><input size=\"40\" maxlength=\"400\" class=\"wpcf7-form-control wpcf7-text wpcf7-validates-as-required\" aria-required=\"true\" aria-invalid=\"false\" placeholder=\"Eingabe erforderlich\" value=\"\" type=\"text\" name=\"your-name\" \/><\/span> <\/label>\n<\/p>\n<p><label style=\"float:left;\"> Nachname <abbr class=\"required\" title=\"\">*<\/abbr><br \/>\n<span class=\"wpcf7-form-control-wrap\" data-name=\"your-lastname\"><input size=\"40\" maxlength=\"400\" class=\"wpcf7-form-control wpcf7-text wpcf7-validates-as-required\" aria-required=\"true\" aria-invalid=\"false\" placeholder=\"Eingabe erforderlich\" value=\"\" type=\"text\" name=\"your-lastname\" \/><\/span> <\/label>\n<\/p>\n<p><br style=\"clear:both;\" \/>\n<\/p>\n<p><label> Bestellt mit E-Mail-Adresse <abbr class=\"required\" title=\"\">*<\/abbr><br \/>\n<span class=\"wpcf7-form-control-wrap\" data-name=\"your-email\"><input size=\"40\" maxlength=\"400\" class=\"wpcf7-form-control wpcf7-email wpcf7-validates-as-required wpcf7-text wpcf7-validates-as-email\" aria-required=\"true\" aria-invalid=\"false\" placeholder=\"Eingabe erforderlich\" value=\"\" type=\"email\" name=\"your-email\" \/><\/span> <\/label>\n<\/p>\n<p><strong>Die Waren wurden an folgende Adresse versandt:<\/strong>\n<\/p>\n<p><label style=\"float:left; margin-right: 20px;\"> Stra\u00dfe <abbr class=\"required\" title=\"\">*<\/abbr><br \/>\n<span class=\"wpcf7-form-control-wrap\" data-name=\"your-street\"><input size=\"40\" maxlength=\"400\" class=\"wpcf7-form-control wpcf7-text wpcf7-validates-as-required\" aria-required=\"true\" aria-invalid=\"false\" placeholder=\"Eingabe erforderlich\" value=\"\" type=\"text\" name=\"your-street\" \/><\/span> <\/label>\n<\/p>\n<p><label style=\"float:left;\"> Hausnummer <abbr class=\"required\" title=\"\">*<\/abbr><br \/>\n<span class=\"wpcf7-form-control-wrap\" data-name=\"your-streetnr\"><input size=\"40\" maxlength=\"400\" class=\"wpcf7-form-control wpcf7-text wpcf7-validates-as-required\" aria-required=\"true\" aria-invalid=\"false\" placeholder=\"Eingabe erforderlich\" value=\"\" type=\"text\" name=\"your-streetnr\" \/><\/span> <\/label>\n<\/p>\n<p><br style=\"clear:both;\" \/>\n<\/p>\n<p><label style=\"float:left; margin-right: 20px;\"> PLZ <abbr class=\"required\" title=\"\">*<\/abbr><br \/>\n<span class=\"wpcf7-form-control-wrap\" data-name=\"your-plz\"><input size=\"40\" maxlength=\"400\" class=\"wpcf7-form-control wpcf7-text wpcf7-validates-as-required\" aria-required=\"true\" aria-invalid=\"false\" placeholder=\"Eingabe erforderlich\" value=\"\" type=\"text\" name=\"your-plz\" \/><\/span> <\/label>\n<\/p>\n<p><label style=\"float:left;\"> Ort <abbr class=\"required\" title=\"\">*<\/abbr><br \/>\n<span class=\"wpcf7-form-control-wrap\" data-name=\"your-city\"><input size=\"40\" maxlength=\"400\" class=\"wpcf7-form-control wpcf7-text wpcf7-validates-as-required\" aria-required=\"true\" aria-invalid=\"false\" placeholder=\"Eingabe erforderlich\" value=\"\" type=\"text\" name=\"your-city\" \/><\/span> <\/label>\n<\/p>\n<p><br style=\"clear:both;\" \/>\n<\/p>\n<p><label> Telefon-Nr.<br \/>\n<span class=\"wpcf7-form-control-wrap\" data-name=\"your-tel\"><input size=\"40\" maxlength=\"400\" class=\"wpcf7-form-control wpcf7-tel wpcf7-text wpcf7-validates-as-tel\" aria-invalid=\"false\" value=\"\" type=\"tel\" name=\"your-tel\" \/><\/span> <\/label>\n<\/p>\n<p><label> <span class=\"wpcf7-form-control-wrap\" data-name=\"acceptance-622\"><span class=\"wpcf7-form-control wpcf7-acceptance\"><span class=\"wpcf7-list-item\"><label><input type=\"checkbox\" name=\"acceptance-622\" value=\"1\" aria-invalid=\"false\" \/><span class=\"wpcf7-list-item-label\">Ich best\u00e4tige die <a href=\"\/shop\/datenschutzerklaerung\" rel=\"noopener noreferrer\">Datenschutzerkl\u00e4rung<\/a> gelesen zu haben.<\/span><\/label><\/span><\/span><\/span> <\/label>\n<\/p>\n<p><span> <span id=\"ai1ic-m0hoI\" data-toggle=\"\" class=\"cf7ic-loader\">Loading...<\/span> <\/span>\n<\/p>\n<p><input class=\"wpcf7-form-control wpcf7-submit has-spinner\" type=\"submit\" value=\"Senden\" \/>\n<\/p><div class=\"wpcf7-response-output\" aria-hidden=\"true\"><\/div>\n<\/form>\n<\/div>\n\n<p>Sie k\u00f6nnen das Widerrufsformular auch ausdrucken und an uns zur\u00fccksenden.<\/p>\n<p><strong><a class=\"button\" href=\"https:\/\/arbeitskleidung.de\/shop\/wp-content\/uploads\/pdf\/Widerrufsformular.pdf\" target=\"_blank\" rel=\"noopener\">Widerrufsformular als PDF<\/a><\/strong><\/p>\n","protected":false},"excerpt":{"rendered":"<p>Widerrufsformular Wenn Sie den Vertrag widerrufen wollen, dann f\u00fcllen Sie bitte folgendes Formular aus. Sie k\u00f6nnen das Widerrufsformular auch ausdrucken und an uns zur\u00fccksenden. Widerrufsformular als PDF<\/p>\n","protected":false},"author":1,"featured_media":0,"parent":0,"menu_order":0,"comment_status":"closed","ping_status":"closed","template":"","meta":{"footnotes":""},"class_list":["post-96623","page","type-page","status-publish","hentry"],"_links":{"self":[{"href":"https:\/\/arbeitskleidung.de\/shop\/wp-json\/wp\/v2\/pages\/96623"}],"collection":[{"href":"https:\/\/arbeitskleidung.de\/shop\/wp-json\/wp\/v2\/pages"}],"about":[{"href":"https:\/\/arbeitskleidung.de\/shop\/wp-json\/wp\/v2\/types\/page"}],"author":[{"embeddable":true,"href":"https:\/\/arbeitskleidung.de\/shop\/wp-json\/wp\/v2\/users\/1"}],"replies":[{"embeddable":true,"href":"https:\/\/arbeitskleidung.de\/shop\/wp-json\/wp\/v2\/comments?post=96623"}],"version-history":[{"count":0,"href":"https:\/\/arbeitskleidung.de\/shop\/wp-json\/wp\/v2\/pages\/96623\/revisions"}],"wp:attachment":[{"href":"https:\/\/arbeitskleidung.de\/shop\/wp-json\/wp\/v2\/media?parent=96623"}],"curies":[{"name":"wp","href":"https:\/\/api.w.org\/{rel}","templated":true}]}}