{"id":101827,"date":"2021-07-16T14:59:46","date_gmt":"2021-07-16T12:59:46","guid":{"rendered":"https:\/\/arbeitskleidung.de\/shop\/produkt\/stuco-damen-schlupfschuh"},"modified":"2024-02-12T14:31:51","modified_gmt":"2024-02-12T12:31:51","slug":"stuco-damen-schlupfschuh","status":"publish","type":"product","link":"https:\/\/arbeitskleidung.de\/shop\/produkt\/stuco-damen-schlupfschuh","title":{"rendered":"STUCO Damen Schlupfschuh"},"content":{"rendered":"<p><strong>STUCO Damen Schlupfschuh<\/strong><br \/>\nGepr\u00fcft nach EN ISO 20345 S1 SRC ESD<br \/>\nSportlicher Damen-Sicherheitsschl\u00fcpfer mit seitlichen L\u00fcftungs\u00f6ffnungen,<br \/>\nObermaterial aus Mikrofaser, mit Komfort-Fussbetteinlage<br \/>\nund atmungsaktivem AFX Futter.<br \/>\nMit ergonomischer Stahlkappe und Vibram Zweischicht-PUR\/Gummisohle,<br \/>\nantistatisch.<\/p>\n","protected":false},"excerpt":{"rendered":"<p>Restpostenverkauf vom Umtausch ausgeschlossen<\/p>\n","protected":false},"featured_media":96516,"comment_status":"open","ping_status":"closed","template":"","meta":[],"product_cat":[2902,823,1026,3274],"product_tag":[2912,2914],"class_list":["post-101827","product","type-product","status-publish","has-post-thumbnail","hentry","product_cat-stuco-sicherheitsschuhe","product_cat-industrie-handwerk","product_cat-berufsschuhe-schutzschuhe","product_cat-stuco-sicherheitsschuhe-industrie-handwerk","product_tag-stuco","product_tag-sicherheitsschuhe","pa_groesse-2874","pa_groesse-2936","pa_groesse-2875","pa_groesse-2897","pa_groesse-2876","pa_groesse-2898","pa_groesse-2877","pa_hersteller-stuco"],"_links":{"self":[{"href":"https:\/\/arbeitskleidung.de\/shop\/wp-json\/wp\/v2\/product\/101827"}],"collection":[{"href":"https:\/\/arbeitskleidung.de\/shop\/wp-json\/wp\/v2\/product"}],"about":[{"href":"https:\/\/arbeitskleidung.de\/shop\/wp-json\/wp\/v2\/types\/product"}],"replies":[{"embeddable":true,"href":"https:\/\/arbeitskleidung.de\/shop\/wp-json\/wp\/v2\/comments?post=101827"}],"wp:featuredmedia":[{"embeddable":true,"href":"https:\/\/arbeitskleidung.de\/shop\/wp-json\/wp\/v2\/media\/96516"}],"wp:attachment":[{"href":"https:\/\/arbeitskleidung.de\/shop\/wp-json\/wp\/v2\/media?parent=101827"}],"wp:term":[{"taxonomy":"product_cat","embeddable":true,"href":"https:\/\/arbeitskleidung.de\/shop\/wp-json\/wp\/v2\/product_cat?post=101827"},{"taxonomy":"product_tag","embeddable":true,"href":"https:\/\/arbeitskleidung.de\/shop\/wp-json\/wp\/v2\/product_tag?post=101827"}],"curies":[{"name":"wp","href":"https:\/\/api.w.org\/{rel}","templated":true}]}}