{"id":101835,"date":"2021-01-20T14:40:58","date_gmt":"2021-01-20T12:40:58","guid":{"rendered":"https:\/\/arbeitskleidung.de\/shop\/produkt\/ffp2-atemschutzmaske"},"modified":"2021-11-22T18:24:22","modified_gmt":"2021-11-22T16:24:22","slug":"ffp2-atemschutzmaske","status":"publish","type":"product","link":"https:\/\/arbeitskleidung.de\/shop\/produkt\/ffp2-atemschutzmaske","title":{"rendered":"FFP2 Atemschutzmaske"},"content":{"rendered":"<p><strong>FFP2 Atemschutzmaske<\/strong><br \/>\nCE-Zertifiziert<br \/>\natmungsaktiv und weich.<br \/>\nF\u00fcr Brillentr\u00e4ger geeignet &#8211; Gl\u00e4ser beschlagen nicht.<br \/>\nDer verstellbare Nasenr\u00fccken und die elastische<br \/>\nOhrschlaufe f\u00fcr optimalen Sitz.<br \/>\nSchutzmasken der Schutzklasse werden f\u00fcr Umgebungen<br \/>\nmit sch\u00e4dlichen und mutagenen Partikeln in der Luft.<br \/>\nAtemschutzmasken dieser Klasse bieten eine Barriere f\u00fcr mindestens 95 % der Partikel,<br \/>\ndie gr\u00f6\u00dfer als 0,5 mm sind, und k\u00f6nnen in Umgebungen verwendet werden,<br \/>\nin denen gef\u00e4hrliche Substanzen die OEL um bis zu<br \/>\nmaximal das Zehnfache \u00fcberschreiten.<\/p>\n","protected":false},"excerpt":{"rendered":"<p>FFP2 Atemschutzmaske CE-Zertifiziert atmungsaktiv und weich. F\u00fcr Brillentr\u00e4ger geeignet &#8211; Gl\u00e4ser beschlagen nicht. Der verstellbare Nasenr\u00fccken und die elastische Ohrschlaufe f\u00fcr optimalen Sitz. Schutzmasken der Schutzklasse werden f\u00fcr Umgebungen mit sch\u00e4dlichen und mutagenen Partikeln in der Luft. Atemschutzmasken dieser Klasse bieten eine Barriere f\u00fcr mindestens 95 % der Partikel, die gr\u00f6\u00dfer als 0,5 mm sind, [&hellip;]<\/p>\n","protected":false},"featured_media":101836,"comment_status":"open","ping_status":"closed","template":"","meta":[],"product_cat":[823,3186,779,3185,3362],"product_tag":[2791,2965,2966,3416],"class_list":["post-101835","product","type-product","status-publish","has-post-thumbnail","hentry","product_cat-industrie-handwerk","product_cat-einwegkleidung-ueberschuhe","product_cat-gastronomie-klinik","product_cat-einweghygieneartikel","product_cat-kopfschutz","product_tag-arbeitskleidung","product_tag-einwegkleidung","product_tag-ueberschuhe","product_tag-kopfschutz","pa_hersteller-arbeitskleidung"],"_links":{"self":[{"href":"https:\/\/arbeitskleidung.de\/shop\/wp-json\/wp\/v2\/product\/101835"}],"collection":[{"href":"https:\/\/arbeitskleidung.de\/shop\/wp-json\/wp\/v2\/product"}],"about":[{"href":"https:\/\/arbeitskleidung.de\/shop\/wp-json\/wp\/v2\/types\/product"}],"replies":[{"embeddable":true,"href":"https:\/\/arbeitskleidung.de\/shop\/wp-json\/wp\/v2\/comments?post=101835"}],"wp:featuredmedia":[{"embeddable":true,"href":"https:\/\/arbeitskleidung.de\/shop\/wp-json\/wp\/v2\/media\/101836"}],"wp:attachment":[{"href":"https:\/\/arbeitskleidung.de\/shop\/wp-json\/wp\/v2\/media?parent=101835"}],"wp:term":[{"taxonomy":"product_cat","embeddable":true,"href":"https:\/\/arbeitskleidung.de\/shop\/wp-json\/wp\/v2\/product_cat?post=101835"},{"taxonomy":"product_tag","embeddable":true,"href":"https:\/\/arbeitskleidung.de\/shop\/wp-json\/wp\/v2\/product_tag?post=101835"}],"curies":[{"name":"wp","href":"https:\/\/api.w.org\/{rel}","templated":true}]}}