{"id":102153,"date":"2023-01-31T12:09:34","date_gmt":"2023-01-31T10:09:34","guid":{"rendered":"https:\/\/arbeitskleidung.de\/shop\/produkt\/bierbaum-proenen-damenkasack-4"},"modified":"2023-01-31T12:09:36","modified_gmt":"2023-01-31T10:09:36","slug":"bierbaum-proenen-damenkasack-4","status":"publish","type":"product","link":"https:\/\/arbeitskleidung.de\/shop\/produkt\/bierbaum-proenen-damenkasack-4","title":{"rendered":"Bierbaum-Proenen Damenkasack"},"content":{"rendered":"<p><strong>Bierbaum-Proenen Damenkasack<\/strong><br \/>\n1\/2 Arm, V-Ausschnitt,<br \/>\nDruckknopfleiste,<br \/>\n1 Brusttasche, 2 Seitentaschen,<br \/>\nbequeme Form<br \/>\nL\u00e4nge 75 cm, <\/p>\n<p>65 % Polyester \/ 35 % Baumwolle,<br \/>\nkochfest, pflegeleicht<br \/>\n\u00d6ko-Tex Standard 100<br \/>\nGr\u00f6\u00dfen: 34-36-38-40-42-44-46-48-52<\/p>\n","protected":false},"excerpt":{"rendered":"<p>Bierbaum-Proenen Damenkasack 1\/2 Arm, V-Ausschnitt, Druckknopfleiste, 1 Brusttasche, 2 Seitentaschen, bequeme Form L\u00e4nge 75 cm, 65 % Polyester \/ 35 % Baumwolle, kochfest, pflegeleicht \u00d6ko-Tex Standard 100 Gr\u00f6\u00dfen: 34-36-38-40-42-44-46-48-52<\/p>\n","protected":false},"featured_media":51670,"comment_status":"open","ping_status":"open","template":"","meta":[],"product_cat":[779,3137,3132],"product_tag":[3135,3175],"class_list":["post-102153","product","type-product","status-publish","has-post-thumbnail","hentry","product_cat-gastronomie-klinik","product_cat-damenkasacks","product_cat-klinikkleidung-praxiskleidung-pflegekleidung","product_tag-pflegekleidung","product_tag-bierbaum-proenen","pa_groesse-3069","pa_groesse-2874","pa_groesse-2875","pa_groesse-2876","pa_groesse-2877","pa_groesse-2878","pa_groesse-2891","pa_groesse-2939","pa_groesse-3011","pa_groesse-3012","pa_hersteller-bierbaum-proenen"],"_links":{"self":[{"href":"https:\/\/arbeitskleidung.de\/shop\/wp-json\/wp\/v2\/product\/102153"}],"collection":[{"href":"https:\/\/arbeitskleidung.de\/shop\/wp-json\/wp\/v2\/product"}],"about":[{"href":"https:\/\/arbeitskleidung.de\/shop\/wp-json\/wp\/v2\/types\/product"}],"replies":[{"embeddable":true,"href":"https:\/\/arbeitskleidung.de\/shop\/wp-json\/wp\/v2\/comments?post=102153"}],"wp:featuredmedia":[{"embeddable":true,"href":"https:\/\/arbeitskleidung.de\/shop\/wp-json\/wp\/v2\/media\/51670"}],"wp:attachment":[{"href":"https:\/\/arbeitskleidung.de\/shop\/wp-json\/wp\/v2\/media?parent=102153"}],"wp:term":[{"taxonomy":"product_cat","embeddable":true,"href":"https:\/\/arbeitskleidung.de\/shop\/wp-json\/wp\/v2\/product_cat?post=102153"},{"taxonomy":"product_tag","embeddable":true,"href":"https:\/\/arbeitskleidung.de\/shop\/wp-json\/wp\/v2\/product_tag?post=102153"}],"curies":[{"name":"wp","href":"https:\/\/api.w.org\/{rel}","templated":true}]}}