{"id":102221,"date":"2023-01-31T12:20:34","date_gmt":"2023-01-31T10:20:34","guid":{"rendered":"https:\/\/arbeitskleidung.de\/shop\/produkt\/bierbaum-proenen-unisexmantel-3"},"modified":"2023-01-31T12:20:36","modified_gmt":"2023-01-31T10:20:36","slug":"bierbaum-proenen-unisexmantel-3","status":"publish","type":"product","link":"https:\/\/arbeitskleidung.de\/shop\/produkt\/bierbaum-proenen-unisexmantel-3","title":{"rendered":"Bierbaum-Proenen Unisexmantel"},"content":{"rendered":"<p><strong>Bierbaum-Proenen Unisexmantel<\/strong><br \/>\n1\/1 Arm, Reverskragen,<br \/>\nverdeckte Druckknopfleiste,<br \/>\n1 Brusttasche, 2 Seitentaschen,<br \/>\nR\u00fcckenschlitz,<br \/>\n215 g\/m\u00b2<br \/>\nklassisches Mischgewebe<br \/>\n65 % Polyester \/ 35 % Baumwolle<br \/>\nIndustriew\u00e4sche-geeignet nach ISO 15797<br \/>\n\u00d6ko-Tex Standard 100<br \/>\nL\u00e4nge: 103 cm <\/p>\n<p>Gr\u00f6\u00dfen: XXS-XS-S-M-L-XL-XXL-3-XL<\/p>\n","protected":false},"excerpt":{"rendered":"<p>Bierbaum-Proenen Unisexmantel 1\/1 Arm, Reverskragen, verdeckte Druckknopfleiste, 1 Brusttasche, 2 Seitentaschen, R\u00fcckenschlitz, 215 g\/m\u00b2 klassisches Mischgewebe 65 % Polyester \/ 35 % Baumwolle Industriew\u00e4sche-geeignet nach ISO 15797 \u00d6ko-Tex Standard 100 L\u00e4nge: 103 cm Gr\u00f6\u00dfen: XXS-XS-S-M-L-XL-XXL-3-XL<\/p>\n","protected":false},"featured_media":87026,"comment_status":"open","ping_status":"open","template":"","meta":[],"product_cat":[3136,779,3132,3239],"product_tag":[3135,3175],"class_list":["post-102221","product","type-product","status-publish","has-post-thumbnail","hentry","product_cat-damenmaentel","product_cat-gastronomie-klinik","product_cat-klinikkleidung-praxiskleidung-pflegekleidung","product_cat-herrenmaentel","product_tag-pflegekleidung","product_tag-bierbaum-proenen","pa_groesse-3-xl","pa_groesse-l","pa_groesse-m","pa_groesse-s","pa_groesse-xl","pa_groesse-xs","pa_groesse-xxl","pa_groesse-xxs","pa_hersteller-bierbaum-proenen"],"_links":{"self":[{"href":"https:\/\/arbeitskleidung.de\/shop\/wp-json\/wp\/v2\/product\/102221"}],"collection":[{"href":"https:\/\/arbeitskleidung.de\/shop\/wp-json\/wp\/v2\/product"}],"about":[{"href":"https:\/\/arbeitskleidung.de\/shop\/wp-json\/wp\/v2\/types\/product"}],"replies":[{"embeddable":true,"href":"https:\/\/arbeitskleidung.de\/shop\/wp-json\/wp\/v2\/comments?post=102221"}],"wp:featuredmedia":[{"embeddable":true,"href":"https:\/\/arbeitskleidung.de\/shop\/wp-json\/wp\/v2\/media\/87026"}],"wp:attachment":[{"href":"https:\/\/arbeitskleidung.de\/shop\/wp-json\/wp\/v2\/media?parent=102221"}],"wp:term":[{"taxonomy":"product_cat","embeddable":true,"href":"https:\/\/arbeitskleidung.de\/shop\/wp-json\/wp\/v2\/product_cat?post=102221"},{"taxonomy":"product_tag","embeddable":true,"href":"https:\/\/arbeitskleidung.de\/shop\/wp-json\/wp\/v2\/product_tag?post=102221"}],"curies":[{"name":"wp","href":"https:\/\/api.w.org\/{rel}","templated":true}]}}