{"id":104567,"date":"2021-07-22T13:41:06","date_gmt":"2021-07-22T11:41:06","guid":{"rendered":"https:\/\/arbeitskleidung.de\/shop\/produkt\/cofra-sicherheitsstiefel"},"modified":"2026-01-19T14:00:30","modified_gmt":"2026-01-19T12:00:30","slug":"cofra-sicherheitsstiefel","status":"publish","type":"product","link":"https:\/\/arbeitskleidung.de\/shop\/produkt\/cofra-sicherheitsstiefel","title":{"rendered":"COFRA Sicherheitsstiefel"},"content":{"rendered":"<p><strong>COFRA Sicherheitsstiefel<\/strong><br \/>\nNORM: EN ISO 20345:2011<br \/>\nSCHAFT: wasserabweisendes Nubukleder und Nylon CORDURA\u00ae<br \/>\nAUSSENFUTTER: nylon CORDURA\u00ae<br \/>\nINNENFUTTER: COFRA-TEX WATERPROOF UNIVERSAL<br \/>\nMembrane mit PROOF LINING Bauweise<br \/>\nFUSSBETT: EVANIT aus einer besonderen Mischung aus EVA und Nitril mit<br \/>\nvariabler Dicke gew\u00e4hrleistet hohe K\u00f6rperunterst\u00fctzung (12mm &#8211; 8mm &#8211; 3,8mm).<br \/>\nThermogeformtes, gelochtes Fu\u00dfbett mit hochwertiger, atmungsaktiver Beschichtung.<br \/>\nDie besondere Oberfl\u00e4chenmischung und die Ableitf\u00e4den aus leitf\u00e4higen<br \/>\nGespinsten machen das Fu\u00dfbett antistatisch<br \/>\nSOHLE: Duo Polyurethan<br \/>\nKAPPE: Stahlkappe mit 200 J Zehenschutz<br \/>\nDURCHTRITTSICHERE ZWISCHENSOHLE: APT PLATE &#8211; Zero Perforation, nichtmetallisch<br \/>\nWEITE: 11 Mondopoint<br \/>\nPLUS: Vorderkappe aus abriebfestem Polyurethan<\/p>\n<p>ZUS\u00c4TZLICHE TECHNISCHE EIGENSCHAFTEN: Spitzeschutz, Wasserdicht<\/p>\n<p>ANWENDUNGSBEREICH: Schuhe geeignet f\u00fcr nassen Umgebungen<\/p>\n","protected":false},"excerpt":{"rendered":"<p>COFRA Sicherheitsstiefel NORM: EN ISO 20345:2011 SCHAFT: wasserabweisendes Nubukleder und Nylon CORDURA\u00ae AUSSENFUTTER: nylon CORDURA\u00ae INNENFUTTER: COFRA-TEX WATERPROOF UNIVERSAL Membrane mit PROOF LINING Bauweise FUSSBETT: EVANIT aus einer besonderen Mischung aus EVA und Nitril mit variabler Dicke gew\u00e4hrleistet hohe K\u00f6rperunterst\u00fctzung (12mm &#8211; 8mm &#8211; 3,8mm). Thermogeformtes, gelochtes Fu\u00dfbett mit hochwertiger, atmungsaktiver Beschichtung. Die besondere Oberfl\u00e4chenmischung [&hellip;]<\/p>\n","protected":false},"featured_media":95798,"comment_status":"open","ping_status":"closed","template":"","meta":[],"product_cat":[2903,1026],"product_tag":[2914,2925,2872],"class_list":["post-104567","product","type-product","status-publish","has-post-thumbnail","hentry","product_cat-cofra-sicherheitsschuhe","product_cat-berufsschuhe-schutzschuhe","product_tag-sicherheitsschuhe","product_tag-schuhe","product_tag-cofra","pa_groesse-2876","pa_groesse-2898","pa_groesse-2877","pa_groesse-2899","pa_groesse-2878","pa_groesse-2900","pa_groesse-2891","pa_groesse-2901","pa_hersteller-cofra"],"_links":{"self":[{"href":"https:\/\/arbeitskleidung.de\/shop\/wp-json\/wp\/v2\/product\/104567"}],"collection":[{"href":"https:\/\/arbeitskleidung.de\/shop\/wp-json\/wp\/v2\/product"}],"about":[{"href":"https:\/\/arbeitskleidung.de\/shop\/wp-json\/wp\/v2\/types\/product"}],"replies":[{"embeddable":true,"href":"https:\/\/arbeitskleidung.de\/shop\/wp-json\/wp\/v2\/comments?post=104567"}],"wp:featuredmedia":[{"embeddable":true,"href":"https:\/\/arbeitskleidung.de\/shop\/wp-json\/wp\/v2\/media\/95798"}],"wp:attachment":[{"href":"https:\/\/arbeitskleidung.de\/shop\/wp-json\/wp\/v2\/media?parent=104567"}],"wp:term":[{"taxonomy":"product_cat","embeddable":true,"href":"https:\/\/arbeitskleidung.de\/shop\/wp-json\/wp\/v2\/product_cat?post=104567"},{"taxonomy":"product_tag","embeddable":true,"href":"https:\/\/arbeitskleidung.de\/shop\/wp-json\/wp\/v2\/product_tag?post=104567"}],"curies":[{"name":"wp","href":"https:\/\/api.w.org\/{rel}","templated":true}]}}