{"id":104628,"date":"2021-07-22T13:55:26","date_gmt":"2021-07-22T11:55:26","guid":{"rendered":"https:\/\/arbeitskleidung.de\/shop\/produkt\/cofra-sicherheitshalbschuh-6"},"modified":"2026-01-19T09:04:52","modified_gmt":"2026-01-19T07:04:52","slug":"cofra-sicherheitshalbschuh-6","status":"publish","type":"product","link":"https:\/\/arbeitskleidung.de\/shop\/produkt\/cofra-sicherheitshalbschuh-6","title":{"rendered":"COFRA Sicherheitshalbschuh"},"content":{"rendered":"<p><strong>COFRA Sicherheitshalbschuh<\/strong><br \/>\nZWISCHENSOHLE: APT Plate<br \/>\nnicht metallisch &#8211; Zero Perforation,<br \/>\nKAPPE: Stahl<br \/>\nSchaft: Veloursleder und atmungsaktives Gewebe<br \/>\nFutter: SANY-DRY\u00ae antibakteriell, atmungsaktiv.<br \/>\nGarantiert optimale Abriebfestigkeit sowie<br \/>\neine hohe Feuchtigkeitsaufnahme und-abgabe<br \/>\nFu\u00dfbett: AIR anatomisches, gelochtes Fu\u00dfbett<br \/>\naus Eva und Stoff, antistatisch.<br \/>\nDurch ihre anatomisch angepasste Form<br \/>\nsorgt sie f\u00fcr einen optimalen Halt<br \/>\nLaufsohle Duo PU<br \/>\nWeite 11 Mondopoint<\/p>\n<p>Gr\u00f6\u00dfen: 39 &#8211; 47<\/p>\n","protected":false},"excerpt":{"rendered":"<p>COFRA Sicherheitshalbschuh ZWISCHENSOHLE: APT Plate nicht metallisch &#8211; Zero Perforation, KAPPE: Stahl Schaft: Veloursleder und atmungsaktives Gewebe Futter: SANY-DRY\u00ae antibakteriell, atmungsaktiv. Garantiert optimale Abriebfestigkeit sowie eine hohe Feuchtigkeitsaufnahme und-abgabe Fu\u00dfbett: AIR anatomisches, gelochtes Fu\u00dfbett aus Eva und Stoff, antistatisch. Durch ihre anatomisch angepasste Form sorgt sie f\u00fcr einen optimalen Halt Laufsohle Duo PU Weite 11 [&hellip;]<\/p>\n","protected":false},"featured_media":82957,"comment_status":"open","ping_status":"closed","template":"","meta":[],"product_cat":[2903,823,1026,3271],"product_tag":[2872,2914],"class_list":["post-104628","product","type-product","status-publish","has-post-thumbnail","hentry","product_cat-cofra-sicherheitsschuhe","product_cat-industrie-handwerk","product_cat-berufsschuhe-schutzschuhe","product_cat-cofra-sicherheitsschuhe-industrie-handwerk","product_tag-cofra","product_tag-sicherheitsschuhe","pa_groesse-2897","pa_groesse-2876","pa_groesse-2898","pa_groesse-2877","pa_groesse-2899","pa_groesse-2878","pa_groesse-2900","pa_groesse-2891","pa_groesse-2901","pa_hersteller-cofra"],"_links":{"self":[{"href":"https:\/\/arbeitskleidung.de\/shop\/wp-json\/wp\/v2\/product\/104628"}],"collection":[{"href":"https:\/\/arbeitskleidung.de\/shop\/wp-json\/wp\/v2\/product"}],"about":[{"href":"https:\/\/arbeitskleidung.de\/shop\/wp-json\/wp\/v2\/types\/product"}],"replies":[{"embeddable":true,"href":"https:\/\/arbeitskleidung.de\/shop\/wp-json\/wp\/v2\/comments?post=104628"}],"wp:featuredmedia":[{"embeddable":true,"href":"https:\/\/arbeitskleidung.de\/shop\/wp-json\/wp\/v2\/media\/82957"}],"wp:attachment":[{"href":"https:\/\/arbeitskleidung.de\/shop\/wp-json\/wp\/v2\/media?parent=104628"}],"wp:term":[{"taxonomy":"product_cat","embeddable":true,"href":"https:\/\/arbeitskleidung.de\/shop\/wp-json\/wp\/v2\/product_cat?post=104628"},{"taxonomy":"product_tag","embeddable":true,"href":"https:\/\/arbeitskleidung.de\/shop\/wp-json\/wp\/v2\/product_tag?post=104628"}],"curies":[{"name":"wp","href":"https:\/\/api.w.org\/{rel}","templated":true}]}}