{"id":104714,"date":"2021-07-22T13:41:33","date_gmt":"2021-07-22T11:41:33","guid":{"rendered":"https:\/\/arbeitskleidung.de\/shop\/produkt\/cofra-sicherheitshalbschuh-11"},"modified":"2021-07-22T13:51:48","modified_gmt":"2021-07-22T11:51:48","slug":"cofra-sicherheitshalbschuh-11","status":"publish","type":"product","link":"https:\/\/arbeitskleidung.de\/shop\/produkt\/cofra-sicherheitshalbschuh-11","title":{"rendered":"COFRA Sicherheitshalbschuh"},"content":{"rendered":"<p><strong>COFRA Sicherheitshalbschuh<\/strong><br \/>\nS1 P SRC NORM: EN ISO 20345:2011<\/p>\n<p>SCHAFT: Veloursleder und extrem atmungsaktiver Gewebe<br \/>\nAUSSENFUTTER: extrem atmungsaktiver Gewebe<br \/>\nINNERFUTTER: Grobmaschiges Innenfutter SUMMER, Gewebe aus<br \/>\n100 % Polyester, dreidimensional, atmungsaktiv, Feuchtigkeitsaufnahme und -abgabe, abriebfest<br \/>\nFUSSBETT: EVANIT aus einer besonderen Mischung aus EVA und Nitrile mit variabeler Dicke<br \/>\ngew\u00e4hrleistet hohe k\u00f6rperunterst\u00fctzung (12mm &#8211; 7mm &#8211; 3mm).<br \/>\nThermogeformtes, gelochtes Fu\u00dfbett mit hochwertiger, atmungsaktiver Beschichtung.<br \/>\nDie besondere Oberf\u00e4chenmischung und die Ableitf\u00e4den aus<br \/>\nleitf\u00e4higen Gespinste machen das Fu\u00dfbett antistatisch.<br \/>\nSOHLE: EVA\/TPU<br \/>\nKAPPE: ALUMINIUM 200 J<br \/>\nDURCHTRITTSICHERE ZWISCHENSOHLE:<br \/>\nAPT PLATE &#8211; Zero Perforation, nicht metallisch<br \/>\nWEITE: 11 Mondopoint<br \/>\nPLUS: Vorderkappe aus TPU<\/p>\n","protected":false},"excerpt":{"rendered":"<p>Restpostenverkauf vom Umtausch ausgeschlossen<\/p>\n","protected":false},"featured_media":83049,"comment_status":"open","ping_status":"closed","template":"","meta":[],"product_cat":[2903,1026],"product_tag":[2914,2872],"class_list":["post-104714","product","type-product","status-publish","has-post-thumbnail","hentry","product_cat-cofra-sicherheitsschuhe","product_cat-berufsschuhe-schutzschuhe","product_tag-sicherheitsschuhe","product_tag-cofra","pa_groesse-2876","pa_groesse-2898","pa_groesse-2878","pa_groesse-2900","pa_groesse-2891","pa_groesse-2901","pa_hersteller-cofra"],"_links":{"self":[{"href":"https:\/\/arbeitskleidung.de\/shop\/wp-json\/wp\/v2\/product\/104714"}],"collection":[{"href":"https:\/\/arbeitskleidung.de\/shop\/wp-json\/wp\/v2\/product"}],"about":[{"href":"https:\/\/arbeitskleidung.de\/shop\/wp-json\/wp\/v2\/types\/product"}],"replies":[{"embeddable":true,"href":"https:\/\/arbeitskleidung.de\/shop\/wp-json\/wp\/v2\/comments?post=104714"}],"wp:featuredmedia":[{"embeddable":true,"href":"https:\/\/arbeitskleidung.de\/shop\/wp-json\/wp\/v2\/media\/83049"}],"wp:attachment":[{"href":"https:\/\/arbeitskleidung.de\/shop\/wp-json\/wp\/v2\/media?parent=104714"}],"wp:term":[{"taxonomy":"product_cat","embeddable":true,"href":"https:\/\/arbeitskleidung.de\/shop\/wp-json\/wp\/v2\/product_cat?post=104714"},{"taxonomy":"product_tag","embeddable":true,"href":"https:\/\/arbeitskleidung.de\/shop\/wp-json\/wp\/v2\/product_tag?post=104714"}],"curies":[{"name":"wp","href":"https:\/\/api.w.org\/{rel}","templated":true}]}}