{"id":104747,"date":"2021-07-22T13:55:52","date_gmt":"2021-07-22T11:55:52","guid":{"rendered":"https:\/\/arbeitskleidung.de\/shop\/produkt\/cofra-sicherheitshalbschuh-14"},"modified":"2021-08-02T11:30:47","modified_gmt":"2021-08-02T09:30:47","slug":"cofra-sicherheitshalbschuh-14","status":"publish","type":"product","link":"https:\/\/arbeitskleidung.de\/shop\/produkt\/cofra-sicherheitshalbschuh-14","title":{"rendered":"COFRA Sicherheitshalbschuh"},"content":{"rendered":"<p><strong>COFRA Sicherheitshalbschuh<\/strong><br \/>\nESD S3 NORM: EN ISO 20345:2011<\/p>\n<p>SCHAFT: TECHSHELL, innovatives, \u00e4u\u00dferst festes, rei\u00df- und abriebfestes,<br \/>\nWasser abweisendes und atmungsaktives Gewebe<\/p>\n<p>INNENFUTTER: SANY-DRY\u00ae 100% Polyester,<br \/>\ndreidimensional, atmungsaktiv,<br \/>\nFeuchtigkeitsaufnahme und -abgabe, abriebfest<\/p>\n<p>FUSSBETT: COFRA SOFT ESD, anatomisches und gelochtes Fu\u00dfbett<br \/>\naus weichem, bequemem und duftendem Polyurethan,<br \/>\nmit niedrigem elektrischen Widerstand; das Design der unteren Schicht<br \/>\ngarantiert einen schockabsorbierenden Effekt; die obere Schicht nimmt den<br \/>\nSchwei\u00df auf und h\u00e4lt den Fu\u00df stets trocken<\/p>\n<p>SOHLE: Polyurethan\/TPU mit niedrigem elektrischen Widerstand<br \/>\nKAPPE: ALUMINIUM 200 J<br \/>\nDURCHTRITTSICHERE ZWISCHENSOHLE: APT PLATE &#8211; Zero Perforation,<br \/>\nnichtmetallisch mit niedrigem elektrischen Widerstand<br \/>\nWEITE: 11 Mondopoint<\/p>\n<p>PLUS: Vorderkappe aus TPU<\/p>\n<p>ZUS\u00c4TZLICHE TECHNISCHE EIGENSCHAFTEN: ESD, Spitzeschutz<br \/>\nANWENDUNGSBEREICH: Schuhe f\u00fcr Mikroelektronikindustrie<\/p>\n","protected":false},"excerpt":{"rendered":"<p>COFRA Sicherheitshalbschuh ESD S3 NORM: EN ISO 20345:2011 SCHAFT: TECHSHELL, innovatives, \u00e4u\u00dferst festes, rei\u00df- und abriebfestes, Wasser abweisendes und atmungsaktives Gewebe INNENFUTTER: SANY-DRY\u00ae 100% Polyester, dreidimensional, atmungsaktiv, Feuchtigkeitsaufnahme und -abgabe, abriebfest FUSSBETT: COFRA SOFT ESD, anatomisches und gelochtes Fu\u00dfbett aus weichem, bequemem und duftendem Polyurethan, mit niedrigem elektrischen Widerstand; das Design der unteren Schicht garantiert [&hellip;]<\/p>\n","protected":false},"featured_media":101826,"comment_status":"open","ping_status":"open","template":"","meta":[],"product_cat":[2903,823,1026,3271],"product_tag":[2872,2914,2925],"class_list":["post-104747","product","type-product","status-publish","has-post-thumbnail","hentry","product_cat-cofra-sicherheitsschuhe","product_cat-industrie-handwerk","product_cat-berufsschuhe-schutzschuhe","product_cat-cofra-sicherheitsschuhe-industrie-handwerk","product_tag-cofra","product_tag-sicherheitsschuhe","product_tag-schuhe","pa_groesse-2875","pa_groesse-2897","pa_groesse-2876","pa_groesse-2898","pa_groesse-2877","pa_groesse-2899","pa_groesse-2878","pa_groesse-2900","pa_groesse-2891","pa_groesse-2901","pa_hersteller-cofra"],"_links":{"self":[{"href":"https:\/\/arbeitskleidung.de\/shop\/wp-json\/wp\/v2\/product\/104747"}],"collection":[{"href":"https:\/\/arbeitskleidung.de\/shop\/wp-json\/wp\/v2\/product"}],"about":[{"href":"https:\/\/arbeitskleidung.de\/shop\/wp-json\/wp\/v2\/types\/product"}],"replies":[{"embeddable":true,"href":"https:\/\/arbeitskleidung.de\/shop\/wp-json\/wp\/v2\/comments?post=104747"}],"wp:featuredmedia":[{"embeddable":true,"href":"https:\/\/arbeitskleidung.de\/shop\/wp-json\/wp\/v2\/media\/101826"}],"wp:attachment":[{"href":"https:\/\/arbeitskleidung.de\/shop\/wp-json\/wp\/v2\/media?parent=104747"}],"wp:term":[{"taxonomy":"product_cat","embeddable":true,"href":"https:\/\/arbeitskleidung.de\/shop\/wp-json\/wp\/v2\/product_cat?post=104747"},{"taxonomy":"product_tag","embeddable":true,"href":"https:\/\/arbeitskleidung.de\/shop\/wp-json\/wp\/v2\/product_tag?post=104747"}],"curies":[{"name":"wp","href":"https:\/\/api.w.org\/{rel}","templated":true}]}}