{"id":104758,"date":"2021-07-22T13:55:56","date_gmt":"2021-07-22T11:55:56","guid":{"rendered":"https:\/\/arbeitskleidung.de\/shop\/produkt\/cofra-sicherheitshalbschuh-15"},"modified":"2021-07-22T13:55:57","modified_gmt":"2021-07-22T11:55:57","slug":"cofra-sicherheitshalbschuh-15","status":"publish","type":"product","link":"https:\/\/arbeitskleidung.de\/shop\/produkt\/cofra-sicherheitshalbschuh-15","title":{"rendered":"COFRA Sicherheitshalbschuh"},"content":{"rendered":"<p><strong>COFRA Sicherheitshalbschuh<\/strong><br \/>\nESD S1 P SRC NORM: EN ISO 20345:2011<\/p>\n<p>SCHAFT: TEXPET, \u00f6kologisches Gewebe 100 % PET<\/p>\n<p>INNENFUTTER: SANY-DRY\u00ae 100% Polyester, <\/p>\n<p>dreidimensional, atmungsaktiv, antibakteriell,<br \/>\nFeuchtigkeitsaufnahme und -abgabe, abriebfest<\/p>\n<p>FUSSBETT: ECO-TECH ESD aus POLY-GREEN, <\/p>\n<p>anatomisch, gelocht, duftend, weich und bequem, mit niedrigem elektrischen Widerstand.<br \/>\nDie obere Schicht aus antibakteriellem Stoff nimmt den Schwei\u00df auf und h\u00e4lt den Fu\u00df stets trocken<\/p>\n<p>SOHLE: Polyurethan\/TPU mit POLY-GREEN Einsatz, mit niedrigem elektrischen Widerstand<br \/>\nKAPPE: ALUMINIUM 200 J<br \/>\nDURCHTRITTSICHERE ZWISCHENSOHLE: APT PLATE &#8211; Zero Perforation,<br \/>\nnichtmetallisch auch bei N\u00e4gel mit einem Durchmesser von 3 mm,<br \/>\nmit niedrigem elektrischen Widerstand<br \/>\nWEITE: 11 Mondopoint<br \/>\nPLUS: Vorderkappe aus Leder<\/p>\n<p>ZUS\u00c4TZLICHE TECHNISCHE EIGENSCHAFTEN: ESD<br \/>\nVERPACKUNG: aus hundertprozentig recycelten papier und pappe<\/p>\n<p>ZUBEH\u00d6R: Schn\u00fcrsenkel und Laschenetikette bestehen aus<br \/>\nhundertprozentig recyceltem Garn aus Plastikflaschen<\/p>\n<p>COFRA Labore haben POLY-GREEN entwickelt, ein aus zweckm\u00e4\u00dfig<br \/>\ndosiertem neuem und recyceltem Polyurethan bestehendes Material,<br \/>\ndas den vollkommenen Ausgleich zwischen<br \/>\nEnergieaufnahme und Tragekomfort garantiert.<br \/>\nPOLY-GREEN wird f\u00fcr den Sohleneinsatz im Fersenbereich<br \/>\nund f\u00fcr die ECO-TECH Einlegesohlen angewendet.<br \/>\nDie Wiederaufbereitung von Abf\u00e4llen als Rohmaterial ist<br \/>\neine der besten Methoden in Bezug auf Umweltfreundlichkeit.<br \/>\nDie Fa. COFRA vermeidet durch das Recyceln des Produktionsabfalls<br \/>\nden Abfall von Material, das sich als M\u00fcll auf Deponien nur schwer abbauen l\u00e4sst.<\/p>\n","protected":false},"excerpt":{"rendered":"<p>COFRA Sicherheitshalbschuh ESD S1 P SRC NORM: EN ISO 20345:2011 SCHAFT: TEXPET, \u00f6kologisches Gewebe 100 % PET INNENFUTTER: SANY-DRY\u00ae 100% Polyester, dreidimensional, atmungsaktiv, antibakteriell, Feuchtigkeitsaufnahme und -abgabe, abriebfest FUSSBETT: ECO-TECH ESD aus POLY-GREEN, anatomisch, gelocht, duftend, weich und bequem, mit niedrigem elektrischen Widerstand. Die obere Schicht aus antibakteriellem Stoff nimmt den Schwei\u00df auf und h\u00e4lt [&hellip;]<\/p>\n","protected":false},"featured_media":97781,"comment_status":"open","ping_status":"open","template":"","meta":[],"product_cat":[2903,823,1026,3271],"product_tag":[2872,2913,2914],"class_list":["post-104758","product","type-product","status-publish","has-post-thumbnail","hentry","product_cat-cofra-sicherheitsschuhe","product_cat-industrie-handwerk","product_cat-berufsschuhe-schutzschuhe","product_cat-cofra-sicherheitsschuhe-industrie-handwerk","product_tag-cofra","product_tag-einlegesohle","product_tag-sicherheitsschuhe","pa_groesse-2897","pa_groesse-2876","pa_groesse-2898","pa_groesse-2877","pa_groesse-2899","pa_groesse-2878","pa_groesse-2900","pa_groesse-2891","pa_groesse-2901","pa_hersteller-cofra"],"_links":{"self":[{"href":"https:\/\/arbeitskleidung.de\/shop\/wp-json\/wp\/v2\/product\/104758"}],"collection":[{"href":"https:\/\/arbeitskleidung.de\/shop\/wp-json\/wp\/v2\/product"}],"about":[{"href":"https:\/\/arbeitskleidung.de\/shop\/wp-json\/wp\/v2\/types\/product"}],"replies":[{"embeddable":true,"href":"https:\/\/arbeitskleidung.de\/shop\/wp-json\/wp\/v2\/comments?post=104758"}],"wp:featuredmedia":[{"embeddable":true,"href":"https:\/\/arbeitskleidung.de\/shop\/wp-json\/wp\/v2\/media\/97781"}],"wp:attachment":[{"href":"https:\/\/arbeitskleidung.de\/shop\/wp-json\/wp\/v2\/media?parent=104758"}],"wp:term":[{"taxonomy":"product_cat","embeddable":true,"href":"https:\/\/arbeitskleidung.de\/shop\/wp-json\/wp\/v2\/product_cat?post=104758"},{"taxonomy":"product_tag","embeddable":true,"href":"https:\/\/arbeitskleidung.de\/shop\/wp-json\/wp\/v2\/product_tag?post=104758"}],"curies":[{"name":"wp","href":"https:\/\/api.w.org\/{rel}","templated":true}]}}