{"id":104787,"date":"2021-07-22T13:55:16","date_gmt":"2021-07-22T11:55:16","guid":{"rendered":"https:\/\/arbeitskleidung.de\/shop\/produkt\/cofra-sicherheitsstiefel-5"},"modified":"2021-07-22T13:55:17","modified_gmt":"2021-07-22T11:55:17","slug":"cofra-sicherheitsstiefel-5","status":"publish","type":"product","link":"https:\/\/arbeitskleidung.de\/shop\/produkt\/cofra-sicherheitsstiefel-5","title":{"rendered":"COFRA Sicherheitsstiefel"},"content":{"rendered":"<p><strong>COFRA Sicherheitsstiefel<\/strong><br \/>\nnicht metallische APT Plate ZWISCHENSOHLE,<br \/>\nnicht metallische TOP RETURN Kappe <\/p>\n<p>Schaft:<br \/>\nwasserabweisendes gepr\u00e4gtes Leder <\/p>\n<p>Futter:<br \/>\nSANY-DRY\u00ae atmungsaktiv.<br \/>\nGarantiert optimale Abriebfestigkeit<br \/>\nsowie eine hohe Feuchtigkeitsaufnahme und-abgabe <\/p>\n<p>Fu\u00dfbett:<br \/>\nAIR anatomisches,<br \/>\ngelochtes Fu\u00dfbett aus EVA und Stoff, antistatisch.<br \/>\nDurch ihre anatomisch angepasste Form<br \/>\nsorgt sie f\u00fcr einen optimalen Halt <\/p>\n<p>Laufsohle: Duo PU<br \/>\nWeite 11 Mondopoint <\/p>\n<p>ab Gr\u00f6\u00dfe 36<\/p>\n","protected":false},"excerpt":{"rendered":"<p>COFRA Sicherheitsstiefel nicht metallische APT Plate ZWISCHENSOHLE, nicht metallische TOP RETURN Kappe Schaft: wasserabweisendes gepr\u00e4gtes Leder Futter: SANY-DRY\u00ae atmungsaktiv. Garantiert optimale Abriebfestigkeit sowie eine hohe Feuchtigkeitsaufnahme und-abgabe Fu\u00dfbett: AIR anatomisches, gelochtes Fu\u00dfbett aus EVA und Stoff, antistatisch. Durch ihre anatomisch angepasste Form sorgt sie f\u00fcr einen optimalen Halt Laufsohle: Duo PU Weite 11 Mondopoint ab [&hellip;]<\/p>\n","protected":false},"featured_media":82902,"comment_status":"open","ping_status":"open","template":"","meta":[],"product_cat":[823,3271],"product_tag":[2872,2914],"class_list":["post-104787","product","type-product","status-publish","has-post-thumbnail","hentry","product_cat-industrie-handwerk","product_cat-cofra-sicherheitsschuhe-industrie-handwerk","product_tag-cofra","product_tag-sicherheitsschuhe","pa_groesse-2874","pa_groesse-2936","pa_groesse-2875","pa_groesse-2897","pa_groesse-2876","pa_groesse-2898","pa_groesse-2877","pa_groesse-2899","pa_groesse-2878","pa_groesse-2900","pa_groesse-2891","pa_groesse-2901","pa_hersteller-cofra"],"_links":{"self":[{"href":"https:\/\/arbeitskleidung.de\/shop\/wp-json\/wp\/v2\/product\/104787"}],"collection":[{"href":"https:\/\/arbeitskleidung.de\/shop\/wp-json\/wp\/v2\/product"}],"about":[{"href":"https:\/\/arbeitskleidung.de\/shop\/wp-json\/wp\/v2\/types\/product"}],"replies":[{"embeddable":true,"href":"https:\/\/arbeitskleidung.de\/shop\/wp-json\/wp\/v2\/comments?post=104787"}],"wp:featuredmedia":[{"embeddable":true,"href":"https:\/\/arbeitskleidung.de\/shop\/wp-json\/wp\/v2\/media\/82902"}],"wp:attachment":[{"href":"https:\/\/arbeitskleidung.de\/shop\/wp-json\/wp\/v2\/media?parent=104787"}],"wp:term":[{"taxonomy":"product_cat","embeddable":true,"href":"https:\/\/arbeitskleidung.de\/shop\/wp-json\/wp\/v2\/product_cat?post=104787"},{"taxonomy":"product_tag","embeddable":true,"href":"https:\/\/arbeitskleidung.de\/shop\/wp-json\/wp\/v2\/product_tag?post=104787"}],"curies":[{"name":"wp","href":"https:\/\/api.w.org\/{rel}","templated":true}]}}