{"id":104800,"date":"2021-07-22T13:55:20","date_gmt":"2021-07-22T11:55:20","guid":{"rendered":"https:\/\/arbeitskleidung.de\/shop\/produkt\/cofra-sicherheitshalbschuh-17"},"modified":"2021-07-22T13:55:21","modified_gmt":"2021-07-22T11:55:21","slug":"cofra-sicherheitshalbschuh-17","status":"publish","type":"product","link":"https:\/\/arbeitskleidung.de\/shop\/produkt\/cofra-sicherheitshalbschuh-17","title":{"rendered":"COFRA Sicherheitshalbschuh"},"content":{"rendered":"<p><strong>COFRA Sicherheitshalbschuh<\/strong><br \/>\nStahlkappe + Stahlsohle S 3<\/p>\n<p>Schaft:<br \/>\nwasserabweisendes Leder, <\/p>\n<p>Futter:<br \/>\nabriebfestes TEXELLE Gewebe,<br \/>\nhohe Feuchtigkeitsaufnahme und -abgabe <\/p>\n<p>Fu\u00dfbett:<br \/>\nganzfl\u00e4chig, gelochtes,<br \/>\nauswechselbar, anatomisch,<br \/>\nantistatisch, mit TEXELLE Oberfl\u00e4che <\/p>\n<p>Laufsohle:<br \/>\nPU Flex-Sohle<\/p>\n","protected":false},"excerpt":{"rendered":"<p>COFRA Sicherheitshalbschuh Stahlkappe + Stahlsohle S 3 Schaft: wasserabweisendes Leder, Futter: abriebfestes TEXELLE Gewebe, hohe Feuchtigkeitsaufnahme und -abgabe Fu\u00dfbett: ganzfl\u00e4chig, gelochtes, auswechselbar, anatomisch, antistatisch, mit TEXELLE Oberfl\u00e4che Laufsohle: PU Flex-Sohle<\/p>\n","protected":false},"featured_media":82841,"comment_status":"open","ping_status":"open","template":"","meta":[],"product_cat":[823,3271],"product_tag":[2872,2914],"class_list":["post-104800","product","type-product","status-publish","has-post-thumbnail","hentry","product_cat-industrie-handwerk","product_cat-cofra-sicherheitsschuhe-industrie-handwerk","product_tag-cofra","product_tag-sicherheitsschuhe","pa_groesse-2897","pa_groesse-2876","pa_groesse-2898","pa_groesse-2877","pa_groesse-2899","pa_groesse-2878","pa_groesse-2900","pa_groesse-2891","pa_groesse-2901","pa_hersteller-cofra"],"_links":{"self":[{"href":"https:\/\/arbeitskleidung.de\/shop\/wp-json\/wp\/v2\/product\/104800"}],"collection":[{"href":"https:\/\/arbeitskleidung.de\/shop\/wp-json\/wp\/v2\/product"}],"about":[{"href":"https:\/\/arbeitskleidung.de\/shop\/wp-json\/wp\/v2\/types\/product"}],"replies":[{"embeddable":true,"href":"https:\/\/arbeitskleidung.de\/shop\/wp-json\/wp\/v2\/comments?post=104800"}],"wp:featuredmedia":[{"embeddable":true,"href":"https:\/\/arbeitskleidung.de\/shop\/wp-json\/wp\/v2\/media\/82841"}],"wp:attachment":[{"href":"https:\/\/arbeitskleidung.de\/shop\/wp-json\/wp\/v2\/media?parent=104800"}],"wp:term":[{"taxonomy":"product_cat","embeddable":true,"href":"https:\/\/arbeitskleidung.de\/shop\/wp-json\/wp\/v2\/product_cat?post=104800"},{"taxonomy":"product_tag","embeddable":true,"href":"https:\/\/arbeitskleidung.de\/shop\/wp-json\/wp\/v2\/product_tag?post=104800"}],"curies":[{"name":"wp","href":"https:\/\/api.w.org\/{rel}","templated":true}]}}