{"id":104832,"date":"2021-07-22T13:55:49","date_gmt":"2021-07-22T11:55:49","guid":{"rendered":"https:\/\/arbeitskleidung.de\/shop\/produkt\/cofra-sicherheitshalbschuh-20"},"modified":"2021-07-22T13:55:50","modified_gmt":"2021-07-22T11:55:50","slug":"cofra-sicherheitshalbschuh-20","status":"publish","type":"product","link":"https:\/\/arbeitskleidung.de\/shop\/produkt\/cofra-sicherheitshalbschuh-20","title":{"rendered":"COFRA Sicherheitshalbschuh"},"content":{"rendered":"<p><strong>COFRA Sicherheitshalbschuh<\/strong><br \/>\nS3 SRC NORM: EN ISO 20345:2011<\/p>\n<p>SCHAFT: TECHSHELL, innovatives, \u00e4u\u00dferst festes,<br \/>\nrei\u00df- und abriebfestes, Wasser abweisendes und atmungsaktives Gewebe<br \/>\nINNENFUTTER: SANY-DRY\u00ae 100 % Polyester, dreidimensional,<br \/>\natmungsaktiv, antibakteriell, Feuchtigkeitsaufnahme und -abgabe, abriebfest<br \/>\nFUSSBETT: COFRA SOFT, anatomisches, antistatisches und gelochtes Fu\u00dfbett<br \/>\naus weichem, bequemem und duftendem Polyurethan;<br \/>\ndas Design der unteren Schicht garantiert einen<br \/>\nschockabsorbierenden Effekt; die obere Schicht nimmt den<br \/>\nSchwei\u00df auf und h\u00e4lt den Fu\u00df stets trocken<br \/>\nSOHLE: Polyurethan\/TPU<br \/>\nKAPPE: ALUMINIUM 200 J<br \/>\nDURCHTRITTSICHERE ZWISCHENSOHLE:<br \/>\nAPT PLATE &#8211; Zero Perforation, nichtmetallisch<br \/>\nWEITE: 11 Mondopoint<\/p>\n","protected":false},"excerpt":{"rendered":"<p>COFRA Sicherheitshalbschuh S3 SRC NORM: EN ISO 20345:2011 SCHAFT: TECHSHELL, innovatives, \u00e4u\u00dferst festes, rei\u00df- und abriebfestes, Wasser abweisendes und atmungsaktives Gewebe INNENFUTTER: SANY-DRY\u00ae 100 % Polyester, dreidimensional, atmungsaktiv, antibakteriell, Feuchtigkeitsaufnahme und -abgabe, abriebfest FUSSBETT: COFRA SOFT, anatomisches, antistatisches und gelochtes Fu\u00dfbett aus weichem, bequemem und duftendem Polyurethan; das Design der unteren Schicht garantiert einen schockabsorbierenden [&hellip;]<\/p>\n","protected":false},"featured_media":95663,"comment_status":"open","ping_status":"open","template":"","meta":[],"product_cat":[823,3271],"product_tag":[2872,2914],"class_list":["post-104832","product","type-product","status-publish","has-post-thumbnail","hentry","product_cat-industrie-handwerk","product_cat-cofra-sicherheitsschuhe-industrie-handwerk","product_tag-cofra","product_tag-sicherheitsschuhe","pa_groesse-2874","pa_groesse-2936","pa_groesse-2875","pa_groesse-2897","pa_groesse-2876","pa_groesse-2898","pa_groesse-2877","pa_groesse-2899","pa_groesse-2878","pa_groesse-2900","pa_groesse-2891","pa_groesse-2901","pa_hersteller-cofra"],"_links":{"self":[{"href":"https:\/\/arbeitskleidung.de\/shop\/wp-json\/wp\/v2\/product\/104832"}],"collection":[{"href":"https:\/\/arbeitskleidung.de\/shop\/wp-json\/wp\/v2\/product"}],"about":[{"href":"https:\/\/arbeitskleidung.de\/shop\/wp-json\/wp\/v2\/types\/product"}],"replies":[{"embeddable":true,"href":"https:\/\/arbeitskleidung.de\/shop\/wp-json\/wp\/v2\/comments?post=104832"}],"wp:featuredmedia":[{"embeddable":true,"href":"https:\/\/arbeitskleidung.de\/shop\/wp-json\/wp\/v2\/media\/95663"}],"wp:attachment":[{"href":"https:\/\/arbeitskleidung.de\/shop\/wp-json\/wp\/v2\/media?parent=104832"}],"wp:term":[{"taxonomy":"product_cat","embeddable":true,"href":"https:\/\/arbeitskleidung.de\/shop\/wp-json\/wp\/v2\/product_cat?post=104832"},{"taxonomy":"product_tag","embeddable":true,"href":"https:\/\/arbeitskleidung.de\/shop\/wp-json\/wp\/v2\/product_tag?post=104832"}],"curies":[{"name":"wp","href":"https:\/\/api.w.org\/{rel}","templated":true}]}}