{"id":104845,"date":"2021-07-22T13:55:54","date_gmt":"2021-07-22T11:55:54","guid":{"rendered":"https:\/\/arbeitskleidung.de\/shop\/produkt\/cofra-sicherheitshalbschuh-21"},"modified":"2021-07-22T13:55:55","modified_gmt":"2021-07-22T11:55:55","slug":"cofra-sicherheitshalbschuh-21","status":"publish","type":"product","link":"https:\/\/arbeitskleidung.de\/shop\/produkt\/cofra-sicherheitshalbschuh-21","title":{"rendered":"COFRA Sicherheitshalbschuh"},"content":{"rendered":"<p><strong>COFRA Sicherheitshalbschuh<\/strong><br \/>\nS3 SRC NORM: EN ISO 20345:2011<\/p>\n<p>SCHAFT: TECHSHELL, innovatives, \u00e4u\u00dferst festes,<br \/>\nrei\u00df- und abriebfestes, Wasser abweisendes und atmungsaktives Gewebe<\/p>\n<p>INNENFUTTER: SANY-DRY\u00ae 100 % Polyester, dreidimensional,<br \/>\natmungsaktiv, antibakteriell, Feuchtigkeitsaufnahme und -abgabe, abriebfest<\/p>\n<p>FUSSBETT: ECO-TECH aus POLY-GREEN, anatomisch,<br \/>\nantistatisch, gelocht, duftend, weich und bequem.<br \/>\nDie obere Schicht aus antibakteriellem Stoff nimmt den Schwei\u00df auf<br \/>\nund h\u00e4lt den Fu\u00df stets trocken<\/p>\n<p>SOHLE: Polyurethan\/TPU mit POLY-GREEN Einsatz<br \/>\nKAPPE: ALUMINIUM 200 J<br \/>\nDURCHTRITTSICHERE ZWISCHENSOHLE: APT PLATE &#8211; Zero Perforation,<br \/>\nnichtmetallisch auch bei N\u00e4gel mit einem Durchmesser von 3 mm<br \/>\nWEITE: 11 Mondopoint<br \/>\nPLUS: Vorderkappe aus Leder<\/p>\n<p>VERPACKUNG: aus hundertprozentig recycelten papier und pappe<\/p>\n<p>ZUBEH\u00d6R: Schn\u00fcrsenkel und Laschenetikette bestehen aus<br \/>\nhundertprozentig recyceltem Garn aus Plastikflaschen<\/p>\n<p>COFRA Labore haben POLY-GREEN entwickelt, ein aus zweckm\u00e4\u00dfig<br \/>\ndosiertem neuem und recyceltem Polyurethan bestehendes Material,<br \/>\ndas den vollkommenen Ausgleich zwischen<br \/>\nEnergieaufnahme und Tragekomfort garantiert.<br \/>\nPOLY-GREEN wird f\u00fcr den Sohleneinsatz im Fersenbereich<br \/>\nund f\u00fcr die ECO-TECH Einlegesohlen angewendet.<br \/>\nDie Wiederaufbereitung von Abf\u00e4llen als Rohmaterial ist<br \/>\neine der besten Methoden in Bezug auf Umweltfreundlichkeit.<br \/>\nDie Fa. COFRA vermeidet durch das Recyceln des Produktionsabfalls<br \/>\nden Abfall von Material, das sich als M\u00fcll auf Deponien nur schwer abbauen l\u00e4sst.<\/p>\n","protected":false},"excerpt":{"rendered":"<p>COFRA Sicherheitshalbschuh S3 SRC NORM: EN ISO 20345:2011 SCHAFT: TECHSHELL, innovatives, \u00e4u\u00dferst festes, rei\u00df- und abriebfestes, Wasser abweisendes und atmungsaktives Gewebe INNENFUTTER: SANY-DRY\u00ae 100 % Polyester, dreidimensional, atmungsaktiv, antibakteriell, Feuchtigkeitsaufnahme und -abgabe, abriebfest FUSSBETT: ECO-TECH aus POLY-GREEN, anatomisch, antistatisch, gelocht, duftend, weich und bequem. Die obere Schicht aus antibakteriellem Stoff nimmt den Schwei\u00df auf und [&hellip;]<\/p>\n","protected":false},"featured_media":97769,"comment_status":"open","ping_status":"open","template":"","meta":[],"product_cat":[823,3271],"product_tag":[2872,2913,2914],"class_list":["post-104845","product","type-product","status-publish","has-post-thumbnail","hentry","product_cat-industrie-handwerk","product_cat-cofra-sicherheitsschuhe-industrie-handwerk","product_tag-cofra","product_tag-einlegesohle","product_tag-sicherheitsschuhe","pa_groesse-2897","pa_groesse-2876","pa_groesse-2898","pa_groesse-2877","pa_groesse-2899","pa_groesse-2878","pa_groesse-2900","pa_groesse-2891","pa_groesse-2901","pa_hersteller-corfa"],"_links":{"self":[{"href":"https:\/\/arbeitskleidung.de\/shop\/wp-json\/wp\/v2\/product\/104845"}],"collection":[{"href":"https:\/\/arbeitskleidung.de\/shop\/wp-json\/wp\/v2\/product"}],"about":[{"href":"https:\/\/arbeitskleidung.de\/shop\/wp-json\/wp\/v2\/types\/product"}],"replies":[{"embeddable":true,"href":"https:\/\/arbeitskleidung.de\/shop\/wp-json\/wp\/v2\/comments?post=104845"}],"wp:featuredmedia":[{"embeddable":true,"href":"https:\/\/arbeitskleidung.de\/shop\/wp-json\/wp\/v2\/media\/97769"}],"wp:attachment":[{"href":"https:\/\/arbeitskleidung.de\/shop\/wp-json\/wp\/v2\/media?parent=104845"}],"wp:term":[{"taxonomy":"product_cat","embeddable":true,"href":"https:\/\/arbeitskleidung.de\/shop\/wp-json\/wp\/v2\/product_cat?post=104845"},{"taxonomy":"product_tag","embeddable":true,"href":"https:\/\/arbeitskleidung.de\/shop\/wp-json\/wp\/v2\/product_tag?post=104845"}],"curies":[{"name":"wp","href":"https:\/\/api.w.org\/{rel}","templated":true}]}}