{"id":107993,"date":"2025-11-04T16:55:00","date_gmt":"2025-11-04T14:55:00","guid":{"rendered":"https:\/\/arbeitskleidung.de\/shop\/produkt\/fhb-rips-moleskin-short-rips-moleskin"},"modified":"2025-11-04T16:55:04","modified_gmt":"2025-11-04T14:55:04","slug":"fhb-rips-moleskin-short-rips-moleskin","status":"publish","type":"product","link":"https:\/\/arbeitskleidung.de\/shop\/produkt\/fhb-rips-moleskin-short-rips-moleskin","title":{"rendered":"FHB Rips- Moleskin- Short RIPS- MOLESKIN"},"content":{"rendered":"<p><strong>FHB Rips- Moleskin- Short RIPS- MOLESKIN<\/strong><br \/>\nFHB- Original Bielefelder<br \/>\n330 g\/m\u00b2<br \/>\nEinlaufwert: ca. 3 % in der L\u00e4nge<\/p>\n<p>Eigenschaften:<br \/>\nstrapazierf\u00e4hig, atmungsaktiv,<br \/>\nfeuchtigkeitsabsorbierend,<br \/>\nSchutz vor Schwei\u00dffunken<\/p>\n<p>Material:<br \/>\n100 % Baumwolle <\/p>\n<p>Ausf\u00fchrung:<br \/>\n1 Zollstocktasche.<\/p>\n","protected":false},"excerpt":{"rendered":"<p>FHB Rips- Moleskin- Short RIPS- MOLESKIN FHB- Original Bielefelder 330 g\/m\u00b2 Einlaufwert: ca. 3 % in der L\u00e4nge Eigenschaften: strapazierf\u00e4hig, atmungsaktiv, feuchtigkeitsabsorbierend, Schutz vor Schwei\u00dffunken Material: 100 % Baumwolle Ausf\u00fchrung: 1 Zollstocktasche.<\/p>\n","protected":false},"featured_media":84211,"comment_status":"open","ping_status":"open","template":"","meta":[],"product_cat":[1025,2991,2998],"product_tag":[2951],"class_list":["post-107993","product","type-product","status-publish","has-post-thumbnail","hentry","product_cat-zunftbekleidung","product_cat-fhb-zunftshorts","product_cat-workerjeans-shorts","product_tag-fhb","pa_farbe-grau","pa_farbe-schwarz","pa_groesse-2876","pa_groesse-2877","pa_groesse-2878","pa_groesse-2891","pa_groesse-2939","pa_groesse-3011","pa_groesse-3012","pa_groesse-3013","pa_groesse-3014","pa_groesse-3015","pa_groesse-3016","pa_groesse-3017","pa_hersteller-fhb"],"_links":{"self":[{"href":"https:\/\/arbeitskleidung.de\/shop\/wp-json\/wp\/v2\/product\/107993"}],"collection":[{"href":"https:\/\/arbeitskleidung.de\/shop\/wp-json\/wp\/v2\/product"}],"about":[{"href":"https:\/\/arbeitskleidung.de\/shop\/wp-json\/wp\/v2\/types\/product"}],"replies":[{"embeddable":true,"href":"https:\/\/arbeitskleidung.de\/shop\/wp-json\/wp\/v2\/comments?post=107993"}],"wp:featuredmedia":[{"embeddable":true,"href":"https:\/\/arbeitskleidung.de\/shop\/wp-json\/wp\/v2\/media\/84211"}],"wp:attachment":[{"href":"https:\/\/arbeitskleidung.de\/shop\/wp-json\/wp\/v2\/media?parent=107993"}],"wp:term":[{"taxonomy":"product_cat","embeddable":true,"href":"https:\/\/arbeitskleidung.de\/shop\/wp-json\/wp\/v2\/product_cat?post=107993"},{"taxonomy":"product_tag","embeddable":true,"href":"https:\/\/arbeitskleidung.de\/shop\/wp-json\/wp\/v2\/product_tag?post=107993"}],"curies":[{"name":"wp","href":"https:\/\/api.w.org\/{rel}","templated":true}]}}