{"id":108045,"date":"2025-11-04T16:53:58","date_gmt":"2025-11-04T14:53:58","guid":{"rendered":"https:\/\/arbeitskleidung.de\/shop\/produkt\/fhb-jeans-arbeitshose"},"modified":"2025-11-04T16:53:59","modified_gmt":"2025-11-04T14:53:59","slug":"fhb-jeans-arbeitshose","status":"publish","type":"product","link":"https:\/\/arbeitskleidung.de\/shop\/produkt\/fhb-jeans-arbeitshose","title":{"rendered":"FHB Jeans Arbeitshose"},"content":{"rendered":"<p><strong>FHB Jeans Arbeitshose<\/strong><br \/>\nJEANS ARBEITSHOSE XLA (STRETCH)<\/p>\n<p>98 % Baumwolle, 2 % Elastolefin (Denim XLA) 340 g\/m\u00b2 <\/p>\n<p>2 gro\u00dfe ger\u00e4umige Vordertaschen,<br \/>\nincl. 1 M\u00fcnztasche, 1 Zollstocktasche,<br \/>\n2 Volumen-Pattenges\u00e4\u00dftaschen,<br \/>\n1 verschlie\u00dfbare Handytasche,<br \/>\n1 Volumen-Pattentasche am Bein<br \/>\nincl. Stiftf\u00e4cher,<br \/>\ndoppelt gelegter Stoff am Ges\u00e4\u00df,<br \/>\ninnenliegende Kniepolstertaschen.<\/p>\n<p>Farbe: schwarzblau<\/p>\n","protected":false},"excerpt":{"rendered":"<p>FHB Jeans Arbeitshose JEANS ARBEITSHOSE XLA (STRETCH) 98 % Baumwolle, 2 % Elastolefin (Denim XLA) 340 g\/m\u00b2 2 gro\u00dfe ger\u00e4umige Vordertaschen, incl. 1 M\u00fcnztasche, 1 Zollstocktasche, 2 Volumen-Pattenges\u00e4\u00dftaschen, 1 verschlie\u00dfbare Handytasche, 1 Volumen-Pattentasche am Bein incl. Stiftf\u00e4cher, doppelt gelegter Stoff am Ges\u00e4\u00df, innenliegende Kniepolstertaschen. Farbe: schwarzblau<\/p>\n","protected":false},"featured_media":83587,"comment_status":"open","ping_status":"open","template":"","meta":[],"product_cat":[1025,2998,2988],"product_tag":[2951,2984,3005],"class_list":["post-108045","product","type-product","status-publish","has-post-thumbnail","hentry","product_cat-zunftbekleidung","product_cat-workerjeans-shorts","product_cat-fhb-workerjeans-arbeitshosen","product_tag-fhb","product_tag-jeans","product_tag-arbeitshose","pa_groesse-2878","pa_groesse-2891","pa_groesse-2939","pa_groesse-3011","pa_groesse-3012","pa_groesse-3013","pa_groesse-3014","pa_groesse-3015","pa_groesse-3017","pa_groesse-3018","pa_hersteller-fhb"],"_links":{"self":[{"href":"https:\/\/arbeitskleidung.de\/shop\/wp-json\/wp\/v2\/product\/108045"}],"collection":[{"href":"https:\/\/arbeitskleidung.de\/shop\/wp-json\/wp\/v2\/product"}],"about":[{"href":"https:\/\/arbeitskleidung.de\/shop\/wp-json\/wp\/v2\/types\/product"}],"replies":[{"embeddable":true,"href":"https:\/\/arbeitskleidung.de\/shop\/wp-json\/wp\/v2\/comments?post=108045"}],"wp:featuredmedia":[{"embeddable":true,"href":"https:\/\/arbeitskleidung.de\/shop\/wp-json\/wp\/v2\/media\/83587"}],"wp:attachment":[{"href":"https:\/\/arbeitskleidung.de\/shop\/wp-json\/wp\/v2\/media?parent=108045"}],"wp:term":[{"taxonomy":"product_cat","embeddable":true,"href":"https:\/\/arbeitskleidung.de\/shop\/wp-json\/wp\/v2\/product_cat?post=108045"},{"taxonomy":"product_tag","embeddable":true,"href":"https:\/\/arbeitskleidung.de\/shop\/wp-json\/wp\/v2\/product_tag?post=108045"}],"curies":[{"name":"wp","href":"https:\/\/api.w.org\/{rel}","templated":true}]}}