{"id":108082,"date":"2025-11-04T16:54:24","date_gmt":"2025-11-04T14:54:24","guid":{"rendered":"https:\/\/arbeitskleidung.de\/shop\/produkt\/fhb-zunfthose-mit-schlag-genuacord"},"modified":"2025-11-04T16:54:27","modified_gmt":"2025-11-04T14:54:27","slug":"fhb-zunfthose-mit-schlag-genuacord","status":"publish","type":"product","link":"https:\/\/arbeitskleidung.de\/shop\/produkt\/fhb-zunfthose-mit-schlag-genuacord","title":{"rendered":"FHB Zunfthose mit Schlag GENUACORD"},"content":{"rendered":"<p><strong>FHB Zunfthose mit Schlag GENUACORD<\/strong><br \/>\nFHB- Original Bielefelder Frauenzunfthose<br \/>\n24-43 Rippen auf 10 cm L\u00e4nge,<br \/>\n440 g\/m\u00b2<br \/>\nEinlaufwert: ca.1 %in der L\u00e4nge<br \/>\nEigenschaften:<br \/>\natmungsaktiv<br \/>\ndurch hohen Baumwollanteil, robust,<br \/>\nangenehmer Tragekomfort,<br \/>\nweniger w\u00e4rmespendend als<br \/>\nTrenkercord ( Sommerqualit\u00e4t )<\/p>\n<p>Material:<br \/>\n85 % Baumwolle, 15 % Polyester<\/p>\n<p>Ausf\u00fchrung:<br \/>\nSchlagweite 58 cm,<br \/>\n1 Zollstocktasche, Taschen-<br \/>\nKunstlederpaspelierung,<br \/>\nSilberne Rei\u00dfverschl\u00fcsse<\/p>\n","protected":false},"excerpt":{"rendered":"<p>FHB Zunfthose mit Schlag GENUACORD FHB- Original Bielefelder Frauenzunfthose 24-43 Rippen auf 10 cm L\u00e4nge, 440 g\/m\u00b2 Einlaufwert: ca.1 %in der L\u00e4nge Eigenschaften: atmungsaktiv durch hohen Baumwollanteil, robust, angenehmer Tragekomfort, weniger w\u00e4rmespendend als Trenkercord ( Sommerqualit\u00e4t ) Material: 85 % Baumwolle, 15 % Polyester Ausf\u00fchrung: Schlagweite 58 cm, 1 Zollstocktasche, Taschen- Kunstlederpaspelierung, Silberne Rei\u00dfverschl\u00fcsse<\/p>\n","protected":false},"featured_media":83882,"comment_status":"open","ping_status":"open","template":"","meta":[],"product_cat":[2989,1025],"product_tag":[2951,2977,3009],"class_list":["post-108082","product","type-product","status-publish","has-post-thumbnail","hentry","product_cat-fhb-damen-zunftbekleidung","product_cat-zunftbekleidung","product_tag-fhb","product_tag-zunfthose","product_tag-zunftbekleidung","pa_farbe-beige","pa_farbe-schwarz","pa_groesse-3069","pa_groesse-2874","pa_groesse-2875","pa_groesse-2876","pa_groesse-2877","pa_groesse-3070","pa_groesse-3071","pa_groesse-3072","pa_groesse-3073","pa_groesse-3074","pa_hersteller-fhb"],"_links":{"self":[{"href":"https:\/\/arbeitskleidung.de\/shop\/wp-json\/wp\/v2\/product\/108082"}],"collection":[{"href":"https:\/\/arbeitskleidung.de\/shop\/wp-json\/wp\/v2\/product"}],"about":[{"href":"https:\/\/arbeitskleidung.de\/shop\/wp-json\/wp\/v2\/types\/product"}],"replies":[{"embeddable":true,"href":"https:\/\/arbeitskleidung.de\/shop\/wp-json\/wp\/v2\/comments?post=108082"}],"wp:featuredmedia":[{"embeddable":true,"href":"https:\/\/arbeitskleidung.de\/shop\/wp-json\/wp\/v2\/media\/83882"}],"wp:attachment":[{"href":"https:\/\/arbeitskleidung.de\/shop\/wp-json\/wp\/v2\/media?parent=108082"}],"wp:term":[{"taxonomy":"product_cat","embeddable":true,"href":"https:\/\/arbeitskleidung.de\/shop\/wp-json\/wp\/v2\/product_cat?post=108082"},{"taxonomy":"product_tag","embeddable":true,"href":"https:\/\/arbeitskleidung.de\/shop\/wp-json\/wp\/v2\/product_tag?post=108082"}],"curies":[{"name":"wp","href":"https:\/\/api.w.org\/{rel}","templated":true}]}}