{"id":108265,"date":"2025-11-04T16:55:13","date_gmt":"2025-11-04T14:55:13","guid":{"rendered":"https:\/\/arbeitskleidung.de\/shop\/produkt\/fhb-zunfthose-mit-schlag-deutschleder"},"modified":"2025-11-04T16:55:17","modified_gmt":"2025-11-04T14:55:17","slug":"fhb-zunfthose-mit-schlag-deutschleder","status":"publish","type":"product","link":"https:\/\/arbeitskleidung.de\/shop\/produkt\/fhb-zunfthose-mit-schlag-deutschleder","title":{"rendered":"FHB Zunfthose mit Schlag DEUTSCHLEDER"},"content":{"rendered":"<p><strong>FHB Zunfthose mit Schlag DEUTSCHLEDER<\/strong><br \/>\nFHB- Original Bielefelder<br \/>\n600 g\/m\u00b2<br \/>\nhoher Einlaufwert: 5 % in der Weite<br \/>\nund 3 % in der L\u00e4nge durch<br \/>\nspezielle Bindungsart<\/p>\n<p>Hinweis: Bitte w\u00e4hlen Sie eine Nummer gr\u00f6\u00dfer als \u00fcblich. <\/p>\n<p>Eigenschaften:<br \/>\nSchlagweite 65 cm,<br \/>\nextrem robust, atmungsaktiv,<br \/>\nschwerste Gewebekonstruktion in der<br \/>\nZunftbekleidung, angenehmer<br \/>\nTragekomfort durch aufgeraute Innenseite,<br \/>\nSchutz vor Schwei\u00dffunken<\/p>\n<p>Material:<br \/>\n100 % Baumwolle<\/p>\n<p>Ausf\u00fchrung:<br \/>\n2 Zollstocktaschen, 2 Schnallgurte,<br \/>\nTaschen- Kunstlederpaspelierung.<\/p>\n<p>Farbe: Schwarz<\/p>\n","protected":false},"excerpt":{"rendered":"<p>FHB Zunfthose mit Schlag DEUTSCHLEDER FHB- Original Bielefelder 600 g\/m\u00b2 hoher Einlaufwert: 5 % in der Weite und 3 % in der L\u00e4nge durch spezielle Bindungsart Hinweis: Bitte w\u00e4hlen Sie eine Nummer gr\u00f6\u00dfer als \u00fcblich. Eigenschaften: Schlagweite 65 cm, extrem robust, atmungsaktiv, schwerste Gewebekonstruktion in der Zunftbekleidung, angenehmer Tragekomfort durch aufgeraute Innenseite, Schutz vor Schwei\u00dffunken [&hellip;]<\/p>\n","protected":false},"featured_media":84281,"comment_status":"open","ping_status":"open","template":"","meta":[],"product_cat":[1025,2992],"product_tag":[2951,2977],"class_list":["post-108265","product","type-product","status-publish","has-post-thumbnail","hentry","product_cat-zunftbekleidung","product_cat-fhb-zunfthosen-mit-schlag","product_tag-fhb","product_tag-zunfthose","pa_groesse-3091","pa_groesse-3092","pa_groesse-3093","pa_groesse-3094","pa_groesse-2876","pa_groesse-2877","pa_groesse-2878","pa_groesse-2891","pa_groesse-2939","pa_groesse-3011","pa_groesse-3012","pa_groesse-3013","pa_groesse-3014","pa_groesse-3015","pa_groesse-3016","pa_groesse-3017","pa_groesse-3018","pa_groesse-3019","pa_groesse-3074","pa_groesse-3088","pa_groesse-3075","pa_groesse-2986","pa_groesse-3089","pa_groesse-3090","pa_hersteller-fhb"],"_links":{"self":[{"href":"https:\/\/arbeitskleidung.de\/shop\/wp-json\/wp\/v2\/product\/108265"}],"collection":[{"href":"https:\/\/arbeitskleidung.de\/shop\/wp-json\/wp\/v2\/product"}],"about":[{"href":"https:\/\/arbeitskleidung.de\/shop\/wp-json\/wp\/v2\/types\/product"}],"replies":[{"embeddable":true,"href":"https:\/\/arbeitskleidung.de\/shop\/wp-json\/wp\/v2\/comments?post=108265"}],"wp:featuredmedia":[{"embeddable":true,"href":"https:\/\/arbeitskleidung.de\/shop\/wp-json\/wp\/v2\/media\/84281"}],"wp:attachment":[{"href":"https:\/\/arbeitskleidung.de\/shop\/wp-json\/wp\/v2\/media?parent=108265"}],"wp:term":[{"taxonomy":"product_cat","embeddable":true,"href":"https:\/\/arbeitskleidung.de\/shop\/wp-json\/wp\/v2\/product_cat?post=108265"},{"taxonomy":"product_tag","embeddable":true,"href":"https:\/\/arbeitskleidung.de\/shop\/wp-json\/wp\/v2\/product_tag?post=108265"}],"curies":[{"name":"wp","href":"https:\/\/api.w.org\/{rel}","templated":true}]}}