{"id":108363,"date":"2025-11-04T16:55:27","date_gmt":"2025-11-04T14:55:27","guid":{"rendered":"https:\/\/arbeitskleidung.de\/shop\/produkt\/fhb-zunfthose-mit-schlag-genuacord-2"},"modified":"2025-11-04T16:55:33","modified_gmt":"2025-11-04T14:55:33","slug":"fhb-zunfthose-mit-schlag-genuacord-2","status":"publish","type":"product","link":"https:\/\/arbeitskleidung.de\/shop\/produkt\/fhb-zunfthose-mit-schlag-genuacord-2","title":{"rendered":"FHB Zunfthose mit Schlag GENUACORD"},"content":{"rendered":"<p><strong>FHB Zunfthose mit Schlag GENUACORD<\/strong><br \/>\nFHB- Original Bielefelder<br \/>\n24-43 Rippen auf 10 cm L\u00e4nge,<br \/>\n440 g\/m\u00b2<br \/>\nEinlaufwert: ca.1 %in der L\u00e4nge<br \/>\nEigenschaften:<br \/>\natmungsaktiv<br \/>\ndurch hohen Baumwollanteil, robust,<br \/>\nangenehmer Tragekomfort,<br \/>\nweniger w\u00e4rmespendend als<br \/>\nTrenkercord ( Sommerqualit\u00e4t )<\/p>\n<p>Material:<br \/>\n85 % Baumwolle, 15 % Polyester<\/p>\n<p>Ausf\u00fchrung:<br \/>\nSchlagweite 65 cm,<br \/>\n1 Zollstocktasche, Taschen-<br \/>\nKunstlederpaspelierung,<br \/>\n2 Schnallgurte.<\/p>\n","protected":false},"excerpt":{"rendered":"<p>FHB Zunfthose mit Schlag GENUACORD FHB- Original Bielefelder 24-43 Rippen auf 10 cm L\u00e4nge, 440 g\/m\u00b2 Einlaufwert: ca.1 %in der L\u00e4nge Eigenschaften: atmungsaktiv durch hohen Baumwollanteil, robust, angenehmer Tragekomfort, weniger w\u00e4rmespendend als Trenkercord ( Sommerqualit\u00e4t ) Material: 85 % Baumwolle, 15 % Polyester Ausf\u00fchrung: Schlagweite 65 cm, 1 Zollstocktasche, Taschen- Kunstlederpaspelierung, 2 Schnallgurte.<\/p>\n","protected":false},"featured_media":84406,"comment_status":"open","ping_status":"open","template":"","meta":[],"product_cat":[1025,2992],"product_tag":[2951,2977],"class_list":["post-108363","product","type-product","status-publish","has-post-thumbnail","hentry","product_cat-zunftbekleidung","product_cat-fhb-zunfthosen-mit-schlag","product_tag-fhb","product_tag-zunfthose","pa_farbe-beige","pa_farbe-schwarz","pa_groesse-3091","pa_groesse-3092","pa_groesse-3093","pa_groesse-3094","pa_groesse-2876","pa_groesse-2877","pa_groesse-2878","pa_groesse-2891","pa_groesse-2939","pa_groesse-3011","pa_groesse-3012","pa_groesse-3013","pa_groesse-3014","pa_groesse-3015","pa_groesse-3016","pa_groesse-3017","pa_groesse-3018","pa_groesse-3019","pa_groesse-3074","pa_groesse-3088","pa_groesse-3075","pa_groesse-2986","pa_groesse-3089","pa_groesse-3090","pa_hersteller-fhb"],"_links":{"self":[{"href":"https:\/\/arbeitskleidung.de\/shop\/wp-json\/wp\/v2\/product\/108363"}],"collection":[{"href":"https:\/\/arbeitskleidung.de\/shop\/wp-json\/wp\/v2\/product"}],"about":[{"href":"https:\/\/arbeitskleidung.de\/shop\/wp-json\/wp\/v2\/types\/product"}],"replies":[{"embeddable":true,"href":"https:\/\/arbeitskleidung.de\/shop\/wp-json\/wp\/v2\/comments?post=108363"}],"wp:featuredmedia":[{"embeddable":true,"href":"https:\/\/arbeitskleidung.de\/shop\/wp-json\/wp\/v2\/media\/84406"}],"wp:attachment":[{"href":"https:\/\/arbeitskleidung.de\/shop\/wp-json\/wp\/v2\/media?parent=108363"}],"wp:term":[{"taxonomy":"product_cat","embeddable":true,"href":"https:\/\/arbeitskleidung.de\/shop\/wp-json\/wp\/v2\/product_cat?post=108363"},{"taxonomy":"product_tag","embeddable":true,"href":"https:\/\/arbeitskleidung.de\/shop\/wp-json\/wp\/v2\/product_tag?post=108363"}],"curies":[{"name":"wp","href":"https:\/\/api.w.org\/{rel}","templated":true}]}}