{"id":108511,"date":"2025-11-04T16:55:45","date_gmt":"2025-11-04T14:55:45","guid":{"rendered":"https:\/\/arbeitskleidung.de\/shop\/produkt\/fhb-cordura-zunfthose-ohne-schlag-trenckercord"},"modified":"2025-11-04T16:55:48","modified_gmt":"2025-11-04T14:55:48","slug":"fhb-cordura-zunfthose-ohne-schlag-trenckercord","status":"publish","type":"product","link":"https:\/\/arbeitskleidung.de\/shop\/produkt\/fhb-cordura-zunfthose-ohne-schlag-trenckercord","title":{"rendered":"FHB Cordura Zunfthose ohne Schlag TRENCKERCORD"},"content":{"rendered":"<p><strong>FHB Cordura Zunfthose ohne Schlag TRENCKERCORD<\/strong><br \/>\nFHB- Original Bielefelder<br \/>\n20-25 Rippen auf 10 cm L\u00e4nge<br \/>\n530 g\/m\u00b2<br \/>\nEinlaufwert: ca 1 % in der L\u00e4nge<br \/>\nEigenschaften:<br \/>\ntraditionelle FHB- Cordqualit\u00e4t,<br \/>\nansteigende Rei\u00dffestigkeit<\/p>\n<p>Material:<br \/>\n80 % Baumwolle, 20 % Polyester<\/p>\n<p>Ausf\u00fchrung:<br \/>\nSchlagweite 48 cm,<br \/>\n2 Zollstocktaschen,<br \/>\nTaschen- CORDURA- Paspelierung,<br \/>\nCORDURA- Knietaschen.<\/p>\n<p>Farbe: Schwarz<\/p>\n","protected":false},"excerpt":{"rendered":"<p>FHB Cordura Zunfthose ohne Schlag TRENCKERCORD FHB- Original Bielefelder 20-25 Rippen auf 10 cm L\u00e4nge 530 g\/m\u00b2 Einlaufwert: ca 1 % in der L\u00e4nge Eigenschaften: traditionelle FHB- Cordqualit\u00e4t, ansteigende Rei\u00dffestigkeit Material: 80 % Baumwolle, 20 % Polyester Ausf\u00fchrung: Schlagweite 48 cm, 2 Zollstocktaschen, Taschen- CORDURA- Paspelierung, CORDURA- Knietaschen. Farbe: Schwarz<\/p>\n","protected":false},"featured_media":84537,"comment_status":"open","ping_status":"open","template":"","meta":[],"product_cat":[1025,2993],"product_tag":[2951,2977],"class_list":["post-108511","product","type-product","status-publish","has-post-thumbnail","hentry","product_cat-zunftbekleidung","product_cat-fhb-cordura-zunfthosen-ohne-schlag","product_tag-fhb","product_tag-zunfthose","pa_groesse-3091","pa_groesse-3092","pa_groesse-3093","pa_groesse-3094","pa_groesse-2876","pa_groesse-2877","pa_groesse-2878","pa_groesse-2891","pa_groesse-2939","pa_groesse-3011","pa_groesse-3012","pa_groesse-3013","pa_groesse-3014","pa_groesse-3015","pa_groesse-3016","pa_groesse-3017","pa_groesse-3018","pa_groesse-3019","pa_groesse-3074","pa_groesse-3088","pa_groesse-3075","pa_groesse-2986","pa_groesse-3089","pa_groesse-3090","pa_hersteller-fhb"],"_links":{"self":[{"href":"https:\/\/arbeitskleidung.de\/shop\/wp-json\/wp\/v2\/product\/108511"}],"collection":[{"href":"https:\/\/arbeitskleidung.de\/shop\/wp-json\/wp\/v2\/product"}],"about":[{"href":"https:\/\/arbeitskleidung.de\/shop\/wp-json\/wp\/v2\/types\/product"}],"replies":[{"embeddable":true,"href":"https:\/\/arbeitskleidung.de\/shop\/wp-json\/wp\/v2\/comments?post=108511"}],"wp:featuredmedia":[{"embeddable":true,"href":"https:\/\/arbeitskleidung.de\/shop\/wp-json\/wp\/v2\/media\/84537"}],"wp:attachment":[{"href":"https:\/\/arbeitskleidung.de\/shop\/wp-json\/wp\/v2\/media?parent=108511"}],"wp:term":[{"taxonomy":"product_cat","embeddable":true,"href":"https:\/\/arbeitskleidung.de\/shop\/wp-json\/wp\/v2\/product_cat?post=108511"},{"taxonomy":"product_tag","embeddable":true,"href":"https:\/\/arbeitskleidung.de\/shop\/wp-json\/wp\/v2\/product_tag?post=108511"}],"curies":[{"name":"wp","href":"https:\/\/api.w.org\/{rel}","templated":true}]}}