{"id":108659,"date":"2025-11-04T16:56:05","date_gmt":"2025-11-04T14:56:05","guid":{"rendered":"https:\/\/arbeitskleidung.de\/shop\/produkt\/fhb-zunfthose-ohne-schlag-genuacord"},"modified":"2025-11-04T16:56:11","modified_gmt":"2025-11-04T14:56:11","slug":"fhb-zunfthose-ohne-schlag-genuacord","status":"publish","type":"product","link":"https:\/\/arbeitskleidung.de\/shop\/produkt\/fhb-zunfthose-ohne-schlag-genuacord","title":{"rendered":"FHB Zunfthose ohne Schlag GENUACORD"},"content":{"rendered":"<p><strong>FHB Zunfthose ohne Schlag GENUACORD<\/strong><br \/>\nFHB- Original Bielefelder<br \/>\n24-43 Rippen auf 10 cm L\u00e4nge,<br \/>\n440 g\/m\u00b2<br \/>\nEinlaufwert: ca.1 % in der L\u00e4nge<br \/>\nEigenschaften:<br \/>\natmungsaktiv<br \/>\ndurch hohen Baumwollanteil, robust,<br \/>\nangenehmer Tragekomfort,<br \/>\nweniger w\u00e4rmespendend als<br \/>\nTrenkercord ( Sommerqualit\u00e4t )<\/p>\n<p>Material:<br \/>\n85 % Baumwolle, 15 % Polyester<\/p>\n<p>Ausf\u00fchrung:<br \/>\nSchlagweite 48 cm,<br \/>\n1 Zollstocktasche, Taschen-<br \/>\nKunstlederpaspelierung.<\/p>\n","protected":false},"excerpt":{"rendered":"<p>FHB Zunfthose ohne Schlag GENUACORD FHB- Original Bielefelder 24-43 Rippen auf 10 cm L\u00e4nge, 440 g\/m\u00b2 Einlaufwert: ca.1 % in der L\u00e4nge Eigenschaften: atmungsaktiv durch hohen Baumwollanteil, robust, angenehmer Tragekomfort, weniger w\u00e4rmespendend als Trenkercord ( Sommerqualit\u00e4t ) Material: 85 % Baumwolle, 15 % Polyester Ausf\u00fchrung: Schlagweite 48 cm, 1 Zollstocktasche, Taschen- Kunstlederpaspelierung.<\/p>\n","protected":false},"featured_media":84715,"comment_status":"open","ping_status":"open","template":"","meta":[],"product_cat":[1025,2994],"product_tag":[2977,2951],"class_list":["post-108659","product","type-product","status-publish","has-post-thumbnail","hentry","product_cat-zunftbekleidung","product_cat-fhb-zunfthosen-ohne-schlag","product_tag-zunfthose","product_tag-fhb","pa_farbe-beige","pa_farbe-schwarz","pa_groesse-3091","pa_groesse-3092","pa_groesse-3093","pa_groesse-3094","pa_groesse-2876","pa_groesse-2877","pa_groesse-2878","pa_groesse-2891","pa_groesse-2939","pa_groesse-3011","pa_groesse-3012","pa_groesse-3013","pa_groesse-3014","pa_groesse-3015","pa_groesse-3016","pa_groesse-3017","pa_groesse-3018","pa_groesse-3019","pa_groesse-3074","pa_groesse-3088","pa_groesse-3075","pa_groesse-2986","pa_groesse-3089","pa_groesse-3090","pa_hersteller-fhb"],"_links":{"self":[{"href":"https:\/\/arbeitskleidung.de\/shop\/wp-json\/wp\/v2\/product\/108659"}],"collection":[{"href":"https:\/\/arbeitskleidung.de\/shop\/wp-json\/wp\/v2\/product"}],"about":[{"href":"https:\/\/arbeitskleidung.de\/shop\/wp-json\/wp\/v2\/types\/product"}],"replies":[{"embeddable":true,"href":"https:\/\/arbeitskleidung.de\/shop\/wp-json\/wp\/v2\/comments?post=108659"}],"wp:featuredmedia":[{"embeddable":true,"href":"https:\/\/arbeitskleidung.de\/shop\/wp-json\/wp\/v2\/media\/84715"}],"wp:attachment":[{"href":"https:\/\/arbeitskleidung.de\/shop\/wp-json\/wp\/v2\/media?parent=108659"}],"wp:term":[{"taxonomy":"product_cat","embeddable":true,"href":"https:\/\/arbeitskleidung.de\/shop\/wp-json\/wp\/v2\/product_cat?post=108659"},{"taxonomy":"product_tag","embeddable":true,"href":"https:\/\/arbeitskleidung.de\/shop\/wp-json\/wp\/v2\/product_tag?post=108659"}],"curies":[{"name":"wp","href":"https:\/\/api.w.org\/{rel}","templated":true}]}}