{"id":108840,"date":"2025-11-04T16:54:06","date_gmt":"2025-11-04T14:54:06","guid":{"rendered":"https:\/\/arbeitskleidung.de\/shop\/produkt\/zunft-cap-100-baumwolle"},"modified":"2025-11-04T16:54:06","modified_gmt":"2025-11-04T14:54:06","slug":"zunft-cap-100-baumwolle","status":"publish","type":"product","link":"https:\/\/arbeitskleidung.de\/shop\/produkt\/zunft-cap-100-baumwolle","title":{"rendered":"Zunft-Cap 100 % Baumwolle,"},"content":{"rendered":"<p><strong>Zunft-Cap 100 % Baumwolle,<\/strong><br \/>\nrobuste FHB Qualit\u00e4t,<br \/>\nangerauhte Oberfl\u00e4che,<br \/>\nweicher Griff, vorgeformter Schirm,<br \/>\nhochwertiger Metallklappenverschlu\u00df zur<br \/>\nWeitenregulierung,<\/p>\n","protected":false},"excerpt":{"rendered":"<p>Zunft-Cap 100 % Baumwolle, robuste FHB Qualit\u00e4t, angerauhte Oberfl\u00e4che, weicher Griff, vorgeformter Schirm, hochwertiger Metallklappenverschlu\u00df zur Weitenregulierung,<\/p>\n","protected":false},"featured_media":83629,"comment_status":"open","ping_status":"open","template":"","meta":[],"product_cat":[3028,1025],"product_tag":[2951],"class_list":["post-108840","product","type-product","status-publish","has-post-thumbnail","hentry","product_cat-kopfbedeckung-fhb","product_cat-zunftbekleidung","product_tag-fhb","pa_farbe-beige","pa_farbe-schwarz","pa_hersteller-fhb"],"_links":{"self":[{"href":"https:\/\/arbeitskleidung.de\/shop\/wp-json\/wp\/v2\/product\/108840"}],"collection":[{"href":"https:\/\/arbeitskleidung.de\/shop\/wp-json\/wp\/v2\/product"}],"about":[{"href":"https:\/\/arbeitskleidung.de\/shop\/wp-json\/wp\/v2\/types\/product"}],"replies":[{"embeddable":true,"href":"https:\/\/arbeitskleidung.de\/shop\/wp-json\/wp\/v2\/comments?post=108840"}],"wp:featuredmedia":[{"embeddable":true,"href":"https:\/\/arbeitskleidung.de\/shop\/wp-json\/wp\/v2\/media\/83629"}],"wp:attachment":[{"href":"https:\/\/arbeitskleidung.de\/shop\/wp-json\/wp\/v2\/media?parent=108840"}],"wp:term":[{"taxonomy":"product_cat","embeddable":true,"href":"https:\/\/arbeitskleidung.de\/shop\/wp-json\/wp\/v2\/product_cat?post=108840"},{"taxonomy":"product_tag","embeddable":true,"href":"https:\/\/arbeitskleidung.de\/shop\/wp-json\/wp\/v2\/product_tag?post=108840"}],"curies":[{"name":"wp","href":"https:\/\/api.w.org\/{rel}","templated":true}]}}