{"id":108897,"date":"2025-11-04T16:54:17","date_gmt":"2025-11-04T14:54:17","guid":{"rendered":"https:\/\/arbeitskleidung.de\/shop\/produkt\/fhb-strick-fleece-jacke"},"modified":"2025-11-04T16:54:19","modified_gmt":"2025-11-04T14:54:19","slug":"fhb-strick-fleece-jacke","status":"publish","type":"product","link":"https:\/\/arbeitskleidung.de\/shop\/produkt\/fhb-strick-fleece-jacke","title":{"rendered":"FHB Strick-Fleece-Jacke"},"content":{"rendered":"<p><strong>FHB Strick-Fleece-Jacke<\/strong><br \/>\nk\u00f6rpernahe Passform, elastische, schwarze Seitenbereiche<br \/>\naus 100% Polyester, 2 ger\u00e4umige,<br \/>\nvordere Rei\u00dfverschlussseitentaschen<br \/>\nund eine gro\u00dfz\u00fcgige Armtasche mit rotem Rei\u00dfverschluss,<br \/>\n2 offene Innentaschen,<br \/>\nYKK-Frontrei\u00dfverschluss<br \/>\nMaterial<br \/>\n100 % Polyester, 280 g\/qm<\/p>\n","protected":false},"excerpt":{"rendered":"<p>FHB Strick-Fleece-Jacke k\u00f6rpernahe Passform, elastische, schwarze Seitenbereiche aus 100% Polyester, 2 ger\u00e4umige, vordere Rei\u00dfverschlussseitentaschen und eine gro\u00dfz\u00fcgige Armtasche mit rotem Rei\u00dfverschluss, 2 offene Innentaschen, YKK-Frontrei\u00dfverschluss Material 100 % Polyester, 280 g\/qm<\/p>\n","protected":false},"featured_media":97344,"comment_status":"open","ping_status":"open","template":"","meta":[],"product_cat":[3037,1025,3058],"product_tag":[2867,2951],"class_list":["post-108897","product","type-product","status-publish","has-post-thumbnail","hentry","product_cat-oberbekleidung-fhb","product_cat-zunftbekleidung","product_cat-oberbekleidung-fhb-zunft","product_tag-jacke","product_tag-fhb","pa_farbe-anthrazit-schwarz","pa_farbe-grau-schwarz","pa_groesse-3-xl","pa_groesse-l","pa_groesse-m","pa_groesse-s","pa_groesse-xl","pa_groesse-xs","pa_groesse-xxl","pa_hersteller-fhb"],"_links":{"self":[{"href":"https:\/\/arbeitskleidung.de\/shop\/wp-json\/wp\/v2\/product\/108897"}],"collection":[{"href":"https:\/\/arbeitskleidung.de\/shop\/wp-json\/wp\/v2\/product"}],"about":[{"href":"https:\/\/arbeitskleidung.de\/shop\/wp-json\/wp\/v2\/types\/product"}],"replies":[{"embeddable":true,"href":"https:\/\/arbeitskleidung.de\/shop\/wp-json\/wp\/v2\/comments?post=108897"}],"wp:featuredmedia":[{"embeddable":true,"href":"https:\/\/arbeitskleidung.de\/shop\/wp-json\/wp\/v2\/media\/97344"}],"wp:attachment":[{"href":"https:\/\/arbeitskleidung.de\/shop\/wp-json\/wp\/v2\/media?parent=108897"}],"wp:term":[{"taxonomy":"product_cat","embeddable":true,"href":"https:\/\/arbeitskleidung.de\/shop\/wp-json\/wp\/v2\/product_cat?post=108897"},{"taxonomy":"product_tag","embeddable":true,"href":"https:\/\/arbeitskleidung.de\/shop\/wp-json\/wp\/v2\/product_tag?post=108897"}],"curies":[{"name":"wp","href":"https:\/\/api.w.org\/{rel}","templated":true}]}}