{"id":109004,"date":"2025-11-04T16:54:31","date_gmt":"2025-11-04T14:54:31","guid":{"rendered":"https:\/\/arbeitskleidung.de\/shop\/produkt\/fhb-softshelljacke"},"modified":"2025-11-04T16:54:37","modified_gmt":"2025-11-04T14:54:37","slug":"fhb-softshelljacke","status":"publish","type":"product","link":"https:\/\/arbeitskleidung.de\/shop\/produkt\/fhb-softshelljacke","title":{"rendered":"FHB Softshelljacke"},"content":{"rendered":"<p><strong>FHB Softshelljacke<\/strong><br \/>\nFHB- Original Bielefelder<br \/>\nMaterial:<br \/>\n100 % Polyester, 380 g\/m\u00b2,<br \/>\nInnenseite: 100 % Micro-Fleece, antipilling<br \/>\nAusf\u00fchrung:<br \/>\nFHB-Koltex Membran, dehnbares Obermaterial,<br \/>\nwinddicht, atmungsaktiv und wasserabweisend<br \/>\n(10.000 mm Wassers\u00e4ule), verdeckter Frontrei\u00dfverschluss,<br \/>\nreflektierende Paspelierungen<br \/>\nan Vorder- und R\u00fcckseite, 2 Frontseitentaschen<br \/>\nplus Handytasche, 1 Innentasche, Bundweitenregulierung,<br \/>\nabnehmbare Kapuze.<\/p>\n","protected":false},"excerpt":{"rendered":"<p>FHB Softshelljacke FHB- Original Bielefelder Material: 100 % Polyester, 380 g\/m\u00b2, Innenseite: 100 % Micro-Fleece, antipilling Ausf\u00fchrung: FHB-Koltex Membran, dehnbares Obermaterial, winddicht, atmungsaktiv und wasserabweisend (10.000 mm Wassers\u00e4ule), verdeckter Frontrei\u00dfverschluss, reflektierende Paspelierungen an Vorder- und R\u00fcckseite, 2 Frontseitentaschen plus Handytasche, 1 Innentasche, Bundweitenregulierung, abnehmbare Kapuze.<\/p>\n","protected":false},"featured_media":83974,"comment_status":"open","ping_status":"open","template":"","meta":[],"product_cat":[1025,3076,3083],"product_tag":[3084,3085,2951],"class_list":["post-109004","product","type-product","status-publish","has-post-thumbnail","hentry","product_cat-zunftbekleidung","product_cat-fhb-arbeitsjacken-arbeitspullover","product_cat-fhb-pilotenjacken-wetterjacken","product_tag-pilotenjacke","product_tag-softshelljacke","product_tag-fhb","pa_farbe-anthrazit-schwarz","pa_farbe-beige-schwarz","pa_farbe-gruen-schwarz","pa_farbe-oliv-schwarz","pa_farbe-rot-schwarz","pa_farbe-royal-schwarz","pa_farbe-weiss-anthrazit","pa_groesse-3-xl","pa_groesse-l","pa_groesse-m","pa_groesse-s","pa_groesse-xl","pa_groesse-xs","pa_groesse-xxl","pa_hersteller-fhb"],"_links":{"self":[{"href":"https:\/\/arbeitskleidung.de\/shop\/wp-json\/wp\/v2\/product\/109004"}],"collection":[{"href":"https:\/\/arbeitskleidung.de\/shop\/wp-json\/wp\/v2\/product"}],"about":[{"href":"https:\/\/arbeitskleidung.de\/shop\/wp-json\/wp\/v2\/types\/product"}],"replies":[{"embeddable":true,"href":"https:\/\/arbeitskleidung.de\/shop\/wp-json\/wp\/v2\/comments?post=109004"}],"wp:featuredmedia":[{"embeddable":true,"href":"https:\/\/arbeitskleidung.de\/shop\/wp-json\/wp\/v2\/media\/83974"}],"wp:attachment":[{"href":"https:\/\/arbeitskleidung.de\/shop\/wp-json\/wp\/v2\/media?parent=109004"}],"wp:term":[{"taxonomy":"product_cat","embeddable":true,"href":"https:\/\/arbeitskleidung.de\/shop\/wp-json\/wp\/v2\/product_cat?post=109004"},{"taxonomy":"product_tag","embeddable":true,"href":"https:\/\/arbeitskleidung.de\/shop\/wp-json\/wp\/v2\/product_tag?post=109004"}],"curies":[{"name":"wp","href":"https:\/\/api.w.org\/{rel}","templated":true}]}}