{"id":109054,"date":"2025-11-04T16:54:37","date_gmt":"2025-11-04T14:54:37","guid":{"rendered":"https:\/\/arbeitskleidung.de\/shop\/produkt\/fhb-softshell-weste"},"modified":"2025-11-04T16:54:38","modified_gmt":"2025-11-04T14:54:38","slug":"fhb-softshell-weste","status":"publish","type":"product","link":"https:\/\/arbeitskleidung.de\/shop\/produkt\/fhb-softshell-weste","title":{"rendered":"FHB Softshell-Weste"},"content":{"rendered":"<p><strong>FHB Softshell-Weste<\/strong><br \/>\nFHB- Original Bielefelder<br \/>\nMaterial:<br \/>\n100 % Polyester, 380g\/m\u00b2,<br \/>\nInnenseite: 100 % Micro-Fleece, antipilling<br \/>\nAusf\u00fchrung:<br \/>\nFHB-Koltex Membran,<br \/>\ndehnbares Obermaterial, winddicht,<br \/>\natmungsaktiv und wasserabweisend<br \/>\n(10.000 mm Wassers\u00e4ule),<br \/>\nreflektierende Paseplierungen an<br \/>\nVorder- und R\u00fcckseite, 2 Frontseitentaschen<br \/>\n+ Handytasche, 1 Innentasche,<br \/>\nBundweitenregulierung.<\/p>\n","protected":false},"excerpt":{"rendered":"<p>FHB Softshell-Weste FHB- Original Bielefelder Material: 100 % Polyester, 380g\/m\u00b2, Innenseite: 100 % Micro-Fleece, antipilling Ausf\u00fchrung: FHB-Koltex Membran, dehnbares Obermaterial, winddicht, atmungsaktiv und wasserabweisend (10.000 mm Wassers\u00e4ule), reflektierende Paseplierungen an Vorder- und R\u00fcckseite, 2 Frontseitentaschen + Handytasche, 1 Innentasche, Bundweitenregulierung.<\/p>\n","protected":false},"featured_media":83984,"comment_status":"open","ping_status":"open","template":"","meta":[],"product_cat":[1025,3076,3083],"product_tag":[2951,3084],"class_list":["post-109054","product","type-product","status-publish","has-post-thumbnail","hentry","product_cat-zunftbekleidung","product_cat-fhb-arbeitsjacken-arbeitspullover","product_cat-fhb-pilotenjacken-wetterjacken","product_tag-fhb","product_tag-pilotenjacke","pa_groesse-3-xl","pa_groesse-l","pa_groesse-m","pa_groesse-s","pa_groesse-xl","pa_groesse-xs","pa_groesse-xxl","pa_hersteller-fhb"],"_links":{"self":[{"href":"https:\/\/arbeitskleidung.de\/shop\/wp-json\/wp\/v2\/product\/109054"}],"collection":[{"href":"https:\/\/arbeitskleidung.de\/shop\/wp-json\/wp\/v2\/product"}],"about":[{"href":"https:\/\/arbeitskleidung.de\/shop\/wp-json\/wp\/v2\/types\/product"}],"replies":[{"embeddable":true,"href":"https:\/\/arbeitskleidung.de\/shop\/wp-json\/wp\/v2\/comments?post=109054"}],"wp:featuredmedia":[{"embeddable":true,"href":"https:\/\/arbeitskleidung.de\/shop\/wp-json\/wp\/v2\/media\/83984"}],"wp:attachment":[{"href":"https:\/\/arbeitskleidung.de\/shop\/wp-json\/wp\/v2\/media?parent=109054"}],"wp:term":[{"taxonomy":"product_cat","embeddable":true,"href":"https:\/\/arbeitskleidung.de\/shop\/wp-json\/wp\/v2\/product_cat?post=109054"},{"taxonomy":"product_tag","embeddable":true,"href":"https:\/\/arbeitskleidung.de\/shop\/wp-json\/wp\/v2\/product_tag?post=109054"}],"curies":[{"name":"wp","href":"https:\/\/api.w.org\/{rel}","templated":true}]}}