{"id":109084,"date":"2025-11-04T16:56:19","date_gmt":"2025-11-04T14:56:19","guid":{"rendered":"https:\/\/arbeitskleidung.de\/shop\/produkt\/fhb-kinder-zunftweste"},"modified":"2025-11-04T16:56:20","modified_gmt":"2025-11-04T14:56:20","slug":"fhb-kinder-zunftweste","status":"publish","type":"product","link":"https:\/\/arbeitskleidung.de\/shop\/produkt\/fhb-kinder-zunftweste","title":{"rendered":"FHB Kinder- Zunftweste"},"content":{"rendered":"<p><strong>FHB Kinder- Zunftweste<\/strong><br \/>\nFHB- Original Bielefelder<br \/>\n Zwirn-Feincord<br \/>\n80 % Baumwolle 20 % Polyester, 400g\/m\u00b2,<br \/>\n Zweireihig,<br \/>\n2 Au\u00dfentaschen,<br \/>\n1 Innentasche,<br \/>\nPerlmuttimitatkn\u00f6pfe,<br \/>\n1 R\u00fcckenschnallgurt.<\/p>\n","protected":false},"excerpt":{"rendered":"<p>FHB Kinder- Zunftweste FHB- Original Bielefelder Zwirn-Feincord 80 % Baumwolle 20 % Polyester, 400g\/m\u00b2, Zweireihig, 2 Au\u00dfentaschen, 1 Innentasche, Perlmuttimitatkn\u00f6pfe, 1 R\u00fcckenschnallgurt.<\/p>\n","protected":false},"featured_media":84787,"comment_status":"open","ping_status":"open","template":"","meta":[],"product_cat":[1025,3095],"product_tag":[2951,2975,3009],"class_list":["post-109084","product","type-product","status-publish","has-post-thumbnail","hentry","product_cat-zunftbekleidung","product_cat-fhb-kinder-zunftbekleidung","product_tag-fhb","product_tag-zunftweste","product_tag-zunftbekleidung","pa_groesse-116-128","pa_groesse-140-152","pa_groesse-92-104","pa_groesse-158-164","pa_hersteller-fhb"],"_links":{"self":[{"href":"https:\/\/arbeitskleidung.de\/shop\/wp-json\/wp\/v2\/product\/109084"}],"collection":[{"href":"https:\/\/arbeitskleidung.de\/shop\/wp-json\/wp\/v2\/product"}],"about":[{"href":"https:\/\/arbeitskleidung.de\/shop\/wp-json\/wp\/v2\/types\/product"}],"replies":[{"embeddable":true,"href":"https:\/\/arbeitskleidung.de\/shop\/wp-json\/wp\/v2\/comments?post=109084"}],"wp:featuredmedia":[{"embeddable":true,"href":"https:\/\/arbeitskleidung.de\/shop\/wp-json\/wp\/v2\/media\/84787"}],"wp:attachment":[{"href":"https:\/\/arbeitskleidung.de\/shop\/wp-json\/wp\/v2\/media?parent=109084"}],"wp:term":[{"taxonomy":"product_cat","embeddable":true,"href":"https:\/\/arbeitskleidung.de\/shop\/wp-json\/wp\/v2\/product_cat?post=109084"},{"taxonomy":"product_tag","embeddable":true,"href":"https:\/\/arbeitskleidung.de\/shop\/wp-json\/wp\/v2\/product_tag?post=109084"}],"curies":[{"name":"wp","href":"https:\/\/api.w.org\/{rel}","templated":true}]}}