{"id":109329,"date":"2026-02-12T11:27:06","date_gmt":"2026-02-12T09:27:06","guid":{"rendered":"https:\/\/arbeitskleidung.de\/shop\/produkt\/hakro-zip-sweatshirt"},"modified":"2026-02-12T11:27:13","modified_gmt":"2026-02-12T09:27:13","slug":"hakro-zip-sweatshirt","status":"publish","type":"product","link":"https:\/\/arbeitskleidung.de\/shop\/produkt\/hakro-zip-sweatshirt","title":{"rendered":"HAKRO Zip-Sweatshirt"},"content":{"rendered":"<p><strong>HAKRO Zip-Sweatshirt<\/strong><br \/>\nKlassischer Troyer mit hochwertigem Rei\u00dfverschluss von YKK\u00ae,<br \/>\nformstabilen B\u00fcndchen mit LYCRA\u00ae-Anteil,<br \/>\nnicht angerauter Innenseite (French-Terry) und Nackenband.<br \/>\nHergestellt aus pflegeleichter Baumwolle-Polyester-Mischung f\u00fcr<br \/>\nh\u00f6chste Anspr\u00fcche. Gewebtes HAKRO-Necklabel aus<br \/>\nhochwertigem Kettsatin mit weichen, ultraschallgeschnittenen<br \/>\nBandkanten f\u00fcr h\u00f6chsten Tragekomfort und gewebtes<br \/>\nHAKRO-Flaglabel an der linken Seitennaht.<\/p>\n<p>o Material: Maschenware aus 70 % Baumwolle und 30 % Polyester<br \/>\n(grau meliert: 60 % Polyester und 40 % Baumwolle)<br \/>\no Gewicht: 300 g\/m2<br \/>\no Ausr\u00fcstung: einlaufvorbehandelt<br \/>\no Passform: Comfort Fit<br \/>\no Zertifikate: OEKO-TEX\u00ae STANDARD 100<br \/>\no Waschtemperatur: max. 60 \u00b0C<\/p>\n","protected":false},"excerpt":{"rendered":"<p>HAKRO Zip-Sweatshirt Klassischer Troyer mit hochwertigem Rei\u00dfverschluss von YKK\u00ae, formstabilen B\u00fcndchen mit LYCRA\u00ae-Anteil, nicht angerauter Innenseite (French-Terry) und Nackenband. Hergestellt aus pflegeleichter Baumwolle-Polyester-Mischung f\u00fcr h\u00f6chste Anspr\u00fcche. Gewebtes HAKRO-Necklabel aus hochwertigem Kettsatin mit weichen, ultraschallgeschnittenen Bandkanten f\u00fcr h\u00f6chsten Tragekomfort und gewebtes HAKRO-Flaglabel an der linken Seitennaht. o Material: Maschenware aus 70 % Baumwolle und 30 % [&hellip;]<\/p>\n","protected":false},"featured_media":95589,"comment_status":"open","ping_status":"open","template":"","meta":[],"product_cat":[2809,3310,3309,823,779,3132,2807,3142,1027,2808,3143,3141,3289,3308],"product_tag":[2810,2857,3135],"class_list":["post-109329","product","type-product","status-publish","has-post-thumbnail","hentry","product_cat-hakro-activewear","product_cat-t-shirt-sweatshirt","product_cat-oberbekleidung","product_cat-industrie-handwerk","product_cat-gastronomie-klinik","product_cat-klinikkleidung-praxiskleidung-pflegekleidung","product_cat-herren-sweatshirt","product_cat-herrenoberbekleidung","product_cat-t-shirt-unterwaesche","product_cat-damen-sweatshirt-polos","product_cat-shirts-blusen","product_cat-hakro-activewear-gastronomie-klinik","product_cat-damenberufskleidung","product_cat-hakro-activewear-industrie-handwerk","product_tag-hakro","product_tag-t-shirt","product_tag-pflegekleidung","pa_farbe-anthrazit","pa_farbe-grau-meliert","pa_farbe-marine","pa_farbe-orange","pa_farbe-rot","pa_farbe-royal","pa_farbe-schwarz","pa_farbe-tanne","pa_farbe-tinte","pa_farbe-titan","pa_farbe-weinrot","pa_farbe-weiss","pa_groesse-3-xl","pa_groesse-l","pa_groesse-m","pa_groesse-s","pa_groesse-xl","pa_groesse-xs","pa_groesse-xxl","pa_hersteller-hakro"],"_links":{"self":[{"href":"https:\/\/arbeitskleidung.de\/shop\/wp-json\/wp\/v2\/product\/109329"}],"collection":[{"href":"https:\/\/arbeitskleidung.de\/shop\/wp-json\/wp\/v2\/product"}],"about":[{"href":"https:\/\/arbeitskleidung.de\/shop\/wp-json\/wp\/v2\/types\/product"}],"replies":[{"embeddable":true,"href":"https:\/\/arbeitskleidung.de\/shop\/wp-json\/wp\/v2\/comments?post=109329"}],"wp:featuredmedia":[{"embeddable":true,"href":"https:\/\/arbeitskleidung.de\/shop\/wp-json\/wp\/v2\/media\/95589"}],"wp:attachment":[{"href":"https:\/\/arbeitskleidung.de\/shop\/wp-json\/wp\/v2\/media?parent=109329"}],"wp:term":[{"taxonomy":"product_cat","embeddable":true,"href":"https:\/\/arbeitskleidung.de\/shop\/wp-json\/wp\/v2\/product_cat?post=109329"},{"taxonomy":"product_tag","embeddable":true,"href":"https:\/\/arbeitskleidung.de\/shop\/wp-json\/wp\/v2\/product_tag?post=109329"}],"curies":[{"name":"wp","href":"https:\/\/api.w.org\/{rel}","templated":true}]}}