{"id":109414,"date":"2026-02-12T11:27:14","date_gmt":"2026-02-12T09:27:14","guid":{"rendered":"https:\/\/arbeitskleidung.de\/shop\/produkt\/hakro-sweatshirt-premium"},"modified":"2026-02-12T11:27:25","modified_gmt":"2026-02-12T09:27:25","slug":"hakro-sweatshirt-premium","status":"publish","type":"product","link":"https:\/\/arbeitskleidung.de\/shop\/produkt\/hakro-sweatshirt-premium","title":{"rendered":"HAKRO Sweatshirt Premium"},"content":{"rendered":"<p><strong>HAKRO Sweatshirt Premium<\/strong><br \/>\nKlassisches Sweatshirt mit rundem Halsausschnitt,<br \/>\nformstabilen B\u00fcndchen mit LYCRA\u00ae-Anteil, flauschig<br \/>\nangerauter Innenseite und Nackenband.<br \/>\nHergestellt aus pflegeleichter Baumwolle-Polyester-Mischung<br \/>\nf\u00fcr h\u00f6chste Anspr\u00fcche. Gewebtes HAKRO-Necklabel aus<br \/>\nhochwertigem Kettsatin mit weichen,<br \/>\nultraschallgeschnittenen Bandkanten f\u00fcr h\u00f6chsten<br \/>\nTragekomfort und gewebtes HAKRO-Flaglabel an der linken Seitennaht.<\/p>\n<p>o Material: Maschenware aus 70 % Baumwolle und 30 % Polyester<br \/>\n(ash meliert: 85 % Baumwolle und 15 % Polyester;<br \/>\ngrau meliert: 60 % Polyester und 40 % Baumwolle)<br \/>\no Gewicht: 300 g\/m2<br \/>\no Ausr\u00fcstung: einlaufvorbehandelt<br \/>\no Passform: Comfort Fit<br \/>\no Zertifikate: OEKO-TEX\u00ae STANDARD 100<br \/>\no Waschtemperatur: max. 60 \u00b0C<\/p>\n","protected":false},"excerpt":{"rendered":"<p>HAKRO Sweatshirt Premium Klassisches Sweatshirt mit rundem Halsausschnitt, formstabilen B\u00fcndchen mit LYCRA\u00ae-Anteil, flauschig angerauter Innenseite und Nackenband. Hergestellt aus pflegeleichter Baumwolle-Polyester-Mischung f\u00fcr h\u00f6chste Anspr\u00fcche. Gewebtes HAKRO-Necklabel aus hochwertigem Kettsatin mit weichen, ultraschallgeschnittenen Bandkanten f\u00fcr h\u00f6chsten Tragekomfort und gewebtes HAKRO-Flaglabel an der linken Seitennaht. o Material: Maschenware aus 70 % Baumwolle und 30 % Polyester (ash [&hellip;]<\/p>\n","protected":false},"featured_media":95595,"comment_status":"open","ping_status":"open","template":"","meta":[],"product_cat":[2809,3310,3309,823,779,3132,3142,2807,2808,3143,1027,3141,3289,3308],"product_tag":[2810,2857,3135],"class_list":["post-109414","product","type-product","status-publish","has-post-thumbnail","hentry","product_cat-hakro-activewear","product_cat-t-shirt-sweatshirt","product_cat-oberbekleidung","product_cat-industrie-handwerk","product_cat-gastronomie-klinik","product_cat-klinikkleidung-praxiskleidung-pflegekleidung","product_cat-herrenoberbekleidung","product_cat-herren-sweatshirt","product_cat-damen-sweatshirt-polos","product_cat-shirts-blusen","product_cat-t-shirt-unterwaesche","product_cat-hakro-activewear-gastronomie-klinik","product_cat-damenberufskleidung","product_cat-hakro-activewear-industrie-handwerk","product_tag-hakro","product_tag-t-shirt","product_tag-pflegekleidung","pa_farbe-anthrazit","pa_farbe-graphit","pa_farbe-grau-meliert","pa_farbe-kelly-green","pa_farbe-malibu-blue","pa_farbe-marine","pa_farbe-orange","pa_farbe-petrol","pa_farbe-rot","pa_farbe-royal","pa_farbe-sand","pa_farbe-schwarz","pa_farbe-smaragd","pa_farbe-tanne","pa_farbe-tinte","pa_farbe-titan","pa_farbe-weinrot","pa_farbe-weiss","pa_groesse-3-xl","pa_groesse-l","pa_groesse-m","pa_groesse-s","pa_groesse-xl","pa_groesse-xs","pa_groesse-xxl","pa_hersteller-hakro"],"_links":{"self":[{"href":"https:\/\/arbeitskleidung.de\/shop\/wp-json\/wp\/v2\/product\/109414"}],"collection":[{"href":"https:\/\/arbeitskleidung.de\/shop\/wp-json\/wp\/v2\/product"}],"about":[{"href":"https:\/\/arbeitskleidung.de\/shop\/wp-json\/wp\/v2\/types\/product"}],"replies":[{"embeddable":true,"href":"https:\/\/arbeitskleidung.de\/shop\/wp-json\/wp\/v2\/comments?post=109414"}],"wp:featuredmedia":[{"embeddable":true,"href":"https:\/\/arbeitskleidung.de\/shop\/wp-json\/wp\/v2\/media\/95595"}],"wp:attachment":[{"href":"https:\/\/arbeitskleidung.de\/shop\/wp-json\/wp\/v2\/media?parent=109414"}],"wp:term":[{"taxonomy":"product_cat","embeddable":true,"href":"https:\/\/arbeitskleidung.de\/shop\/wp-json\/wp\/v2\/product_cat?post=109414"},{"taxonomy":"product_tag","embeddable":true,"href":"https:\/\/arbeitskleidung.de\/shop\/wp-json\/wp\/v2\/product_tag?post=109414"}],"curies":[{"name":"wp","href":"https:\/\/api.w.org\/{rel}","templated":true}]}}