{"id":109635,"date":"2023-01-31T12:49:09","date_gmt":"2023-01-31T10:49:09","guid":{"rendered":"https:\/\/arbeitskleidung.de\/shop\/produkt\/hakro-women-polo-top"},"modified":"2023-01-31T12:49:18","modified_gmt":"2023-01-31T10:49:18","slug":"hakro-women-polo-top","status":"publish","type":"product","link":"https:\/\/arbeitskleidung.de\/shop\/produkt\/hakro-women-polo-top","title":{"rendered":"HAKRO Women Polo Top"},"content":{"rendered":"<p><strong>HAKRO Women Polo Top<\/strong><br \/>\nSportives Poloshirt f\u00fcr Damen mit Kontraststreifen im Polokragen<br \/>\nund an den \u00c4rmelb\u00fcndchen, hochwertig verarbeiteter,<br \/>\nmodisch schmaler 4-Loch-Knopfleiste mit extrahaltbar angen\u00e4hten,<br \/>\nbruchsicheren Kn\u00f6pfen, Ton in Ton mit dem<br \/>\ngelaserten HAKRO-Schriftzug. Mit Ersatzknopf,<br \/>\nNackenband und doppelt geriegelten Seitenschlitzen.<br \/>\nHergestellt aus feinmaschigem Piqu\u00e9 aus langstapeliger,<br \/>\ngek\u00e4mmter und ringgesponnener Baumwolle.<br \/>\nGewebtes HAKRO-Necklabel aus hochwertigem Kettsatin<br \/>\nmit weichen, ultraschallgeschnittenen Bandkanten f\u00fcr<br \/>\nh\u00f6chsten Tragekomfort und gewebtes<br \/>\nHAKRO-Flaglabel an der linken Seitennaht.<\/p>\n<p>o Material: Piqu\u00e9 aus 100 % Baumwolle<br \/>\no Gewicht: 200 g\/m2<br \/>\no Ausr\u00fcstung: einlaufvorbehandelt<br \/>\no Passform: Regular Fit<br \/>\no Zertifikate: OEKO-TEX\u00ae STANDARD 100<br \/>\no Waschtemperatur: max. 40 \u00b0C<\/p>\n","protected":false},"excerpt":{"rendered":"<p>HAKRO Women Polo Top Sportives Poloshirt f\u00fcr Damen mit Kontraststreifen im Polokragen und an den \u00c4rmelb\u00fcndchen, hochwertig verarbeiteter, modisch schmaler 4-Loch-Knopfleiste mit extrahaltbar angen\u00e4hten, bruchsicheren Kn\u00f6pfen, Ton in Ton mit dem gelaserten HAKRO-Schriftzug. Mit Ersatzknopf, Nackenband und doppelt geriegelten Seitenschlitzen. Hergestellt aus feinmaschigem Piqu\u00e9 aus langstapeliger, gek\u00e4mmter und ringgesponnener Baumwolle. Gewebtes HAKRO-Necklabel aus hochwertigem Kettsatin [&hellip;]<\/p>\n","protected":false},"featured_media":95610,"comment_status":"open","ping_status":"open","template":"","meta":[],"product_cat":[2809,3144,3145,3309,3311,823,779,3132,1027,2808,3143,3141,3289,3308],"product_tag":[2836,3135,3146,2810],"class_list":["post-109635","product","type-product","status-publish","has-post-thumbnail","hentry","product_cat-hakro-activewear","product_cat-kuechenkleidung-servicekleidung","product_cat-servicehosen-oberbekleidung","product_cat-oberbekleidung","product_cat-polos-pullover","product_cat-industrie-handwerk","product_cat-gastronomie-klinik","product_cat-klinikkleidung-praxiskleidung-pflegekleidung","product_cat-t-shirt-unterwaesche","product_cat-damen-sweatshirt-polos","product_cat-shirts-blusen","product_cat-hakro-activewear-gastronomie-klinik","product_cat-damenberufskleidung","product_cat-hakro-activewear-industrie-handwerk","product_tag-polo","product_tag-pflegekleidung","product_tag-kuechenkleidung","product_tag-hakro","pa_farbe-anthrazit-kiwi","pa_farbe-rot-schwarz","pa_farbe-royal-weiss","pa_farbe-schwarz-silber","pa_farbe-tinte-rot","pa_farbe-weiss-rot","pa_groesse-3-xl","pa_groesse-l","pa_groesse-m","pa_groesse-s","pa_groesse-xl","pa_groesse-xs","pa_groesse-xxl","pa_hersteller-hakro"],"_links":{"self":[{"href":"https:\/\/arbeitskleidung.de\/shop\/wp-json\/wp\/v2\/product\/109635"}],"collection":[{"href":"https:\/\/arbeitskleidung.de\/shop\/wp-json\/wp\/v2\/product"}],"about":[{"href":"https:\/\/arbeitskleidung.de\/shop\/wp-json\/wp\/v2\/types\/product"}],"replies":[{"embeddable":true,"href":"https:\/\/arbeitskleidung.de\/shop\/wp-json\/wp\/v2\/comments?post=109635"}],"wp:featuredmedia":[{"embeddable":true,"href":"https:\/\/arbeitskleidung.de\/shop\/wp-json\/wp\/v2\/media\/95610"}],"wp:attachment":[{"href":"https:\/\/arbeitskleidung.de\/shop\/wp-json\/wp\/v2\/media?parent=109635"}],"wp:term":[{"taxonomy":"product_cat","embeddable":true,"href":"https:\/\/arbeitskleidung.de\/shop\/wp-json\/wp\/v2\/product_cat?post=109635"},{"taxonomy":"product_tag","embeddable":true,"href":"https:\/\/arbeitskleidung.de\/shop\/wp-json\/wp\/v2\/product_tag?post=109635"}],"curies":[{"name":"wp","href":"https:\/\/api.w.org\/{rel}","templated":true}]}}