{"id":109926,"date":"2026-02-12T11:27:36","date_gmt":"2026-02-12T09:27:36","guid":{"rendered":"https:\/\/arbeitskleidung.de\/shop\/produkt\/hakro-women-polo-top-2"},"modified":"2026-02-12T11:40:32","modified_gmt":"2026-02-12T09:40:32","slug":"hakro-women-polo-top-2","status":"publish","type":"product","link":"https:\/\/arbeitskleidung.de\/shop\/produkt\/hakro-women-polo-top-2","title":{"rendered":"HAKRO Women Polo Top"},"content":{"rendered":"<p><strong>HAKRO Women Polo Top<\/strong><br \/>\nKlassisches Poloshirt f\u00fcr Damen mit hochwertig verarbeiteter<br \/>\n2-Loch-Knopfleiste mit extrahaltbar angen\u00e4hten,<br \/>\nbruchsicheren Kn\u00f6pfen, Ton in Ton mit gelaserten HAKRO-Schriftzug.<br \/>\nMit Ersatzknopf, Nackenband und doppelt geriegelten Seitenschlitzen.<br \/>\nHergestellt aus feinmaschigem Piqu\u00e9 aus langstapeliger,<br \/>\ngek\u00e4mmter und ringgesponnener Baumwolle.<br \/>\nGewebtes HAKRO-Necklabel aus hochwertigem Kettsatin<br \/>\nmit weichen, ultraschallgeschnittenen Bandkanten<br \/>\nf\u00fcr angenehmen Tragekomfort und gewebtes<br \/>\nHAKRO-Flaglabel an der linken Seitennaht.<\/p>\n<p>o Material: Piqu\u00e9 aus 100 % Baumwolle (grau meliert:<br \/>\n60 % Polyester und 40 % Baumwolle)<br \/>\no Gewicht: 200 g\/m2<br \/>\no Ausr\u00fcstung: einlaufvorbehandelt<br \/>\no Passform: Regular Fit<br \/>\no Zertifikate: OEKO-TEX\u00ae STANDARD 100<br \/>\no Waschtemperatur: max. 60 \u00b0C (wei\u00df: 95 \u00b0C)<\/p>\n","protected":false},"excerpt":{"rendered":"<p>HAKRO Women Polo Top Klassisches Poloshirt f\u00fcr Damen mit hochwertig verarbeiteter 2-Loch-Knopfleiste mit extrahaltbar angen\u00e4hten, bruchsicheren Kn\u00f6pfen, Ton in Ton mit gelaserten HAKRO-Schriftzug. Mit Ersatzknopf, Nackenband und doppelt geriegelten Seitenschlitzen. Hergestellt aus feinmaschigem Piqu\u00e9 aus langstapeliger, gek\u00e4mmter und ringgesponnener Baumwolle. Gewebtes HAKRO-Necklabel aus hochwertigem Kettsatin mit weichen, ultraschallgeschnittenen Bandkanten f\u00fcr angenehmen Tragekomfort und gewebtes HAKRO-Flaglabel [&hellip;]<\/p>\n","protected":false},"featured_media":117898,"comment_status":"open","ping_status":"closed","template":"","meta":[],"product_cat":[2809,3144,3145,3309,3311,823,779,3132,3143,1027,2808,3141,3289,3308],"product_tag":[2810,2836,3135,3146],"class_list":["post-109926","product","type-product","status-publish","has-post-thumbnail","hentry","product_cat-hakro-activewear","product_cat-kuechenkleidung-servicekleidung","product_cat-servicehosen-oberbekleidung","product_cat-oberbekleidung","product_cat-polos-pullover","product_cat-industrie-handwerk","product_cat-gastronomie-klinik","product_cat-klinikkleidung-praxiskleidung-pflegekleidung","product_cat-shirts-blusen","product_cat-t-shirt-unterwaesche","product_cat-damen-sweatshirt-polos","product_cat-hakro-activewear-gastronomie-klinik","product_cat-damenberufskleidung","product_cat-hakro-activewear-industrie-handwerk","product_tag-hakro","product_tag-polo","product_tag-pflegekleidung","product_tag-kuechenkleidung","pa_farbe-anthrazit","pa_farbe-graphit","pa_farbe-grau-meliert","pa_farbe-kelly-green","pa_farbe-marine","pa_farbe-petrol","pa_farbe-rot","pa_farbe-royal","pa_farbe-schwarz","pa_farbe-smaragd","pa_farbe-tanne","pa_farbe-tinte","pa_farbe-weinrot","pa_farbe-weiss","pa_groesse-3-xl","pa_groesse-l","pa_groesse-m","pa_groesse-s","pa_groesse-xl","pa_groesse-xs","pa_groesse-xxl","pa_hersteller-hakro"],"_links":{"self":[{"href":"https:\/\/arbeitskleidung.de\/shop\/wp-json\/wp\/v2\/product\/109926"}],"collection":[{"href":"https:\/\/arbeitskleidung.de\/shop\/wp-json\/wp\/v2\/product"}],"about":[{"href":"https:\/\/arbeitskleidung.de\/shop\/wp-json\/wp\/v2\/types\/product"}],"replies":[{"embeddable":true,"href":"https:\/\/arbeitskleidung.de\/shop\/wp-json\/wp\/v2\/comments?post=109926"}],"wp:featuredmedia":[{"embeddable":true,"href":"https:\/\/arbeitskleidung.de\/shop\/wp-json\/wp\/v2\/media\/117898"}],"wp:attachment":[{"href":"https:\/\/arbeitskleidung.de\/shop\/wp-json\/wp\/v2\/media?parent=109926"}],"wp:term":[{"taxonomy":"product_cat","embeddable":true,"href":"https:\/\/arbeitskleidung.de\/shop\/wp-json\/wp\/v2\/product_cat?post=109926"},{"taxonomy":"product_tag","embeddable":true,"href":"https:\/\/arbeitskleidung.de\/shop\/wp-json\/wp\/v2\/product_tag?post=109926"}],"curies":[{"name":"wp","href":"https:\/\/api.w.org\/{rel}","templated":true}]}}