{"id":110095,"date":"2026-02-12T11:27:45","date_gmt":"2026-02-12T09:27:45","guid":{"rendered":"https:\/\/arbeitskleidung.de\/shop\/produkt\/hakro-women-v-shirt-classic"},"modified":"2026-02-12T11:27:54","modified_gmt":"2026-02-12T09:27:54","slug":"hakro-women-v-shirt-classic","status":"publish","type":"product","link":"https:\/\/arbeitskleidung.de\/shop\/produkt\/hakro-women-v-shirt-classic","title":{"rendered":"HAKRO Women V-Shirt CLASSIC"},"content":{"rendered":"<p><strong>HAKRO Women V-Shirt CLASSIC<\/strong><br \/>\nKlassisches T-Shirt f\u00fcr Damen, mit feminin geschnittenem V-Ausschnitt,<br \/>\nmodisch schmalem Halsb\u00fcndchen und Nackenband.<br \/>\nHergestellt aus feinem, mittelschwerem Single-Jersey<br \/>\naus langstapeliger, gek\u00e4mmter und ringgesponnener Baumwolle.<br \/>\nGewebtes HAKRO-Necklabel aus hochwertigem Kettsatin<br \/>\nmit weichen, ultraschallgeschnittenen Bandkanten f\u00fcr<br \/>\nh\u00f6chsten Tragekomfort und gewebtes<br \/>\nHAKRO-Flaglabel an der linken Seitennaht.<\/p>\n<p>o Material: Single-Jersey aus 100 % Baumwolle<br \/>\n(ash meliert: 98 % Baumwolle und 2 % Viskose; grau meliert:<br \/>\n85 % Baumwolle und 15 % Viskose)<br \/>\no Gewicht: 160 g\/m2<br \/>\no Ausr\u00fcstung: einlaufvorbehandelt<br \/>\no Passform: Regular Fit<br \/>\no Zertifikate: OEKO-TEX\u00ae STANDARD 100<br \/>\no Waschtemperatur: max. 60 \u00b0C<\/p>\n","protected":false},"excerpt":{"rendered":"<p>HAKRO Women V-Shirt CLASSIC Klassisches T-Shirt f\u00fcr Damen, mit feminin geschnittenem V-Ausschnitt, modisch schmalem Halsb\u00fcndchen und Nackenband. Hergestellt aus feinem, mittelschwerem Single-Jersey aus langstapeliger, gek\u00e4mmter und ringgesponnener Baumwolle. Gewebtes HAKRO-Necklabel aus hochwertigem Kettsatin mit weichen, ultraschallgeschnittenen Bandkanten f\u00fcr h\u00f6chsten Tragekomfort und gewebtes HAKRO-Flaglabel an der linken Seitennaht. o Material: Single-Jersey aus 100 % Baumwolle (ash [&hellip;]<\/p>\n","protected":false},"featured_media":95632,"comment_status":"open","ping_status":"open","template":"","meta":[],"product_cat":[3310,2809,3309,823,2860,1027,3289,3308],"product_tag":[2810,2857,2861],"class_list":["post-110095","product","type-product","status-publish","has-post-thumbnail","hentry","product_cat-t-shirt-sweatshirt","product_cat-hakro-activewear","product_cat-oberbekleidung","product_cat-industrie-handwerk","product_cat-damen-t-shirt","product_cat-t-shirt-unterwaesche","product_cat-damenberufskleidung","product_cat-hakro-activewear-industrie-handwerk","product_tag-hakro","product_tag-t-shirt","product_tag-v-shirt","pa_farbe-aubergine","pa_farbe-grau-meliert","pa_farbe-ice-blue","pa_farbe-kelly-green","pa_farbe-magenta","pa_farbe-malibu-blue","pa_farbe-orange","pa_farbe-rot","pa_farbe-royal","pa_farbe-schwarz","pa_farbe-smaragd","pa_farbe-sonne","pa_farbe-tinte","pa_farbe-weinrot","pa_farbe-weiss","pa_groesse-3-xl","pa_groesse-l","pa_groesse-m","pa_groesse-s","pa_groesse-xl","pa_groesse-xs","pa_groesse-xxl","pa_hersteller-hakro"],"_links":{"self":[{"href":"https:\/\/arbeitskleidung.de\/shop\/wp-json\/wp\/v2\/product\/110095"}],"collection":[{"href":"https:\/\/arbeitskleidung.de\/shop\/wp-json\/wp\/v2\/product"}],"about":[{"href":"https:\/\/arbeitskleidung.de\/shop\/wp-json\/wp\/v2\/types\/product"}],"replies":[{"embeddable":true,"href":"https:\/\/arbeitskleidung.de\/shop\/wp-json\/wp\/v2\/comments?post=110095"}],"wp:featuredmedia":[{"embeddable":true,"href":"https:\/\/arbeitskleidung.de\/shop\/wp-json\/wp\/v2\/media\/95632"}],"wp:attachment":[{"href":"https:\/\/arbeitskleidung.de\/shop\/wp-json\/wp\/v2\/media?parent=110095"}],"wp:term":[{"taxonomy":"product_cat","embeddable":true,"href":"https:\/\/arbeitskleidung.de\/shop\/wp-json\/wp\/v2\/product_cat?post=110095"},{"taxonomy":"product_tag","embeddable":true,"href":"https:\/\/arbeitskleidung.de\/shop\/wp-json\/wp\/v2\/product_tag?post=110095"}],"curies":[{"name":"wp","href":"https:\/\/api.w.org\/{rel}","templated":true}]}}