{"id":110236,"date":"2026-02-12T11:27:55","date_gmt":"2026-02-12T09:27:55","guid":{"rendered":"https:\/\/arbeitskleidung.de\/shop\/produkt\/hakro-women-t-shirt-classic"},"modified":"2026-02-12T11:28:01","modified_gmt":"2026-02-12T09:28:01","slug":"hakro-women-t-shirt-classic","status":"publish","type":"product","link":"https:\/\/arbeitskleidung.de\/shop\/produkt\/hakro-women-t-shirt-classic","title":{"rendered":"HAKRO Women T-Shirt CLASSIC"},"content":{"rendered":"<p><strong>HAKRO Women T-Shirt CLASSIC<\/strong><br \/>\nKlassisches T-Shirt f\u00fcr Damen mit feminin geschnittenem,<br \/>\nrundem Halsausschnitt, modisch schmalem B\u00fcndchen<br \/>\nund Nackenband.<br \/>\nHergestellt aus feinem, mittelschwerem Single-Jersey<br \/>\naus langstapeliger, gek\u00e4mmter und ringgesponnener Baumwolle.<br \/>\nGewebtes HAKRO-Necklabel aus hochwertigem Kettsatin<br \/>\nmit weichen, ultraschallgeschnittenen Bandkanten f\u00fcr<br \/>\nh\u00f6chsten Tragekomfort und gewebtes HAKRO-Flaglabel<br \/>\nan der linken Seitennaht.<\/p>\n<p>o Material: Single-Jersey aus 100 % Baumwolle<br \/>\no Gewicht: 160 g\/m2<br \/>\no Ausr\u00fcstung: einlaufvorbehandelt<br \/>\no Passform: Regular Fit<br \/>\no Zertifikate: OEKO-TEX\u00ae STANDARD 100<br \/>\no Waschtemperatur: max. 60 \u00b0C<\/p>\n","protected":false},"excerpt":{"rendered":"<p>HAKRO Women T-Shirt CLASSIC Klassisches T-Shirt f\u00fcr Damen mit feminin geschnittenem, rundem Halsausschnitt, modisch schmalem B\u00fcndchen und Nackenband. Hergestellt aus feinem, mittelschwerem Single-Jersey aus langstapeliger, gek\u00e4mmter und ringgesponnener Baumwolle. Gewebtes HAKRO-Necklabel aus hochwertigem Kettsatin mit weichen, ultraschallgeschnittenen Bandkanten f\u00fcr h\u00f6chsten Tragekomfort und gewebtes HAKRO-Flaglabel an der linken Seitennaht. o Material: Single-Jersey aus 100 % Baumwolle [&hellip;]<\/p>\n","protected":false},"featured_media":95637,"comment_status":"open","ping_status":"open","template":"","meta":[],"product_cat":[2809,3144,3145,3310,3309,823,2860,779,3132,1027,3143,3141,3289,3308],"product_tag":[2810,2857,3135,3146],"class_list":["post-110236","product","type-product","status-publish","has-post-thumbnail","hentry","product_cat-hakro-activewear","product_cat-kuechenkleidung-servicekleidung","product_cat-servicehosen-oberbekleidung","product_cat-t-shirt-sweatshirt","product_cat-oberbekleidung","product_cat-industrie-handwerk","product_cat-damen-t-shirt","product_cat-gastronomie-klinik","product_cat-klinikkleidung-praxiskleidung-pflegekleidung","product_cat-t-shirt-unterwaesche","product_cat-shirts-blusen","product_cat-hakro-activewear-gastronomie-klinik","product_cat-damenberufskleidung","product_cat-hakro-activewear-industrie-handwerk","product_tag-hakro","product_tag-t-shirt","product_tag-pflegekleidung","product_tag-kuechenkleidung","pa_farbe-malibu-blue","pa_farbe-marine","pa_farbe-petrol","pa_farbe-rot","pa_farbe-schwarz","pa_farbe-sonne","pa_farbe-tanne","pa_farbe-tinte","pa_farbe-titan","pa_farbe-weiss","pa_groesse-3-xl","pa_groesse-l","pa_groesse-m","pa_groesse-s","pa_groesse-xl","pa_groesse-xs","pa_groesse-xxl","pa_hersteller-hakro"],"_links":{"self":[{"href":"https:\/\/arbeitskleidung.de\/shop\/wp-json\/wp\/v2\/product\/110236"}],"collection":[{"href":"https:\/\/arbeitskleidung.de\/shop\/wp-json\/wp\/v2\/product"}],"about":[{"href":"https:\/\/arbeitskleidung.de\/shop\/wp-json\/wp\/v2\/types\/product"}],"replies":[{"embeddable":true,"href":"https:\/\/arbeitskleidung.de\/shop\/wp-json\/wp\/v2\/comments?post=110236"}],"wp:featuredmedia":[{"embeddable":true,"href":"https:\/\/arbeitskleidung.de\/shop\/wp-json\/wp\/v2\/media\/95637"}],"wp:attachment":[{"href":"https:\/\/arbeitskleidung.de\/shop\/wp-json\/wp\/v2\/media?parent=110236"}],"wp:term":[{"taxonomy":"product_cat","embeddable":true,"href":"https:\/\/arbeitskleidung.de\/shop\/wp-json\/wp\/v2\/product_cat?post=110236"},{"taxonomy":"product_tag","embeddable":true,"href":"https:\/\/arbeitskleidung.de\/shop\/wp-json\/wp\/v2\/product_tag?post=110236"}],"curies":[{"name":"wp","href":"https:\/\/api.w.org\/{rel}","templated":true}]}}