{"id":110314,"date":"2026-02-12T11:28:02","date_gmt":"2026-02-12T09:28:02","guid":{"rendered":"https:\/\/arbeitskleidung.de\/shop\/produkt\/hakro-t-shirt-classic"},"modified":"2026-02-12T11:28:14","modified_gmt":"2026-02-12T09:28:14","slug":"hakro-t-shirt-classic","status":"publish","type":"product","link":"https:\/\/arbeitskleidung.de\/shop\/produkt\/hakro-t-shirt-classic","title":{"rendered":"HAKRO T-Shirt CLASSIC"},"content":{"rendered":"<p><strong>HAKRO T-Shirt CLASSIC<\/strong><br \/>\nKlassisches T-Shirt mit rundem Halsausschnitt,<br \/>\nLYCRA\u00ae-verst\u00e4rktem B\u00fcndchen und Nackenband.<br \/>\nHergestellt aus feinem, mittelschwerem Single-Jersey<br \/>\naus langstapeliger, gek\u00e4mmter und ringgesponnener Baumwolle.<br \/>\nGewebtes HAKRO-Necklabel aus hochwertigem Kettsatin<br \/>\nmit weichen, ultraschallgeschnittenen Bandkanten<br \/>\nf\u00fcr h\u00f6chsten Tragekomfort und gewebtes HAKRO-Flaglabel<br \/>\nan der linken Seitennaht.<\/p>\n<p>o Material: Single-Jersey aus 100 % Baumwolle<br \/>\n(ash meliert: 98 % Baumwolle und 2 % Viskose; grau meliert:<br \/>\n85 % Baumwolle und 15 % Viskose)<br \/>\no Gewicht: 160 g\/m2<br \/>\no Ausr\u00fcstung: einlaufvorbehandelt<br \/>\no Passform: Comfort Fit<br \/>\no Zertifikate: OEKO-TEX\u00ae STANDARD 100<br \/>\no Waschtemperatur: max. 60 \u00b0C<\/p>\n","protected":false},"excerpt":{"rendered":"<p>HAKRO T-Shirt CLASSIC Klassisches T-Shirt mit rundem Halsausschnitt, LYCRA\u00ae-verst\u00e4rktem B\u00fcndchen und Nackenband. Hergestellt aus feinem, mittelschwerem Single-Jersey aus langstapeliger, gek\u00e4mmter und ringgesponnener Baumwolle. Gewebtes HAKRO-Necklabel aus hochwertigem Kettsatin mit weichen, ultraschallgeschnittenen Bandkanten f\u00fcr h\u00f6chsten Tragekomfort und gewebtes HAKRO-Flaglabel an der linken Seitennaht. o Material: Single-Jersey aus 100 % Baumwolle (ash meliert: 98 % Baumwolle und [&hellip;]<\/p>\n","protected":false},"featured_media":95642,"comment_status":"open","ping_status":"open","template":"","meta":[],"product_cat":[3310,3144,3145,2835,3309,823,779,3132,3142,1027,3141,3308],"product_tag":[2810,2857,3135,3146],"class_list":["post-110314","product","type-product","status-publish","has-post-thumbnail","hentry","product_cat-t-shirt-sweatshirt","product_cat-kuechenkleidung-servicekleidung","product_cat-servicehosen-oberbekleidung","product_cat-herren-t-shirt-polos","product_cat-oberbekleidung","product_cat-industrie-handwerk","product_cat-gastronomie-klinik","product_cat-klinikkleidung-praxiskleidung-pflegekleidung","product_cat-herrenoberbekleidung","product_cat-t-shirt-unterwaesche","product_cat-hakro-activewear-gastronomie-klinik","product_cat-hakro-activewear-industrie-handwerk","product_tag-hakro","product_tag-t-shirt","product_tag-pflegekleidung","product_tag-kuechenkleidung","pa_farbe-anthrazit","pa_farbe-ash-meliert","pa_farbe-aubergine","pa_farbe-chocolate","pa_farbe-graphit","pa_farbe-grau-meliert","pa_farbe-ice-blue","pa_farbe-kelly-green","pa_farbe-malibu-blue","pa_farbe-marine","pa_farbe-orange","pa_farbe-rot","pa_farbe-royal","pa_farbe-sand","pa_farbe-schwarz","pa_farbe-smaragd","pa_farbe-sonne","pa_farbe-tanne","pa_farbe-tinte","pa_farbe-titan","pa_farbe-weinrot","pa_farbe-weiss","pa_groesse-3-xl","pa_groesse-l","pa_groesse-m","pa_groesse-s","pa_groesse-xl","pa_groesse-xs","pa_groesse-xxl","pa_hersteller-hakro"],"_links":{"self":[{"href":"https:\/\/arbeitskleidung.de\/shop\/wp-json\/wp\/v2\/product\/110314"}],"collection":[{"href":"https:\/\/arbeitskleidung.de\/shop\/wp-json\/wp\/v2\/product"}],"about":[{"href":"https:\/\/arbeitskleidung.de\/shop\/wp-json\/wp\/v2\/types\/product"}],"replies":[{"embeddable":true,"href":"https:\/\/arbeitskleidung.de\/shop\/wp-json\/wp\/v2\/comments?post=110314"}],"wp:featuredmedia":[{"embeddable":true,"href":"https:\/\/arbeitskleidung.de\/shop\/wp-json\/wp\/v2\/media\/95642"}],"wp:attachment":[{"href":"https:\/\/arbeitskleidung.de\/shop\/wp-json\/wp\/v2\/media?parent=110314"}],"wp:term":[{"taxonomy":"product_cat","embeddable":true,"href":"https:\/\/arbeitskleidung.de\/shop\/wp-json\/wp\/v2\/product_cat?post=110314"},{"taxonomy":"product_tag","embeddable":true,"href":"https:\/\/arbeitskleidung.de\/shop\/wp-json\/wp\/v2\/product_tag?post=110314"}],"curies":[{"name":"wp","href":"https:\/\/api.w.org\/{rel}","templated":true}]}}