{"id":111466,"date":"2023-01-31T09:04:41","date_gmt":"2023-01-31T07:04:41","guid":{"rendered":"https:\/\/arbeitskleidung.de\/shop\/produkt\/bierbaum-proenen-bundhose-2"},"modified":"2023-01-31T09:04:52","modified_gmt":"2023-01-31T07:04:52","slug":"bierbaum-proenen-bundhose-2","status":"publish","type":"product","link":"https:\/\/arbeitskleidung.de\/shop\/produkt\/bierbaum-proenen-bundhose-2","title":{"rendered":"Bierbaum-Proenen Bundhose"},"content":{"rendered":"<p><strong>Bierbaum-Proenen Bundhose<\/strong><br \/>\nMischgewebe 245 g\/m\u00b2<br \/>\nreflektierende 3 M- Paspel<br \/>\nGummizug im R\u00fccken,<br \/>\nBundfalten,<br \/>\n2 Seitentaschen,<br \/>\n1 mit Patte verschlie\u00dfbare Ges\u00e4\u00dftasche,<br \/>\n1 mit Patte verschlie\u00dfbare<br \/>\nSchenkeltasche,<br \/>\nSchlitzrei\u00dfverschluss,<\/p>\n<p>Material :<br \/>\n65 % Polyester \/ 35 % Baumwolle<\/p>\n","protected":false},"excerpt":{"rendered":"<p>Bierbaum-Proenen Bundhose Mischgewebe 245 g\/m\u00b2 reflektierende 3 M- Paspel Gummizug im R\u00fccken, Bundfalten, 2 Seitentaschen, 1 mit Patte verschlie\u00dfbare Ges\u00e4\u00dftasche, 1 mit Patte verschlie\u00dfbare Schenkeltasche, Schlitzrei\u00dfverschluss, Material : 65 % Polyester \/ 35 % Baumwolle<\/p>\n","protected":false},"featured_media":91471,"comment_status":"open","ping_status":"open","template":"","meta":[],"product_cat":[3452,823,3440],"product_tag":[3199,3258,3175],"class_list":["post-111466","product","type-product","status-publish","has-post-thumbnail","hentry","product_cat-berufskleidung-workwear-einfarbig","product_cat-industrie-handwerk","product_cat-bierbaum-proenen-kollektion","product_tag-bundhose","product_tag-berufskleidung","product_tag-bierbaum-proenen","pa_farbe-dunkelblau","pa_farbe-dunkelgrau","pa_farbe-koenigsblau","pa_farbe-mittelgruen","pa_farbe-rot","pa_farbe-weiss","pa_groesse-2878","pa_groesse-2891","pa_groesse-2939","pa_groesse-3011","pa_groesse-3012","pa_groesse-3013","pa_groesse-3014","pa_groesse-3015","pa_groesse-3016","pa_groesse-3017","pa_groesse-3018","pa_hersteller-bierbaum-proenen"],"_links":{"self":[{"href":"https:\/\/arbeitskleidung.de\/shop\/wp-json\/wp\/v2\/product\/111466"}],"collection":[{"href":"https:\/\/arbeitskleidung.de\/shop\/wp-json\/wp\/v2\/product"}],"about":[{"href":"https:\/\/arbeitskleidung.de\/shop\/wp-json\/wp\/v2\/types\/product"}],"replies":[{"embeddable":true,"href":"https:\/\/arbeitskleidung.de\/shop\/wp-json\/wp\/v2\/comments?post=111466"}],"wp:featuredmedia":[{"embeddable":true,"href":"https:\/\/arbeitskleidung.de\/shop\/wp-json\/wp\/v2\/media\/91471"}],"wp:attachment":[{"href":"https:\/\/arbeitskleidung.de\/shop\/wp-json\/wp\/v2\/media?parent=111466"}],"wp:term":[{"taxonomy":"product_cat","embeddable":true,"href":"https:\/\/arbeitskleidung.de\/shop\/wp-json\/wp\/v2\/product_cat?post=111466"},{"taxonomy":"product_tag","embeddable":true,"href":"https:\/\/arbeitskleidung.de\/shop\/wp-json\/wp\/v2\/product_tag?post=111466"}],"curies":[{"name":"wp","href":"https:\/\/api.w.org\/{rel}","templated":true}]}}