{"id":111533,"date":"2023-01-31T09:04:54","date_gmt":"2023-01-31T07:04:54","guid":{"rendered":"https:\/\/arbeitskleidung.de\/shop\/produkt\/bierbaum-proenen-latzhose"},"modified":"2023-01-31T09:05:09","modified_gmt":"2023-01-31T07:05:09","slug":"bierbaum-proenen-latzhose","status":"publish","type":"product","link":"https:\/\/arbeitskleidung.de\/shop\/produkt\/bierbaum-proenen-latzhose","title":{"rendered":"Bierbaum-Proenen Latzhose"},"content":{"rendered":"<p><strong>Bierbaum-Proenen Latzhose<\/strong><br \/>\nMischgewebe 245 g\/m\u00b2<br \/>\nreflektierende 3 M- Paspel,<br \/>\nStretchtr\u00e4ger mit Kunststoff- Klemmschnallen,<br \/>\nLatztasche mit Patte verschlie\u00dfbar,<br \/>\n2 Stifttaschen,<br \/>\nseitliche Stretch- Eins\u00e4tze,<br \/>\n2 Seitentaschen,<br \/>\n1 verschlie\u00dfbare Ges\u00e4\u00dftasche,<br \/>\nSchenkeltasche mit Patte verschlie\u00dfbar,<br \/>\nhochgezogener R\u00fccken,<br \/>\nMaterial :<br \/>\n65 % Polyester \/ 35 % Baumwolle<\/p>\n","protected":false},"excerpt":{"rendered":"<p>Bierbaum-Proenen Latzhose Mischgewebe 245 g\/m\u00b2 reflektierende 3 M- Paspel, Stretchtr\u00e4ger mit Kunststoff- Klemmschnallen, Latztasche mit Patte verschlie\u00dfbar, 2 Stifttaschen, seitliche Stretch- Eins\u00e4tze, 2 Seitentaschen, 1 verschlie\u00dfbare Ges\u00e4\u00dftasche, Schenkeltasche mit Patte verschlie\u00dfbar, hochgezogener R\u00fccken, Material : 65 % Polyester \/ 35 % Baumwolle<\/p>\n","protected":false},"featured_media":91539,"comment_status":"open","ping_status":"open","template":"","meta":[],"product_cat":[3452,823,3440],"product_tag":[3258,3259,3175],"class_list":["post-111533","product","type-product","status-publish","has-post-thumbnail","hentry","product_cat-berufskleidung-workwear-einfarbig","product_cat-industrie-handwerk","product_cat-bierbaum-proenen-kollektion","product_tag-berufskleidung","product_tag-latzhose","product_tag-bierbaum-proenen","pa_farbe-dunkelblau","pa_farbe-dunkelgrau","pa_farbe-koenigsblau","pa_farbe-mittelgruen","pa_farbe-rot","pa_farbe-weiss","pa_groesse-2878","pa_groesse-2891","pa_groesse-2939","pa_groesse-3011","pa_groesse-3012","pa_groesse-3013","pa_groesse-3014","pa_groesse-3015","pa_groesse-3016","pa_groesse-3017","pa_groesse-3018","pa_hersteller-bierbaum-proenen"],"_links":{"self":[{"href":"https:\/\/arbeitskleidung.de\/shop\/wp-json\/wp\/v2\/product\/111533"}],"collection":[{"href":"https:\/\/arbeitskleidung.de\/shop\/wp-json\/wp\/v2\/product"}],"about":[{"href":"https:\/\/arbeitskleidung.de\/shop\/wp-json\/wp\/v2\/types\/product"}],"replies":[{"embeddable":true,"href":"https:\/\/arbeitskleidung.de\/shop\/wp-json\/wp\/v2\/comments?post=111533"}],"wp:featuredmedia":[{"embeddable":true,"href":"https:\/\/arbeitskleidung.de\/shop\/wp-json\/wp\/v2\/media\/91539"}],"wp:attachment":[{"href":"https:\/\/arbeitskleidung.de\/shop\/wp-json\/wp\/v2\/media?parent=111533"}],"wp:term":[{"taxonomy":"product_cat","embeddable":true,"href":"https:\/\/arbeitskleidung.de\/shop\/wp-json\/wp\/v2\/product_cat?post=111533"},{"taxonomy":"product_tag","embeddable":true,"href":"https:\/\/arbeitskleidung.de\/shop\/wp-json\/wp\/v2\/product_tag?post=111533"}],"curies":[{"name":"wp","href":"https:\/\/api.w.org\/{rel}","templated":true}]}}