{"id":111752,"date":"2023-01-31T09:05:32","date_gmt":"2023-01-31T07:05:32","guid":{"rendered":"https:\/\/arbeitskleidung.de\/shop\/produkt\/bierbaum-proenen-latzhose-2"},"modified":"2023-01-31T09:05:52","modified_gmt":"2023-01-31T07:05:52","slug":"bierbaum-proenen-latzhose-2","status":"publish","type":"product","link":"https:\/\/arbeitskleidung.de\/shop\/produkt\/bierbaum-proenen-latzhose-2","title":{"rendered":"Bierbaum-Proenen Latzhose"},"content":{"rendered":"<p><strong>Bierbaum-Proenen Latzhose<\/strong><br \/>\nMischgewebe 300 g\/m\u00b2<br \/>\nStretchtr\u00e4ger mit Kunststoff-Steckschnallen,<br \/>\ndoppelte Latztasche, davon 1 mit verdecktem Rei\u00dfverschlu\u00df,<br \/>\nmit Stretchkeil,<br \/>\n2 Bleistifttaschen, 2 Seitentaschen, Ges\u00e4\u00dftasche<br \/>\nmit Patte verschlie\u00dfbar,<br \/>\n2 Schenkeltaschen, die rechte mit integrierter Zollstocktasche<br \/>\nund die linke mit integrierter Handy-Tasche, <\/p>\n<p>Knieverst\u00e4rkung aus Cordura\u00ae als Einschubtasche<br \/>\nf\u00fcr Kniepolster. <\/p>\n<p>Material:<br \/>\n60 % Baumwolle \/ 40 % Polyester<\/p>\n","protected":false},"excerpt":{"rendered":"<p>Bierbaum-Proenen Latzhose Mischgewebe 300 g\/m\u00b2 Stretchtr\u00e4ger mit Kunststoff-Steckschnallen, doppelte Latztasche, davon 1 mit verdecktem Rei\u00dfverschlu\u00df, mit Stretchkeil, 2 Bleistifttaschen, 2 Seitentaschen, Ges\u00e4\u00dftasche mit Patte verschlie\u00dfbar, 2 Schenkeltaschen, die rechte mit integrierter Zollstocktasche und die linke mit integrierter Handy-Tasche, Knieverst\u00e4rkung aus Cordura\u00ae als Einschubtasche f\u00fcr Kniepolster. Material: 60 % Baumwolle \/ 40 % Polyester<\/p>\n","protected":false},"featured_media":91804,"comment_status":"open","ping_status":"open","template":"","meta":[],"product_cat":[823,3452,3440],"product_tag":[3175,3258,3259],"class_list":["post-111752","product","type-product","status-publish","has-post-thumbnail","hentry","product_cat-industrie-handwerk","product_cat-berufskleidung-workwear-einfarbig","product_cat-bierbaum-proenen-kollektion","product_tag-bierbaum-proenen","product_tag-berufskleidung","product_tag-latzhose","pa_farbe-dunkelblau","pa_farbe-koenigsblau","pa_farbe-mittelgruen","pa_farbe-sand","pa_farbe-schwarz","pa_farbe-weiss","pa_groesse-3091","pa_groesse-3092","pa_groesse-3093","pa_groesse-3094","pa_groesse-2878","pa_groesse-2891","pa_groesse-2939","pa_groesse-3011","pa_groesse-3012","pa_groesse-3013","pa_groesse-3014","pa_groesse-3015","pa_groesse-3016","pa_groesse-3017","pa_groesse-3018","pa_groesse-2986","pa_groesse-3089","pa_groesse-3090","pa_hersteller-bierbaum-proenen"],"_links":{"self":[{"href":"https:\/\/arbeitskleidung.de\/shop\/wp-json\/wp\/v2\/product\/111752"}],"collection":[{"href":"https:\/\/arbeitskleidung.de\/shop\/wp-json\/wp\/v2\/product"}],"about":[{"href":"https:\/\/arbeitskleidung.de\/shop\/wp-json\/wp\/v2\/types\/product"}],"replies":[{"embeddable":true,"href":"https:\/\/arbeitskleidung.de\/shop\/wp-json\/wp\/v2\/comments?post=111752"}],"wp:featuredmedia":[{"embeddable":true,"href":"https:\/\/arbeitskleidung.de\/shop\/wp-json\/wp\/v2\/media\/91804"}],"wp:attachment":[{"href":"https:\/\/arbeitskleidung.de\/shop\/wp-json\/wp\/v2\/media?parent=111752"}],"wp:term":[{"taxonomy":"product_cat","embeddable":true,"href":"https:\/\/arbeitskleidung.de\/shop\/wp-json\/wp\/v2\/product_cat?post=111752"},{"taxonomy":"product_tag","embeddable":true,"href":"https:\/\/arbeitskleidung.de\/shop\/wp-json\/wp\/v2\/product_tag?post=111752"}],"curies":[{"name":"wp","href":"https:\/\/api.w.org\/{rel}","templated":true}]}}