{"id":112288,"date":"2023-01-31T09:07:24","date_gmt":"2023-01-31T07:07:24","guid":{"rendered":"https:\/\/arbeitskleidung.de\/shop\/produkt\/bierbaum-proenen-latzhose-4"},"modified":"2023-01-31T09:07:46","modified_gmt":"2023-01-31T07:07:46","slug":"bierbaum-proenen-latzhose-4","status":"publish","type":"product","link":"https:\/\/arbeitskleidung.de\/shop\/produkt\/bierbaum-proenen-latzhose-4","title":{"rendered":"Bierbaum-Proenen Latzhose"},"content":{"rendered":"<p><strong>Bierbaum-Proenen Latzhose<\/strong><br \/>\n100 % Baumwolle 300 g\/m\u00b2<br \/>\nStofftr\u00e4ger mit Gummieinsatz,<br \/>\nKunststoff-Steckschnallen,<br \/>\ndoppelte Latztasche,<br \/>\ndavon 1 mit verdecktem Rei\u00dfverschluss,<br \/>\n1 Stifttasche,<br \/>\n2 Seitentaschen,<br \/>\n1 verschlie\u00dfbare Ges\u00e4\u00dftasche,<br \/>\n1 Zollstocktasche,<br \/>\nSchlitzrei\u00dfverschlu\u00df,<br \/>\nhochgezogener R\u00fccken,<br \/>\nverstellbare Bundweite,<\/p>\n","protected":false},"excerpt":{"rendered":"<p>Bierbaum-Proenen Latzhose 100 % Baumwolle 300 g\/m\u00b2 Stofftr\u00e4ger mit Gummieinsatz, Kunststoff-Steckschnallen, doppelte Latztasche, davon 1 mit verdecktem Rei\u00dfverschluss, 1 Stifttasche, 2 Seitentaschen, 1 verschlie\u00dfbare Ges\u00e4\u00dftasche, 1 Zollstocktasche, Schlitzrei\u00dfverschlu\u00df, hochgezogener R\u00fccken, verstellbare Bundweite,<\/p>\n","protected":false},"featured_media":92376,"comment_status":"open","ping_status":"open","template":"","meta":[],"product_cat":[3452,823,3440],"product_tag":[3258,3259,3175],"class_list":["post-112288","product","type-product","status-publish","has-post-thumbnail","hentry","product_cat-berufskleidung-workwear-einfarbig","product_cat-industrie-handwerk","product_cat-bierbaum-proenen-kollektion","product_tag-berufskleidung","product_tag-latzhose","product_tag-bierbaum-proenen","pa_farbe-dunkelblau","pa_farbe-koenigsblau","pa_farbe-mittelgruen","pa_farbe-rot","pa_farbe-sand","pa_farbe-weiss","pa_groesse-3091","pa_groesse-3092","pa_groesse-3093","pa_groesse-3094","pa_groesse-3235","pa_groesse-3200","pa_groesse-3236","pa_groesse-3201","pa_groesse-3237","pa_groesse-2878","pa_groesse-2891","pa_groesse-2939","pa_groesse-3011","pa_groesse-3012","pa_groesse-3013","pa_groesse-3014","pa_groesse-3015","pa_groesse-3016","pa_groesse-3017","pa_groesse-3018","pa_groesse-2986","pa_groesse-3089","pa_groesse-3090","pa_hersteller-bierbaum-proenen"],"_links":{"self":[{"href":"https:\/\/arbeitskleidung.de\/shop\/wp-json\/wp\/v2\/product\/112288"}],"collection":[{"href":"https:\/\/arbeitskleidung.de\/shop\/wp-json\/wp\/v2\/product"}],"about":[{"href":"https:\/\/arbeitskleidung.de\/shop\/wp-json\/wp\/v2\/types\/product"}],"replies":[{"embeddable":true,"href":"https:\/\/arbeitskleidung.de\/shop\/wp-json\/wp\/v2\/comments?post=112288"}],"wp:featuredmedia":[{"embeddable":true,"href":"https:\/\/arbeitskleidung.de\/shop\/wp-json\/wp\/v2\/media\/92376"}],"wp:attachment":[{"href":"https:\/\/arbeitskleidung.de\/shop\/wp-json\/wp\/v2\/media?parent=112288"}],"wp:term":[{"taxonomy":"product_cat","embeddable":true,"href":"https:\/\/arbeitskleidung.de\/shop\/wp-json\/wp\/v2\/product_cat?post=112288"},{"taxonomy":"product_tag","embeddable":true,"href":"https:\/\/arbeitskleidung.de\/shop\/wp-json\/wp\/v2\/product_tag?post=112288"}],"curies":[{"name":"wp","href":"https:\/\/api.w.org\/{rel}","templated":true}]}}