{"id":112427,"date":"2023-01-31T09:07:48","date_gmt":"2023-01-31T07:07:48","guid":{"rendered":"https:\/\/arbeitskleidung.de\/shop\/produkt\/bierbaum-proenen-bundhose-bperformance"},"modified":"2023-01-31T09:07:56","modified_gmt":"2023-01-31T07:07:56","slug":"bierbaum-proenen-bundhose-bperformance","status":"publish","type":"product","link":"https:\/\/arbeitskleidung.de\/shop\/produkt\/bierbaum-proenen-bundhose-bperformance","title":{"rendered":"Bierbaum-Proenen Bundhose BPerformance"},"content":{"rendered":"<p><strong>Bierbaum-Proenen Bundhose BPerformance<\/strong><br \/>\n65 % Polyester \/ 35 % Baumwolle<br \/>\nstrapazierf\u00e4higes Mischgewebe<br \/>\nDoppelter Bundknopf und r\u00fcckw\u00e4rtiger Dehnbund<br \/>\nf\u00fcr optimalen Sitz, ergonomischer Schnitt,<br \/>\nD-Ring zum Befestigen von Accessoires,<br \/>\n2 Seitentaschen mit<br \/>\n1 Geldtasche, 2 mit Patte<br \/>\nund Drucker verschlie\u00dfbare<br \/>\nGes\u00e4\u00dftaschen.<\/p>\n","protected":false},"excerpt":{"rendered":"<p>Bierbaum-Proenen Bundhose BPerformance 65 % Polyester \/ 35 % Baumwolle strapazierf\u00e4higes Mischgewebe Doppelter Bundknopf und r\u00fcckw\u00e4rtiger Dehnbund f\u00fcr optimalen Sitz, ergonomischer Schnitt, D-Ring zum Befestigen von Accessoires, 2 Seitentaschen mit 1 Geldtasche, 2 mit Patte und Drucker verschlie\u00dfbare Ges\u00e4\u00dftaschen.<\/p>\n","protected":false},"featured_media":92422,"comment_status":"open","ping_status":"open","template":"","meta":[],"product_cat":[823,3452,3440],"product_tag":[3175,3199,3258],"class_list":["post-112427","product","type-product","status-publish","has-post-thumbnail","hentry","product_cat-industrie-handwerk","product_cat-berufskleidung-workwear-einfarbig","product_cat-bierbaum-proenen-kollektion","product_tag-bierbaum-proenen","product_tag-bundhose","product_tag-berufskleidung","pa_farbe-dunkelgrau","pa_farbe-koenigsblau","pa_farbe-mittelgruen","pa_farbe-schwarz","pa_groesse-2878","pa_groesse-2891","pa_groesse-2939","pa_groesse-3011","pa_groesse-3012","pa_groesse-3013","pa_groesse-3014","pa_groesse-3015","pa_groesse-3016","pa_groesse-3017","pa_groesse-3018","pa_hersteller-bierbaum-proenen"],"_links":{"self":[{"href":"https:\/\/arbeitskleidung.de\/shop\/wp-json\/wp\/v2\/product\/112427"}],"collection":[{"href":"https:\/\/arbeitskleidung.de\/shop\/wp-json\/wp\/v2\/product"}],"about":[{"href":"https:\/\/arbeitskleidung.de\/shop\/wp-json\/wp\/v2\/types\/product"}],"replies":[{"embeddable":true,"href":"https:\/\/arbeitskleidung.de\/shop\/wp-json\/wp\/v2\/comments?post=112427"}],"wp:featuredmedia":[{"embeddable":true,"href":"https:\/\/arbeitskleidung.de\/shop\/wp-json\/wp\/v2\/media\/92422"}],"wp:attachment":[{"href":"https:\/\/arbeitskleidung.de\/shop\/wp-json\/wp\/v2\/media?parent=112427"}],"wp:term":[{"taxonomy":"product_cat","embeddable":true,"href":"https:\/\/arbeitskleidung.de\/shop\/wp-json\/wp\/v2\/product_cat?post=112427"},{"taxonomy":"product_tag","embeddable":true,"href":"https:\/\/arbeitskleidung.de\/shop\/wp-json\/wp\/v2\/product_tag?post=112427"}],"curies":[{"name":"wp","href":"https:\/\/api.w.org\/{rel}","templated":true}]}}