{"id":112497,"date":"2023-01-31T09:12:45","date_gmt":"2023-01-31T07:12:45","guid":{"rendered":"https:\/\/arbeitskleidung.de\/shop\/produkt\/bierbaum-proenen-blouson-zweifarbig"},"modified":"2023-01-31T09:12:55","modified_gmt":"2023-01-31T07:12:55","slug":"bierbaum-proenen-blouson-zweifarbig","status":"publish","type":"product","link":"https:\/\/arbeitskleidung.de\/shop\/produkt\/bierbaum-proenen-blouson-zweifarbig","title":{"rendered":"Bierbaum-Proenen Blouson zweifarbig"},"content":{"rendered":"<p><strong>Bierbaum-Proenen Blouson zweifarbig<\/strong><br \/>\nMischgewebe 300 g\/m\u00b2<br \/>\nVerdeckte Druckknopfleiste,<br \/>\n2 verschlie\u00dfbare Brusttaschen,<br \/>\ndavon 1 mit integrierter Handy-Tasche<br \/>\nund 1 mit integrierter Stifttasche,<br \/>\n2 Seitentaschen, 1 verschlie\u00dfbare<br \/>\nInnentasche, verstellbare \u00c4rmelb\u00fcndchen,<br \/>\nGolffalten im R\u00fccken,<br \/>\nDruckkn\u00f6pfe innen zum Befestigen<br \/>\neines Steppfutters (bitte separat bestellen)<br \/>\nMaterial:<br \/>\n60 % Baumwolle \/ 40 % Polyester<\/p>\n","protected":false},"excerpt":{"rendered":"<p>Bierbaum-Proenen Blouson zweifarbig Mischgewebe 300 g\/m\u00b2 Verdeckte Druckknopfleiste, 2 verschlie\u00dfbare Brusttaschen, davon 1 mit integrierter Handy-Tasche und 1 mit integrierter Stifttasche, 2 Seitentaschen, 1 verschlie\u00dfbare Innentasche, verstellbare \u00c4rmelb\u00fcndchen, Golffalten im R\u00fccken, Druckkn\u00f6pfe innen zum Befestigen eines Steppfutters (bitte separat bestellen) Material: 60 % Baumwolle \/ 40 % Polyester<\/p>\n","protected":false},"featured_media":103816,"comment_status":"open","ping_status":"open","template":"","meta":[],"product_cat":[3441,823,3440],"product_tag":[3175,3392],"class_list":["post-112497","product","type-product","status-publish","has-post-thumbnail","hentry","product_cat-berufsbekleidung-mehrfarbig","product_cat-industrie-handwerk","product_cat-bierbaum-proenen-kollektion","product_tag-bierbaum-proenen","product_tag-berufsbekleidung","pa_farbe-dunkelblau-koenigsblau","pa_farbe-dunkelgrau-dunkelblau","pa_farbe-dunkelgrau-rot","pa_farbe-hellgrau-koenigsblau","pa_farbe-koenigsblau-dunkelblau","pa_farbe-koenigsblau-rot","pa_groesse-3450","pa_groesse-3451","pa_groesse-3442","pa_groesse-3443","pa_groesse-3444","pa_groesse-3445","pa_groesse-3446","pa_groesse-3447","pa_groesse-3448","pa_groesse-3449","pa_hersteller-bierbaum-proenen"],"_links":{"self":[{"href":"https:\/\/arbeitskleidung.de\/shop\/wp-json\/wp\/v2\/product\/112497"}],"collection":[{"href":"https:\/\/arbeitskleidung.de\/shop\/wp-json\/wp\/v2\/product"}],"about":[{"href":"https:\/\/arbeitskleidung.de\/shop\/wp-json\/wp\/v2\/types\/product"}],"replies":[{"embeddable":true,"href":"https:\/\/arbeitskleidung.de\/shop\/wp-json\/wp\/v2\/comments?post=112497"}],"wp:featuredmedia":[{"embeddable":true,"href":"https:\/\/arbeitskleidung.de\/shop\/wp-json\/wp\/v2\/media\/103816"}],"wp:attachment":[{"href":"https:\/\/arbeitskleidung.de\/shop\/wp-json\/wp\/v2\/media?parent=112497"}],"wp:term":[{"taxonomy":"product_cat","embeddable":true,"href":"https:\/\/arbeitskleidung.de\/shop\/wp-json\/wp\/v2\/product_cat?post=112497"},{"taxonomy":"product_tag","embeddable":true,"href":"https:\/\/arbeitskleidung.de\/shop\/wp-json\/wp\/v2\/product_tag?post=112497"}],"curies":[{"name":"wp","href":"https:\/\/api.w.org\/{rel}","templated":true}]}}