{"id":112558,"date":"2023-01-31T09:12:57","date_gmt":"2023-01-31T07:12:57","guid":{"rendered":"https:\/\/arbeitskleidung.de\/shop\/produkt\/bierbaum-proenen-bundhose-zweifarbig"},"modified":"2023-01-31T09:13:15","modified_gmt":"2023-01-31T07:13:15","slug":"bierbaum-proenen-bundhose-zweifarbig","status":"publish","type":"product","link":"https:\/\/arbeitskleidung.de\/shop\/produkt\/bierbaum-proenen-bundhose-zweifarbig","title":{"rendered":"Bierbaum-Proenen Bundhose zweifarbig"},"content":{"rendered":"<p><strong>Bierbaum-Proenen Bundhose zweifarbig<\/strong><br \/>\nMischgewebe 300 g\/m\u00b2<br \/>\nJeansform mit Sattel, G\u00fcrtelschlaufen,<br \/>\nD-Ring, 2 seitliche Einschubtaschen,<br \/>\n2 verschlie\u00dfbare Schenkeltaschen,<br \/>\ndavon 1 mit aufgesetzter Handy-Tasche<br \/>\nund 1 mit integrierter Zollstocktasche,<br \/>\nKnietaschen aus Grundware,<br \/>\n2 verschlie\u00dfbare Ges\u00e4\u00dftaschen (Halbtresor).<br \/>\nMaterial:<br \/>\n60 % Baumwolle \/ 40 % Polyester<\/p>\n","protected":false},"excerpt":{"rendered":"<p>Bierbaum-Proenen Bundhose zweifarbig Mischgewebe 300 g\/m\u00b2 Jeansform mit Sattel, G\u00fcrtelschlaufen, D-Ring, 2 seitliche Einschubtaschen, 2 verschlie\u00dfbare Schenkeltaschen, davon 1 mit aufgesetzter Handy-Tasche und 1 mit integrierter Zollstocktasche, Knietaschen aus Grundware, 2 verschlie\u00dfbare Ges\u00e4\u00dftaschen (Halbtresor). Material: 60 % Baumwolle \/ 40 % Polyester<\/p>\n","protected":false},"featured_media":103926,"comment_status":"open","ping_status":"open","template":"","meta":[],"product_cat":[3441,823,3440],"product_tag":[3175,3199,3392],"class_list":["post-112558","product","type-product","status-publish","has-post-thumbnail","hentry","product_cat-berufsbekleidung-mehrfarbig","product_cat-industrie-handwerk","product_cat-bierbaum-proenen-kollektion","product_tag-bierbaum-proenen","product_tag-bundhose","product_tag-berufsbekleidung","pa_farbe-dunkelblau-koenigsblau","pa_farbe-dunkelgrau-dunkelblau","pa_farbe-dunkelgrau-rot","pa_farbe-hellgrau-koenigsblau","pa_farbe-koenigsblau-dunkelblau","pa_farbe-koenigsblau-rot","pa_groesse-3091","pa_groesse-3092","pa_groesse-3093","pa_groesse-3094","pa_groesse-2878","pa_groesse-2891","pa_groesse-2939","pa_groesse-3011","pa_groesse-3012","pa_groesse-3013","pa_groesse-3014","pa_groesse-3015","pa_groesse-3016","pa_groesse-3017","pa_groesse-3018","pa_groesse-2986","pa_groesse-3089","pa_groesse-3090","pa_hersteller-bierbaum-proenen"],"_links":{"self":[{"href":"https:\/\/arbeitskleidung.de\/shop\/wp-json\/wp\/v2\/product\/112558"}],"collection":[{"href":"https:\/\/arbeitskleidung.de\/shop\/wp-json\/wp\/v2\/product"}],"about":[{"href":"https:\/\/arbeitskleidung.de\/shop\/wp-json\/wp\/v2\/types\/product"}],"replies":[{"embeddable":true,"href":"https:\/\/arbeitskleidung.de\/shop\/wp-json\/wp\/v2\/comments?post=112558"}],"wp:featuredmedia":[{"embeddable":true,"href":"https:\/\/arbeitskleidung.de\/shop\/wp-json\/wp\/v2\/media\/103926"}],"wp:attachment":[{"href":"https:\/\/arbeitskleidung.de\/shop\/wp-json\/wp\/v2\/media?parent=112558"}],"wp:term":[{"taxonomy":"product_cat","embeddable":true,"href":"https:\/\/arbeitskleidung.de\/shop\/wp-json\/wp\/v2\/product_cat?post=112558"},{"taxonomy":"product_tag","embeddable":true,"href":"https:\/\/arbeitskleidung.de\/shop\/wp-json\/wp\/v2\/product_tag?post=112558"}],"curies":[{"name":"wp","href":"https:\/\/api.w.org\/{rel}","templated":true}]}}