{"id":112667,"date":"2023-01-31T09:13:17","date_gmt":"2023-01-31T07:13:17","guid":{"rendered":"https:\/\/arbeitskleidung.de\/shop\/produkt\/bierbaum-proenen-latzhose-zweifarbig"},"modified":"2023-01-31T09:13:36","modified_gmt":"2023-01-31T07:13:36","slug":"bierbaum-proenen-latzhose-zweifarbig","status":"publish","type":"product","link":"https:\/\/arbeitskleidung.de\/shop\/produkt\/bierbaum-proenen-latzhose-zweifarbig","title":{"rendered":"Bierbaum-Proenen Latzhose zweifarbig"},"content":{"rendered":"<p><strong>Bierbaum-Proenen Latzhose zweifarbig<\/strong><br \/>\nMischgewebe 300 g\/m\u00b2<br \/>\nStretchtr\u00e4ger, doppelte Latztasche,<br \/>\nD-Ring, 2 Stifttaschen,<br \/>\nSchlitzrei\u00dfverschluss,<br \/>\n2 seitliche Einschubtaschen,<br \/>\nregulierbare Bundweite durch verstellbaren<br \/>\nStretchkeil BP Flex,<br \/>\n2 verschlie\u00dfbare Schenkeltaschen,<br \/>\ndavon 1 mit aufgesetzter Handy-Tasche und<br \/>\n1 mit integrierter Zollstocktasche,<br \/>\nKnietaschen aus Grundware,<br \/>\n1 verschlie\u00dfbare Ges\u00e4\u00dftasche (Halbtresor)<br \/>\nMaterial:<br \/>\n60 % Baumwolle \/ 40 % Polyester<\/p>\n","protected":false},"excerpt":{"rendered":"<p>Bierbaum-Proenen Latzhose zweifarbig Mischgewebe 300 g\/m\u00b2 Stretchtr\u00e4ger, doppelte Latztasche, D-Ring, 2 Stifttaschen, Schlitzrei\u00dfverschluss, 2 seitliche Einschubtaschen, regulierbare Bundweite durch verstellbaren Stretchkeil BP Flex, 2 verschlie\u00dfbare Schenkeltaschen, davon 1 mit aufgesetzter Handy-Tasche und 1 mit integrierter Zollstocktasche, Knietaschen aus Grundware, 1 verschlie\u00dfbare Ges\u00e4\u00dftasche (Halbtresor) Material: 60 % Baumwolle \/ 40 % Polyester<\/p>\n","protected":false},"featured_media":104036,"comment_status":"open","ping_status":"open","template":"","meta":[],"product_cat":[3441,823,3440],"product_tag":[3259,3392,3175],"class_list":["post-112667","product","type-product","status-publish","has-post-thumbnail","hentry","product_cat-berufsbekleidung-mehrfarbig","product_cat-industrie-handwerk","product_cat-bierbaum-proenen-kollektion","product_tag-latzhose","product_tag-berufsbekleidung","product_tag-bierbaum-proenen","pa_farbe-dunkelblau-koenigsblau","pa_farbe-dunkelgrau-dunkelblau","pa_farbe-dunkelgrau-rot","pa_farbe-hellgrau-koenigsblau","pa_farbe-koenigsblau-dunkelblau","pa_farbe-koenigsblau-rot","pa_groesse-3091","pa_groesse-3092","pa_groesse-3093","pa_groesse-3094","pa_groesse-2878","pa_groesse-2891","pa_groesse-2939","pa_groesse-3011","pa_groesse-3012","pa_groesse-3013","pa_groesse-3014","pa_groesse-3015","pa_groesse-3016","pa_groesse-3017","pa_groesse-3018","pa_groesse-2986","pa_groesse-3089","pa_groesse-3090","pa_hersteller-bierbaum-proenen"],"_links":{"self":[{"href":"https:\/\/arbeitskleidung.de\/shop\/wp-json\/wp\/v2\/product\/112667"}],"collection":[{"href":"https:\/\/arbeitskleidung.de\/shop\/wp-json\/wp\/v2\/product"}],"about":[{"href":"https:\/\/arbeitskleidung.de\/shop\/wp-json\/wp\/v2\/types\/product"}],"replies":[{"embeddable":true,"href":"https:\/\/arbeitskleidung.de\/shop\/wp-json\/wp\/v2\/comments?post=112667"}],"wp:featuredmedia":[{"embeddable":true,"href":"https:\/\/arbeitskleidung.de\/shop\/wp-json\/wp\/v2\/media\/104036"}],"wp:attachment":[{"href":"https:\/\/arbeitskleidung.de\/shop\/wp-json\/wp\/v2\/media?parent=112667"}],"wp:term":[{"taxonomy":"product_cat","embeddable":true,"href":"https:\/\/arbeitskleidung.de\/shop\/wp-json\/wp\/v2\/product_cat?post=112667"},{"taxonomy":"product_tag","embeddable":true,"href":"https:\/\/arbeitskleidung.de\/shop\/wp-json\/wp\/v2\/product_tag?post=112667"}],"curies":[{"name":"wp","href":"https:\/\/api.w.org\/{rel}","templated":true}]}}