{"id":112776,"date":"2023-01-31T12:09:11","date_gmt":"2023-01-31T10:09:11","guid":{"rendered":"https:\/\/arbeitskleidung.de\/shop\/produkt\/bierbaum-proenen-unikasack"},"modified":"2023-01-31T12:09:13","modified_gmt":"2023-01-31T10:09:13","slug":"bierbaum-proenen-unikasack","status":"publish","type":"product","link":"https:\/\/arbeitskleidung.de\/shop\/produkt\/bierbaum-proenen-unikasack","title":{"rendered":"Bierbaum-Proenen Unikasack"},"content":{"rendered":"<p><strong>Bierbaum-Proenen Unikasack<\/strong><br \/>\n1\/2 Arm,<br \/>\nKuvert-Ausschnitt mit Druckknopf,<br \/>\n1 Brusttasche, 2 Seitentaschen,<br \/>\nSeitenschlitze.<br \/>\nInnen baumwollweich, au\u00dfen glatt und wiederstandsf\u00e4hig<\/p>\n<p>Mischgewebe<br \/>\n50 % Baumwolle \/ 50 % Polyester<br \/>\nca. 215g\/m\u00b2<br \/>\n\u00d6ko-Tex Standard 100<br \/>\nIndustriew\u00e4sche-geeignet<br \/>\nL\u00e4nge: 78 cm<\/p>\n<p>Gr\u00f6\u00dfen: XS-S-M-L-XL-XXL-XXXL<\/p>\n","protected":false},"excerpt":{"rendered":"<p>Bierbaum-Proenen Unikasack 1\/2 Arm, Kuvert-Ausschnitt mit Druckknopf, 1 Brusttasche, 2 Seitentaschen, Seitenschlitze. Innen baumwollweich, au\u00dfen glatt und wiederstandsf\u00e4hig Mischgewebe 50 % Baumwolle \/ 50 % Polyester ca. 215g\/m\u00b2 \u00d6ko-Tex Standard 100 Industriew\u00e4sche-geeignet L\u00e4nge: 78 cm Gr\u00f6\u00dfen: XS-S-M-L-XL-XXL-XXXL<\/p>\n","protected":false},"featured_media":87193,"comment_status":"open","ping_status":"open","template":"","meta":[],"product_cat":[779,3137,3132],"product_tag":[3135,3175],"class_list":["post-112776","product","type-product","status-publish","has-post-thumbnail","hentry","product_cat-gastronomie-klinik","product_cat-damenkasacks","product_cat-klinikkleidung-praxiskleidung-pflegekleidung","product_tag-pflegekleidung","product_tag-bierbaum-proenen","pa_groesse-l","pa_groesse-m","pa_groesse-s","pa_groesse-xl","pa_groesse-xs","pa_groesse-xxl","pa_groesse-xxxl","pa_hersteller-bierbaum-proenen"],"_links":{"self":[{"href":"https:\/\/arbeitskleidung.de\/shop\/wp-json\/wp\/v2\/product\/112776"}],"collection":[{"href":"https:\/\/arbeitskleidung.de\/shop\/wp-json\/wp\/v2\/product"}],"about":[{"href":"https:\/\/arbeitskleidung.de\/shop\/wp-json\/wp\/v2\/types\/product"}],"replies":[{"embeddable":true,"href":"https:\/\/arbeitskleidung.de\/shop\/wp-json\/wp\/v2\/comments?post=112776"}],"wp:featuredmedia":[{"embeddable":true,"href":"https:\/\/arbeitskleidung.de\/shop\/wp-json\/wp\/v2\/media\/87193"}],"wp:attachment":[{"href":"https:\/\/arbeitskleidung.de\/shop\/wp-json\/wp\/v2\/media?parent=112776"}],"wp:term":[{"taxonomy":"product_cat","embeddable":true,"href":"https:\/\/arbeitskleidung.de\/shop\/wp-json\/wp\/v2\/product_cat?post=112776"},{"taxonomy":"product_tag","embeddable":true,"href":"https:\/\/arbeitskleidung.de\/shop\/wp-json\/wp\/v2\/product_tag?post=112776"}],"curies":[{"name":"wp","href":"https:\/\/api.w.org\/{rel}","templated":true}]}}