{"id":112792,"date":"2023-01-31T12:09:18","date_gmt":"2023-01-31T10:09:18","guid":{"rendered":"https:\/\/arbeitskleidung.de\/shop\/produkt\/bierbaum-proenen-damenkasack"},"modified":"2023-01-31T12:09:21","modified_gmt":"2023-01-31T10:09:21","slug":"bierbaum-proenen-damenkasack","status":"publish","type":"product","link":"https:\/\/arbeitskleidung.de\/shop\/produkt\/bierbaum-proenen-damenkasack","title":{"rendered":"Bierbaum-Proenen Damenkasack"},"content":{"rendered":"<p><strong>Bierbaum-Proenen Damenkasack<\/strong><br \/>\n1\/2 Arm, gebogener V-Ausschnitt,<br \/>\nDruckknopfverschluss,<br \/>\n2 Seitentaschen davon 1 mit Piepertasche<br \/>\n215 g\/m\u00b2 Mischgewebe<br \/>\n50 % Baumwolle \/ 50 % Polyester<br \/>\nComfortec, fgurbetont,<br \/>\nIndustriew\u00e4sche-geeignet nach ISO 15797<br \/>\n\u00d6ko-Tex Standard 100<br \/>\nInnen baumwollweich,<br \/>\nau\u00dfen glatt und wiederstandsf\u00e4hig<br \/>\nL\u00e4nge: 85 cm<\/p>\n<p>Gr\u00f6\u00dfen: 32-34-36-38-40-42-44-46-48-50-52-54-56-58<\/p>\n","protected":false},"excerpt":{"rendered":"<p>Bierbaum-Proenen Damenkasack 1\/2 Arm, gebogener V-Ausschnitt, Druckknopfverschluss, 2 Seitentaschen davon 1 mit Piepertasche 215 g\/m\u00b2 Mischgewebe 50 % Baumwolle \/ 50 % Polyester Comfortec, fgurbetont, Industriew\u00e4sche-geeignet nach ISO 15797 \u00d6ko-Tex Standard 100 Innen baumwollweich, au\u00dfen glatt und wiederstandsf\u00e4hig L\u00e4nge: 85 cm Gr\u00f6\u00dfen: 32-34-36-38-40-42-44-46-48-50-52-54-56-58<\/p>\n","protected":false},"featured_media":51843,"comment_status":"open","ping_status":"open","template":"","meta":[],"product_cat":[3137,779,3132],"product_tag":[3175,3135],"class_list":["post-112792","product","type-product","status-publish","has-post-thumbnail","hentry","product_cat-damenkasacks","product_cat-gastronomie-klinik","product_cat-klinikkleidung-praxiskleidung-pflegekleidung","product_tag-bierbaum-proenen","product_tag-pflegekleidung","pa_groesse-3163","pa_groesse-3069","pa_groesse-2874","pa_groesse-2875","pa_groesse-2876","pa_groesse-2877","pa_groesse-2878","pa_groesse-2891","pa_groesse-2939","pa_groesse-3011","pa_groesse-3012","pa_groesse-3013","pa_groesse-3014","pa_groesse-3015","pa_hersteller-bierbaum-proenen"],"_links":{"self":[{"href":"https:\/\/arbeitskleidung.de\/shop\/wp-json\/wp\/v2\/product\/112792"}],"collection":[{"href":"https:\/\/arbeitskleidung.de\/shop\/wp-json\/wp\/v2\/product"}],"about":[{"href":"https:\/\/arbeitskleidung.de\/shop\/wp-json\/wp\/v2\/types\/product"}],"replies":[{"embeddable":true,"href":"https:\/\/arbeitskleidung.de\/shop\/wp-json\/wp\/v2\/comments?post=112792"}],"wp:featuredmedia":[{"embeddable":true,"href":"https:\/\/arbeitskleidung.de\/shop\/wp-json\/wp\/v2\/media\/51843"}],"wp:attachment":[{"href":"https:\/\/arbeitskleidung.de\/shop\/wp-json\/wp\/v2\/media?parent=112792"}],"wp:term":[{"taxonomy":"product_cat","embeddable":true,"href":"https:\/\/arbeitskleidung.de\/shop\/wp-json\/wp\/v2\/product_cat?post=112792"},{"taxonomy":"product_tag","embeddable":true,"href":"https:\/\/arbeitskleidung.de\/shop\/wp-json\/wp\/v2\/product_tag?post=112792"}],"curies":[{"name":"wp","href":"https:\/\/api.w.org\/{rel}","templated":true}]}}