{"id":112942,"date":"2022-01-14T11:02:38","date_gmt":"2022-01-14T09:02:38","guid":{"rendered":"https:\/\/arbeitskleidung.de\/shop\/produkt\/bierbaum-proenen-kochjacke-1-2-arm"},"modified":"2022-01-14T11:02:39","modified_gmt":"2022-01-14T09:02:39","slug":"bierbaum-proenen-kochjacke-1-2-arm","status":"publish","type":"product","link":"https:\/\/arbeitskleidung.de\/shop\/produkt\/bierbaum-proenen-kochjacke-1-2-arm","title":{"rendered":"Bierbaum-Proenen Kochjacke 1\/2 Arm"},"content":{"rendered":"<p><strong>Bierbaum-Proenen Kochjacke 1\/2 Arm<\/strong><br \/>\n100 % Baumwolle<br \/>\n1\/2-Arm, Stehkragen,<br \/>\n1 Brusttasche<br \/>\ndoppelte Schlitzlochreihe.<br \/>\nf\u00fcr sechs Paar Kugelkn\u00f6pfe <\/p>\n<p>(Kugelkn\u00f6pfe bitte separat bestellen) <\/p>\n<p> Gr\u00f6\u00dfen: XS \/ S \/ M \/ L \/ XL \/ XXL<\/p>\n","protected":false},"excerpt":{"rendered":"<p>Bierbaum-Proenen Kochjacke 1\/2 Arm 100 % Baumwolle 1\/2-Arm, Stehkragen, 1 Brusttasche doppelte Schlitzlochreihe. f\u00fcr sechs Paar Kugelkn\u00f6pfe (Kugelkn\u00f6pfe bitte separat bestellen) Gr\u00f6\u00dfen: XS \/ S \/ M \/ L \/ XL \/ XXL<\/p>\n","protected":false},"featured_media":86888,"comment_status":"open","ping_status":"open","template":"","meta":[],"product_cat":[779,3701],"product_tag":[3168,3175],"class_list":["post-112942","product","type-product","status-publish","has-post-thumbnail","hentry","product_cat-gastronomie-klinik","product_cat-sonderangebote-gastronomie-klinik","product_tag-kochjacke","product_tag-bierbaum-proenen","pa_groesse-l","pa_groesse-m","pa_groesse-s","pa_groesse-xl","pa_groesse-xs","pa_groesse-xxl","pa_hersteller-bierbaum-proenen"],"_links":{"self":[{"href":"https:\/\/arbeitskleidung.de\/shop\/wp-json\/wp\/v2\/product\/112942"}],"collection":[{"href":"https:\/\/arbeitskleidung.de\/shop\/wp-json\/wp\/v2\/product"}],"about":[{"href":"https:\/\/arbeitskleidung.de\/shop\/wp-json\/wp\/v2\/types\/product"}],"replies":[{"embeddable":true,"href":"https:\/\/arbeitskleidung.de\/shop\/wp-json\/wp\/v2\/comments?post=112942"}],"wp:featuredmedia":[{"embeddable":true,"href":"https:\/\/arbeitskleidung.de\/shop\/wp-json\/wp\/v2\/media\/86888"}],"wp:attachment":[{"href":"https:\/\/arbeitskleidung.de\/shop\/wp-json\/wp\/v2\/media?parent=112942"}],"wp:term":[{"taxonomy":"product_cat","embeddable":true,"href":"https:\/\/arbeitskleidung.de\/shop\/wp-json\/wp\/v2\/product_cat?post=112942"},{"taxonomy":"product_tag","embeddable":true,"href":"https:\/\/arbeitskleidung.de\/shop\/wp-json\/wp\/v2\/product_tag?post=112942"}],"curies":[{"name":"wp","href":"https:\/\/api.w.org\/{rel}","templated":true}]}}